{"id":227450,"date":"2026-04-15T14:54:44","date_gmt":"2026-04-15T12:54:44","guid":{"rendered":"https:\/\/lediamant.ch\/?post_type=product&#038;p=227450"},"modified":"2026-04-15T15:31:31","modified_gmt":"2026-04-15T13:31:31","slug":"collier-amore-3-rangs-avec-drop-or-jaune-750-18-ct-perles-eau-douce","status":"publish","type":"product","link":"https:\/\/lediamant.ch\/de\/schmuck\/227450-3-reihige-amore-halskette-mit-drop-aus-750\/18-kt-gelbgold-mit-suswasserperlen\/","title":{"rendered":"3-reihige Amore-Halskette mit Drop aus 750\/18 kt Gelbgold mit S\u00fc\u00dfwasserperlen"},"content":{"rendered":"<p>Diese wundersch\u00f6ne dreireihige Halskette ist mit einem abnehmbaren Perlenanh\u00e4nger versehen und bietet Ihnen eine unvergleichliche Vielseitigkeit! Tragen Sie die Halskette mit oder ohne Anh\u00e4nger f\u00fcr zwei verschiedene Looks in einem. Der Anh\u00e4nger kann auch mit anderen Ketten oder Creolen kombiniert werden, was Ihnen unendlich viele Stylingm\u00f6glichkeiten bietet.<\/p>\n","protected":false},"excerpt":{"rendered":"<p>Diese wundersch\u00f6ne dreireihige Halskette ist mit einem abnehmbaren Perlenanh\u00e4nger versehen und bietet Ihnen eine unvergleichliche Vielseitigkeit! Tragen Sie die Halskette mit oder ohne Anh\u00e4nger f\u00fcr zwei verschiedene Looks in einem. Der Anh\u00e4nger kann auch mit anderen Ketten oder Creolen kombiniert werden, was Ihnen unendlich viele Stylingm\u00f6glichkeiten bietet.<\/p>\n","protected":false},"featured_media":227454,"template":"","meta":{"_acf_changed":false,"_seopress_robots_primary_cat":"27225","_seopress_titles_title":"","_seopress_titles_desc":"","_seopress_robots_index":""},"brand":[42515],"product_brand":[],"product_cat":[27179,27225,27121],"product_tag":[],"class_list":{"0":"post-227450","1":"product","2":"type-product","3":"status-publish","4":"has-post-thumbnail","6":"brand-pearl-jewellery","7":"product_cat-colliers-de","8":"product_cat-halsketten-mit-perlen","9":"product_cat-schmuck","10":"pa_genre-frau","11":"pa_matiere-75018ktgelbgold","12":"pa_perles-suesswasser","13":"sales-flash-overlay","14":"woocommerce-text-align-center","15":"woocommerce-image-align-center","16":"do-quantity-buttons","18":"first","19":"instock","20":"taxable","21":"shipping-taxable","22":"purchasable","23":"product-type-simple"},"acf":[],"_links":{"self":[{"href":"https:\/\/lediamant.ch\/de\/wp-json\/wp\/v2\/product\/227450","targetHints":{"allow":["GET"]}}],"collection":[{"href":"https:\/\/lediamant.ch\/de\/wp-json\/wp\/v2\/product"}],"about":[{"href":"https:\/\/lediamant.ch\/de\/wp-json\/wp\/v2\/types\/product"}],"wp:featuredmedia":[{"embeddable":true,"href":"https:\/\/lediamant.ch\/de\/wp-json\/wp\/v2\/media\/227454"}],"wp:attachment":[{"href":"https:\/\/lediamant.ch\/de\/wp-json\/wp\/v2\/media?parent=227450"}],"wp:term":[{"taxonomy":"brand","embeddable":true,"href":"https:\/\/lediamant.ch\/de\/wp-json\/wp\/v2\/brand?post=227450"},{"taxonomy":"product_brand","embeddable":true,"href":"https:\/\/lediamant.ch\/de\/wp-json\/wp\/v2\/product_brand?post=227450"},{"taxonomy":"product_cat","embeddable":true,"href":"https:\/\/lediamant.ch\/de\/wp-json\/wp\/v2\/product_cat?post=227450"},{"taxonomy":"product_tag","embeddable":true,"href":"https:\/\/lediamant.ch\/de\/wp-json\/wp\/v2\/product_tag?post=227450"}],"curies":[{"name":"wp","href":"https:\/\/api.w.org\/{rel}","templated":true}]}}