{"id":227461,"date":"2026-04-15T15:53:55","date_gmt":"2026-04-15T13:53:55","guid":{"rendered":"https:\/\/lediamant.ch\/?post_type=product&#038;p=227461"},"modified":"2026-04-15T16:18:52","modified_gmt":"2026-04-15T14:18:52","slug":"collier-or-jaune-750-18-ct-avec-1-perle-eau-douce","status":"publish","type":"product","link":"https:\/\/lediamant.ch\/de\/schmuck\/227461-halskette-aus-gelbgold-750-18-kt-mit-1-suswasserperle-fwcolliergg\/","title":{"rendered":"Halskette aus Gelbgold 750\/18 kt. mit 1 S\u00fc\u00dfwasserperle"},"content":{"rendered":"<p>Diese klassische Halskette f\u00fcr den Alltag hat eine zarte Perle, die Ihr Dekollet\u00e9 zum Leuchten bringt.<\/p>\n","protected":false},"excerpt":{"rendered":"<p>Diese klassische Halskette f\u00fcr den Alltag hat eine zarte Perle, die Ihr Dekollet\u00e9 zum Leuchten bringt.<\/p>\n","protected":false},"featured_media":227509,"template":"","meta":{"_acf_changed":false,"_seopress_robots_primary_cat":"27225","_seopress_titles_title":"","_seopress_titles_desc":"","_seopress_robots_index":""},"brand":[42515],"product_brand":[],"product_cat":[27179,27225,27121],"product_tag":[],"class_list":{"0":"post-227461","1":"product","2":"type-product","3":"status-publish","4":"has-post-thumbnail","6":"brand-pearl-jewellery","7":"product_cat-colliers-de","8":"product_cat-halsketten-mit-perlen","9":"product_cat-schmuck","10":"pa_genre-frau","11":"pa_longueurdechaine-42cm-de","12":"pa_matiere-75018ktgelbgold","13":"pa_perles-suesswasser","14":"sales-flash-overlay","15":"woocommerce-text-align-center","16":"woocommerce-image-align-center","17":"do-quantity-buttons","19":"first","20":"instock","21":"taxable","22":"shipping-taxable","23":"purchasable","24":"product-type-simple"},"acf":[],"_links":{"self":[{"href":"https:\/\/lediamant.ch\/de\/wp-json\/wp\/v2\/product\/227461","targetHints":{"allow":["GET"]}}],"collection":[{"href":"https:\/\/lediamant.ch\/de\/wp-json\/wp\/v2\/product"}],"about":[{"href":"https:\/\/lediamant.ch\/de\/wp-json\/wp\/v2\/types\/product"}],"wp:featuredmedia":[{"embeddable":true,"href":"https:\/\/lediamant.ch\/de\/wp-json\/wp\/v2\/media\/227509"}],"wp:attachment":[{"href":"https:\/\/lediamant.ch\/de\/wp-json\/wp\/v2\/media?parent=227461"}],"wp:term":[{"taxonomy":"brand","embeddable":true,"href":"https:\/\/lediamant.ch\/de\/wp-json\/wp\/v2\/brand?post=227461"},{"taxonomy":"product_brand","embeddable":true,"href":"https:\/\/lediamant.ch\/de\/wp-json\/wp\/v2\/product_brand?post=227461"},{"taxonomy":"product_cat","embeddable":true,"href":"https:\/\/lediamant.ch\/de\/wp-json\/wp\/v2\/product_cat?post=227461"},{"taxonomy":"product_tag","embeddable":true,"href":"https:\/\/lediamant.ch\/de\/wp-json\/wp\/v2\/product_tag?post=227461"}],"curies":[{"name":"wp","href":"https:\/\/api.w.org\/{rel}","templated":true}]}}