{"id":227470,"date":"2026-04-15T16:19:20","date_gmt":"2026-04-15T14:19:20","guid":{"rendered":"https:\/\/lediamant.ch\/?post_type=product&#038;p=227470"},"modified":"2026-04-15T16:29:36","modified_gmt":"2026-04-15T14:29:36","slug":"bracelet-filo-di-luna-or-jaune-750-18-ct-avec-2-perles-eau-douce","status":"publish","type":"product","link":"https:\/\/lediamant.ch\/de\/schmuck\/227470-armband-filo-di-luna-gelbgold-750-18-kt-mit-2-suswasserperlen-bradilunagg\/","title":{"rendered":"Armband Filo Di Luna Gelbgold 750\/18 kt. mit 2 S\u00fc\u00dfwasserperlen"},"content":{"rendered":"<p>Das Filo di Luna Armband ist ein wundersch\u00f6nes Schmuckst\u00fcck, das f\u00fcr sein zartes und elegantes Design bekannt ist. Das Goldarmband ist flexibel und zart und eignet sich perfekt f\u00fcr den Alltag, um Ihrem Outfit einen Hauch von Raffinesse zu verleihen.<\/p>\n<p>&#8222;Filo di Luna&#8220; bedeutet auf Italienisch &#8222;Mondfaden&#8220;, was die anmutige und leuchtende Qualit\u00e4t dieses Armbandes perfekt beschreibt.<\/p>\n","protected":false},"excerpt":{"rendered":"<p>Das Filo di Luna Armband ist ein wundersch\u00f6nes Schmuckst\u00fcck, das f\u00fcr sein zartes und elegantes Design bekannt ist. Das Goldarmband ist flexibel und zart und eignet sich perfekt f\u00fcr den Alltag, um Ihrem Outfit einen Hauch von Raffinesse zu verleihen. &#8222;Filo di Luna&#8220; bedeutet auf Italienisch &#8222;Mondfaden&#8220;, was die anmutige und leuchtende Qualit\u00e4t dieses Armbandes &#8230; <a title=\"Armband Filo Di Luna Gelbgold 750\/18 kt. mit 2 S\u00fc\u00dfwasserperlen\" class=\"read-more\" href=\"https:\/\/lediamant.ch\/de\/schmuck\/227470-armband-filo-di-luna-gelbgold-750-18-kt-mit-2-suswasserperlen-bradilunagg\/\" aria-label=\"Mehr Informationen \u00fcber Armband Filo Di Luna Gelbgold 750\/18 kt. mit 2 S\u00fc\u00dfwasserperlen\">Weiterlesen &#8230;<\/a><\/p>\n","protected":false},"featured_media":227474,"template":"","meta":{"_acf_changed":false,"_seopress_robots_primary_cat":"27239","_seopress_titles_title":"","_seopress_titles_desc":"","_seopress_robots_index":""},"brand":[42515],"product_brand":[],"product_cat":[27175,27239,27319,27121],"product_tag":[],"class_list":{"0":"post-227470","1":"product","2":"type-product","3":"status-publish","4":"has-post-thumbnail","6":"brand-pearl-jewellery","7":"product_cat-armschmuck","8":"product_cat-goldarmbander","9":"product_cat-perlenarmbander","10":"product_cat-schmuck","11":"pa_genre-frau","12":"pa_matiere-75018ktgelbgold","13":"pa_perles-suesswasser","14":"sales-flash-overlay","15":"woocommerce-text-align-center","16":"woocommerce-image-align-center","17":"do-quantity-buttons","19":"first","20":"instock","21":"taxable","22":"shipping-taxable","23":"purchasable","24":"product-type-simple"},"acf":[],"_links":{"self":[{"href":"https:\/\/lediamant.ch\/de\/wp-json\/wp\/v2\/product\/227470","targetHints":{"allow":["GET"]}}],"collection":[{"href":"https:\/\/lediamant.ch\/de\/wp-json\/wp\/v2\/product"}],"about":[{"href":"https:\/\/lediamant.ch\/de\/wp-json\/wp\/v2\/types\/product"}],"wp:featuredmedia":[{"embeddable":true,"href":"https:\/\/lediamant.ch\/de\/wp-json\/wp\/v2\/media\/227474"}],"wp:attachment":[{"href":"https:\/\/lediamant.ch\/de\/wp-json\/wp\/v2\/media?parent=227470"}],"wp:term":[{"taxonomy":"brand","embeddable":true,"href":"https:\/\/lediamant.ch\/de\/wp-json\/wp\/v2\/brand?post=227470"},{"taxonomy":"product_brand","embeddable":true,"href":"https:\/\/lediamant.ch\/de\/wp-json\/wp\/v2\/product_brand?post=227470"},{"taxonomy":"product_cat","embeddable":true,"href":"https:\/\/lediamant.ch\/de\/wp-json\/wp\/v2\/product_cat?post=227470"},{"taxonomy":"product_tag","embeddable":true,"href":"https:\/\/lediamant.ch\/de\/wp-json\/wp\/v2\/product_tag?post=227470"}],"curies":[{"name":"wp","href":"https:\/\/api.w.org\/{rel}","templated":true}]}}