{"id":227479,"date":"2026-04-15T16:30:27","date_gmt":"2026-04-15T14:30:27","guid":{"rendered":"https:\/\/lediamant.ch\/?post_type=product&#038;p=227479"},"modified":"2026-04-15T16:42:53","modified_gmt":"2026-04-15T14:42:53","slug":"pendants-doreilles-chaines-galaxy-avec-perles-eau-douce-or-jaune-750-18-ct","status":"publish","type":"product","link":"https:\/\/lediamant.ch\/de\/schmuck\/227479-galaxyketten-ohrhanger-mit-suswasserperlen-in-gelbgold-750\/18-kt-bogalaxygg\/","title":{"rendered":"Galaxyketten-Ohrh\u00e4nger mit S\u00fc\u00dfwasserperlen in Gelbgold 750\/18 kt."},"content":{"rendered":"<p>Betreten Sie eine Welt himmlischer Eleganz mit unseren bezaubernden Galaxy Long Ohrringen. Diese langen Perlenohrringe sind eine faszinierende Hommage an den Mond und seine fesselnden Lichtphasen.<\/p>\n<p>Diese Ohrringe sind vom himmlischen Tanz inspiriert und zeigen eine anmutige Anordnung von vier gl\u00e4nzenden Perlen, die sanft an einer Kette aus 18 Karat Gold aufgeh\u00e4ngt sind und eine Kaskade himmlischer Sch\u00f6nheit schaffen.<\/p>\n","protected":false},"excerpt":{"rendered":"<p>Betreten Sie eine Welt himmlischer Eleganz mit unseren bezaubernden Galaxy Long Ohrringen. Diese langen Perlenohrringe sind eine faszinierende Hommage an den Mond und seine fesselnden Lichtphasen. Diese Ohrringe sind vom himmlischen Tanz inspiriert und zeigen eine anmutige Anordnung von vier gl\u00e4nzenden Perlen, die sanft an einer Kette aus 18 Karat Gold aufgeh\u00e4ngt sind und eine &#8230; <a title=\"Galaxyketten-Ohrh\u00e4nger mit S\u00fc\u00dfwasserperlen in Gelbgold 750\/18 kt.\" class=\"read-more\" href=\"https:\/\/lediamant.ch\/de\/schmuck\/227479-galaxyketten-ohrhanger-mit-suswasserperlen-in-gelbgold-750\/18-kt-bogalaxygg\/\" aria-label=\"Mehr Informationen \u00fcber Galaxyketten-Ohrh\u00e4nger mit S\u00fc\u00dfwasserperlen in Gelbgold 750\/18 kt.\">Weiterlesen &#8230;<\/a><\/p>\n","protected":false},"featured_media":227483,"template":"","meta":{"_acf_changed":false,"_seopress_robots_primary_cat":"27199","_seopress_titles_title":"Chimento Armillas Acqua Ohrringe aus 18 Karat Gold. %%sep%% %%sitetitle%%.ch","_seopress_titles_desc":"Diese Ohrringe aus 18 Karat Gold sind vom Wasser inspiriert. streicheln sanft den K\u00f6rper, beleuchten mit Goldtropfen f\u00fcr ein au\u00dfergew\u00f6hnliches Lichtspiel.","_seopress_robots_index":""},"brand":[42515],"product_brand":[],"product_cat":[27251,27125,27199,27171,27121,27153],"product_tag":[],"class_list":{"0":"post-227479","1":"product","2":"type-product","3":"status-publish","4":"has-post-thumbnail","6":"brand-pearl-jewellery","7":"product_cat-auswahl-fuer-sie-de","8":"product_cat-geschenkideen","9":"product_cat-ohrhanger","10":"product_cat-ohrringe","11":"product_cat-schmuck","12":"product_cat-valentinstag-de","13":"pa_dimensions-7-cm","14":"pa_matiere-75018ktgelbgold","15":"pa_perles-suesswasser","16":"sales-flash-overlay","17":"woocommerce-text-align-center","18":"woocommerce-image-align-center","19":"do-quantity-buttons","21":"first","22":"instock","23":"taxable","24":"shipping-taxable","25":"purchasable","26":"product-type-simple"},"acf":[],"_links":{"self":[{"href":"https:\/\/lediamant.ch\/de\/wp-json\/wp\/v2\/product\/227479","targetHints":{"allow":["GET"]}}],"collection":[{"href":"https:\/\/lediamant.ch\/de\/wp-json\/wp\/v2\/product"}],"about":[{"href":"https:\/\/lediamant.ch\/de\/wp-json\/wp\/v2\/types\/product"}],"wp:featuredmedia":[{"embeddable":true,"href":"https:\/\/lediamant.ch\/de\/wp-json\/wp\/v2\/media\/227483"}],"wp:attachment":[{"href":"https:\/\/lediamant.ch\/de\/wp-json\/wp\/v2\/media?parent=227479"}],"wp:term":[{"taxonomy":"brand","embeddable":true,"href":"https:\/\/lediamant.ch\/de\/wp-json\/wp\/v2\/brand?post=227479"},{"taxonomy":"product_brand","embeddable":true,"href":"https:\/\/lediamant.ch\/de\/wp-json\/wp\/v2\/product_brand?post=227479"},{"taxonomy":"product_cat","embeddable":true,"href":"https:\/\/lediamant.ch\/de\/wp-json\/wp\/v2\/product_cat?post=227479"},{"taxonomy":"product_tag","embeddable":true,"href":"https:\/\/lediamant.ch\/de\/wp-json\/wp\/v2\/product_tag?post=227479"}],"curies":[{"name":"wp","href":"https:\/\/api.w.org\/{rel}","templated":true}]}}