{"id":227486,"date":"2026-04-15T16:51:30","date_gmt":"2026-04-15T14:51:30","guid":{"rendered":"https:\/\/lediamant.ch\/?post_type=product&#038;p=227486"},"modified":"2026-04-15T17:04:07","modified_gmt":"2026-04-15T15:04:07","slug":"boucles-doreilles-pendantes-or-jaune-750-18-ct-perle-de-culture-deau-douce-10mm","status":"publish","type":"product","link":"https:\/\/lediamant.ch\/de\/schmuck\/227486-hangeohrringe-gelbgold-750\/18-kt-suswasserzuchtperle-10mm-bofuw10\/yg\/","title":{"rendered":"H\u00e4ngeohrringe, Gelbgold 750\/18 kt. S\u00fc\u00dfwasserzuchtperle 10mm"},"content":{"rendered":"<p>Damenohrringe aus 750\/18 ct. Gelbgold mit S\u00fc\u00dfwasserzuchtperlen von 10 mm Durchmesser. Diese eleganten und zeitlosen Ohrh\u00e4nger sind perfekt, um jedes Outfit mit Feinheit und Raffinesse zu veredeln. Ein unumg\u00e4nglicher Klassiker unter den Damenschmuckst\u00fccken.<\/p>\n","protected":false},"excerpt":{"rendered":"<p>Damenohrringe aus 750\/18 ct. Gelbgold mit S\u00fc\u00dfwasserzuchtperlen von 10 mm Durchmesser. Diese eleganten und zeitlosen Ohrh\u00e4nger sind perfekt, um jedes Outfit mit Feinheit und Raffinesse zu veredeln. Ein unumg\u00e4nglicher Klassiker unter den Damenschmuckst\u00fccken.<\/p>\n","protected":false},"featured_media":227488,"template":"","meta":{"_acf_changed":false,"_seopress_robots_primary_cat":"27199","_seopress_titles_title":"H\u00e4ngende Ohrringe aus Wei\u00dfgold und Zuchtperlen","_seopress_titles_desc":"Strahlen Sie Raffinesse aus mit unseren Ohrringen aus 750\/18 Karat Wei\u00dfgold und Zuchtperlen. Eine erstklassige Wahl, wenn es um Eleganz und Qualit\u00e4t geht.","_seopress_robots_index":""},"brand":[42515],"product_brand":[],"product_cat":[27199,27171,27121],"product_tag":[],"class_list":{"0":"post-227486","1":"product","2":"type-product","3":"status-publish","4":"has-post-thumbnail","6":"brand-pearl-jewellery","7":"product_cat-ohrhanger","8":"product_cat-ohrringe","9":"product_cat-schmuck","10":"pa_genre-frau","11":"pa_matiere-75018ktgelbgold","12":"pa_perles-suesswasser","13":"sales-flash-overlay","14":"woocommerce-text-align-center","15":"woocommerce-image-align-center","16":"do-quantity-buttons","18":"first","19":"instock","20":"taxable","21":"shipping-taxable","22":"purchasable","23":"product-type-simple"},"acf":[],"_links":{"self":[{"href":"https:\/\/lediamant.ch\/de\/wp-json\/wp\/v2\/product\/227486","targetHints":{"allow":["GET"]}}],"collection":[{"href":"https:\/\/lediamant.ch\/de\/wp-json\/wp\/v2\/product"}],"about":[{"href":"https:\/\/lediamant.ch\/de\/wp-json\/wp\/v2\/types\/product"}],"wp:featuredmedia":[{"embeddable":true,"href":"https:\/\/lediamant.ch\/de\/wp-json\/wp\/v2\/media\/227488"}],"wp:attachment":[{"href":"https:\/\/lediamant.ch\/de\/wp-json\/wp\/v2\/media?parent=227486"}],"wp:term":[{"taxonomy":"brand","embeddable":true,"href":"https:\/\/lediamant.ch\/de\/wp-json\/wp\/v2\/brand?post=227486"},{"taxonomy":"product_brand","embeddable":true,"href":"https:\/\/lediamant.ch\/de\/wp-json\/wp\/v2\/product_brand?post=227486"},{"taxonomy":"product_cat","embeddable":true,"href":"https:\/\/lediamant.ch\/de\/wp-json\/wp\/v2\/product_cat?post=227486"},{"taxonomy":"product_tag","embeddable":true,"href":"https:\/\/lediamant.ch\/de\/wp-json\/wp\/v2\/product_tag?post=227486"}],"curies":[{"name":"wp","href":"https:\/\/api.w.org\/{rel}","templated":true}]}}