{"id":228123,"date":"2026-04-22T13:46:19","date_gmt":"2026-04-22T11:46:19","guid":{"rendered":"https:\/\/lediamant.ch\/produit\/unkategorisiert\/1975-quartz-chronograph-40mm\/"},"modified":"2026-04-29T16:39:23","modified_gmt":"2026-04-29T14:39:23","slug":"1975-quartz-chronograph-40mm","status":"publish","type":"product","link":"https:\/\/lediamant.ch\/de\/uhren\/228123-1975-quartz-chronograph-40mm-751038-ss002-330-1\/","title":{"rendered":"Maurice Lacroix 1975 Chronograph Quarz 40mm"},"content":{"rendered":"<p>Mit ihrem eleganten Stil und den klaren Proportionen verstr\u00f6mt die Kollektion 1975 eine Vintage-Atmosph\u00e4re und verspricht zeitlose Attraktivit\u00e4t. Die Kollektion 1975 ist schlicht, raffiniert und bietet einen hohen Wiedererkennungswert. Sie ist zwar neu, aber immer noch mit den bekannten Merkmalen von Maurice Lacroix versehen.<\/p>\n","protected":false},"excerpt":{"rendered":"<p>Mit ihrem eleganten Stil und den klaren Proportionen verstr\u00f6mt die Kollektion 1975 eine Vintage-Atmosph\u00e4re und verspricht zeitlose Attraktivit\u00e4t. Die Kollektion 1975 ist schlicht, raffiniert und bietet einen hohen Wiedererkennungswert. Sie ist zwar neu, aber immer noch mit den bekannten Merkmalen von Maurice Lacroix versehen.<\/p>\n","protected":false},"featured_media":228124,"template":"","meta":{"_acf_changed":false,"_seopress_robots_primary_cat":"27149","_seopress_titles_title":"","_seopress_titles_desc":"","_seopress_robots_index":""},"brand":[27103],"product_brand":[],"product_cat":[42009,27149,27123],"product_tag":[],"class_list":{"0":"post-228123","1":"product","2":"type-product","3":"status-publish","4":"has-post-thumbnail","6":"brand-mauricelacroix-de","7":"product_cat-1975-de","8":"product_cat-maurice-lacroix-de","9":"product_cat-uhren","10":"pa_couleurduboitier-grau-de","11":"pa_couleurdubracelet-grau-de","12":"pa_couleurducadran-schwarz","13":"pa_dimensions-o-40-mm","14":"pa_etancheite-100m-de","15":"pa_forme-runden","16":"pa_garantie-24monate","17":"pa_genre-mann","18":"pa_matiere-stahl","19":"pa_matierebraceletmontre-edelstahl","20":"pa_mouvement-quarzbatterie-de","21":"pa_swissmade-ja-de","22":"pa_typedemontre-chronograph-de","23":"pa_verre-saphir-de","24":"sales-flash-overlay","25":"woocommerce-text-align-center","26":"woocommerce-image-align-center","27":"do-quantity-buttons","29":"first","30":"instock","31":"taxable","32":"shipping-taxable","33":"purchasable","34":"product-type-simple"},"acf":[],"_links":{"self":[{"href":"https:\/\/lediamant.ch\/de\/wp-json\/wp\/v2\/product\/228123","targetHints":{"allow":["GET"]}}],"collection":[{"href":"https:\/\/lediamant.ch\/de\/wp-json\/wp\/v2\/product"}],"about":[{"href":"https:\/\/lediamant.ch\/de\/wp-json\/wp\/v2\/types\/product"}],"wp:featuredmedia":[{"embeddable":true,"href":"https:\/\/lediamant.ch\/de\/wp-json\/wp\/v2\/media\/228124"}],"wp:attachment":[{"href":"https:\/\/lediamant.ch\/de\/wp-json\/wp\/v2\/media?parent=228123"}],"wp:term":[{"taxonomy":"brand","embeddable":true,"href":"https:\/\/lediamant.ch\/de\/wp-json\/wp\/v2\/brand?post=228123"},{"taxonomy":"product_brand","embeddable":true,"href":"https:\/\/lediamant.ch\/de\/wp-json\/wp\/v2\/product_brand?post=228123"},{"taxonomy":"product_cat","embeddable":true,"href":"https:\/\/lediamant.ch\/de\/wp-json\/wp\/v2\/product_cat?post=228123"},{"taxonomy":"product_tag","embeddable":true,"href":"https:\/\/lediamant.ch\/de\/wp-json\/wp\/v2\/product_tag?post=228123"}],"curies":[{"name":"wp","href":"https:\/\/api.w.org\/{rel}","templated":true}]}}