{"id":228189,"date":"2026-04-22T14:37:02","date_gmt":"2026-04-22T12:37:02","guid":{"rendered":"https:\/\/lediamant.ch\/produit\/unkategorisiert\/x-wind-auto-chrono\/"},"modified":"2026-04-24T15:14:29","modified_gmt":"2026-04-24T13:14:29","slug":"x-wind-auto-chrono","status":"publish","type":"product","link":"https:\/\/lediamant.ch\/de\/uhren\/228189-hamilton-khaki-x-wind-auto-chrono-45mm-h77736733\/","title":{"rendered":"Hamilton Khaki X-Wind Auto Chrono 45mm"},"content":{"rendered":"<p>Innovativ, wagemutig und pr\u00e4zise. Drei Eigenschaften, die von Piloten gefordert werden und die bei Hamilton Standard sind. Die Khaki X-Wind ist die erste Uhr mit einem integrierten Driftwinkel-Rechner, der es Piloten erm\u00f6glicht, die Seitenwinde, die sie w\u00e4hrend ihres Fluges treffen werden, genau zu bestimmen. Mit ihrem technischen Look und einem automatischen Uhrwerk, das auch f\u00fcr Stadtflieger geeignet ist, wenn sie wieder auf der Erde landen, ist diese Uhr der perfekte Copilot f\u00fcr den Alltag. Dieses neue Modell hat ein 45 mm Geh\u00e4use, das durch eine schlichte schwarze PVD-Beschichtung \u00e4sthetisch aufgewertet wird.<\/p>\n","protected":false},"excerpt":{"rendered":"<p>Innovativ, wagemutig und pr\u00e4zise. Drei Eigenschaften, die von Piloten gefordert werden und die bei Hamilton Standard sind. Die Khaki X-Wind ist die erste Uhr mit einem integrierten Driftwinkel-Rechner, der es Piloten erm\u00f6glicht, die Seitenwinde, die sie w\u00e4hrend ihres Fluges treffen werden, genau zu bestimmen. Mit ihrem technischen Look und einem automatischen Uhrwerk, das auch f\u00fcr &#8230; <a title=\"Hamilton Khaki X-Wind Auto Chrono 45mm\" class=\"read-more\" href=\"https:\/\/lediamant.ch\/de\/uhren\/228189-hamilton-khaki-x-wind-auto-chrono-45mm-h77736733\/\" aria-label=\"Mehr Informationen \u00fcber Hamilton Khaki X-Wind Auto Chrono 45mm\">Weiterlesen &#8230;<\/a><\/p>\n","protected":false},"featured_media":228378,"template":"","meta":{"_acf_changed":false,"_seopress_robots_primary_cat":"27181","_seopress_titles_title":"","_seopress_titles_desc":"","_seopress_robots_index":""},"brand":[27085],"product_brand":[],"product_cat":[27181,27269,27123],"product_tag":[],"class_list":{"0":"post-228189","1":"product","2":"type-product","3":"status-publish","4":"has-post-thumbnail","6":"brand-hamilton-de","7":"product_cat-hamilton-de","8":"product_cat-khaki-aviation-de","9":"product_cat-uhren","10":"pa_couleurduboitier-schwarz-de","11":"pa_couleurdubracelet-schwarz-de","12":"pa_couleurducadran-schwarz","13":"pa_dimensions-o-45-mm","14":"pa_etancheite-100m-de","15":"pa_forme-runden","16":"pa_garantie-24monate","17":"pa_genre-mann","18":"pa_matiere-schwarzespvd","19":"pa_matierebraceletmontre-leder","20":"pa_modele-de-mouvement-h-21","21":"pa_mouvement-automatik-de","22":"pa_swissmade-ja-de","23":"pa_typedemontre-chronograph-de","24":"pa_verre-saphir-de","25":"sales-flash-overlay","26":"woocommerce-text-align-center","27":"woocommerce-image-align-center","28":"do-quantity-buttons","30":"first","31":"instock","32":"taxable","33":"shipping-taxable","34":"purchasable","35":"product-type-simple"},"acf":[],"_links":{"self":[{"href":"https:\/\/lediamant.ch\/de\/wp-json\/wp\/v2\/product\/228189","targetHints":{"allow":["GET"]}}],"collection":[{"href":"https:\/\/lediamant.ch\/de\/wp-json\/wp\/v2\/product"}],"about":[{"href":"https:\/\/lediamant.ch\/de\/wp-json\/wp\/v2\/types\/product"}],"wp:featuredmedia":[{"embeddable":true,"href":"https:\/\/lediamant.ch\/de\/wp-json\/wp\/v2\/media\/228378"}],"wp:attachment":[{"href":"https:\/\/lediamant.ch\/de\/wp-json\/wp\/v2\/media?parent=228189"}],"wp:term":[{"taxonomy":"brand","embeddable":true,"href":"https:\/\/lediamant.ch\/de\/wp-json\/wp\/v2\/brand?post=228189"},{"taxonomy":"product_brand","embeddable":true,"href":"https:\/\/lediamant.ch\/de\/wp-json\/wp\/v2\/product_brand?post=228189"},{"taxonomy":"product_cat","embeddable":true,"href":"https:\/\/lediamant.ch\/de\/wp-json\/wp\/v2\/product_cat?post=228189"},{"taxonomy":"product_tag","embeddable":true,"href":"https:\/\/lediamant.ch\/de\/wp-json\/wp\/v2\/product_tag?post=228189"}],"curies":[{"name":"wp","href":"https:\/\/api.w.org\/{rel}","templated":true}]}}