{"id":228243,"date":"2026-04-22T15:52:35","date_gmt":"2026-04-22T13:52:35","guid":{"rendered":"https:\/\/lediamant.ch\/produit\/unkategorisiert\/balmain-de-balmain-mini-29-mm\/"},"modified":"2026-05-13T16:50:26","modified_gmt":"2026-05-13T14:50:26","slug":"balmain-de-balmain-mini-29-mm","status":"publish","type":"product","link":"https:\/\/lediamant.ch\/de\/uhren\/228243-balmain-de-balmain-mini-29-mm-b39103372\/","title":{"rendered":"Balmain de Balmain Mini 29 mm"},"content":{"rendered":"<p>Die Balmain de Balmain Mini ist eine anspruchsvolle Damenuhr, die k\u00fchne Eleganz mit einem modernen Design verbindet, das von der Pariser Haute Couture inspiriert ist. Das hellgr\u00fcne Zifferblatt und die klassischen r\u00f6mischen Indizes sorgen f\u00fcr einen anmutigen Touch, w\u00e4hrend das 29 mm Edelstahlgeh\u00e4use und das schlanke 6 mm Profil in Kombination mit dem passenden Armband einen zeitlosen Stil f\u00fcr jeden Tag bieten. Dieser in der Schweiz hergestellte Zeitmesser ist mit einem Saphirglas ausgestattet.<\/p>\n","protected":false},"excerpt":{"rendered":"<p>Die Balmain de Balmain Mini ist eine anspruchsvolle Damenuhr, die k\u00fchne Eleganz mit einem modernen Design verbindet, das von der Pariser Haute Couture inspiriert ist. Das hellgr\u00fcne Zifferblatt und die klassischen r\u00f6mischen Indizes sorgen f\u00fcr einen anmutigen Touch, w\u00e4hrend das 29 mm Edelstahlgeh\u00e4use und das schlanke 6 mm Profil in Kombination mit dem passenden Armband &#8230; <a title=\"Balmain de Balmain Mini 29 mm\" class=\"read-more\" href=\"https:\/\/lediamant.ch\/de\/uhren\/228243-balmain-de-balmain-mini-29-mm-b39103372\/\" aria-label=\"Mehr Informationen \u00fcber Balmain de Balmain Mini 29 mm\">Weiterlesen &#8230;<\/a><\/p>\n","protected":false},"featured_media":229277,"template":"","meta":{"_acf_changed":false,"_seopress_robots_primary_cat":"27173","_seopress_titles_title":"","_seopress_titles_desc":"","_seopress_robots_index":""},"brand":[27083],"product_brand":[],"product_cat":[27173,27403,27123],"product_tag":[],"class_list":{"0":"post-228243","1":"product","2":"type-product","3":"status-publish","4":"has-post-thumbnail","6":"brand-balmain-de","7":"product_cat-balmain-de","8":"product_cat-balmain-de-balmain-de","9":"product_cat-uhren","10":"pa_couleurduboitier-gelb-de","11":"pa_couleurdubracelet-gelb-de","12":"pa_couleurducadran-perlmutt","13":"pa_dimensions-o-29-mm","14":"pa_etancheite-50m-de","15":"pa_forme-runden","16":"pa_garantie-24monate","17":"pa_genre-frau","18":"pa_matiere-gelbgoldpvd","19":"pa_matierebraceletmontre-edelstahl","20":"pa_mouvement-quarzbatterie-de","21":"pa_swissmade-ja-de","22":"pa_verre-saphir-de","23":"sales-flash-overlay","24":"woocommerce-text-align-center","25":"woocommerce-image-align-center","26":"do-quantity-buttons","28":"first","29":"instock","30":"taxable","31":"shipping-taxable","32":"purchasable","33":"product-type-simple"},"acf":[],"_links":{"self":[{"href":"https:\/\/lediamant.ch\/de\/wp-json\/wp\/v2\/product\/228243","targetHints":{"allow":["GET"]}}],"collection":[{"href":"https:\/\/lediamant.ch\/de\/wp-json\/wp\/v2\/product"}],"about":[{"href":"https:\/\/lediamant.ch\/de\/wp-json\/wp\/v2\/types\/product"}],"wp:featuredmedia":[{"embeddable":true,"href":"https:\/\/lediamant.ch\/de\/wp-json\/wp\/v2\/media\/229277"}],"wp:attachment":[{"href":"https:\/\/lediamant.ch\/de\/wp-json\/wp\/v2\/media?parent=228243"}],"wp:term":[{"taxonomy":"brand","embeddable":true,"href":"https:\/\/lediamant.ch\/de\/wp-json\/wp\/v2\/brand?post=228243"},{"taxonomy":"product_brand","embeddable":true,"href":"https:\/\/lediamant.ch\/de\/wp-json\/wp\/v2\/product_brand?post=228243"},{"taxonomy":"product_cat","embeddable":true,"href":"https:\/\/lediamant.ch\/de\/wp-json\/wp\/v2\/product_cat?post=228243"},{"taxonomy":"product_tag","embeddable":true,"href":"https:\/\/lediamant.ch\/de\/wp-json\/wp\/v2\/product_tag?post=228243"}],"curies":[{"name":"wp","href":"https:\/\/api.w.org\/{rel}","templated":true}]}}