{"id":228245,"date":"2026-04-22T15:55:24","date_gmt":"2026-04-22T13:55:24","guid":{"rendered":"https:\/\/lediamant.ch\/produit\/unkategorisiert\/be-balmain-33-mm\/"},"modified":"2026-05-13T17:10:12","modified_gmt":"2026-05-13T15:10:12","slug":"be-balmain-33-mm","status":"publish","type":"product","link":"https:\/\/lediamant.ch\/de\/uhren\/228245-balmain-be-balmain-33-mm-b45903332\/","title":{"rendered":"Balmain Be Balmain Moonphase 33 mm"},"content":{"rendered":"<p>Die Be Balmain ist eine raffinierte Damenuhr, die zarten Stil mit einem modernen, von der Pariser Haute Couture inspirierten Design verbindet. Ihr beiges Zifferblatt mit Mondphasenanzeige und den klassischen r\u00f6mischen Ziffern verleiht ihr einen Hauch von Sanftheit. Das 33 mm gro\u00dfe Geh\u00e4use aus goldfarbenem PVD mit einer eleganten H\u00f6he von 8,15 mm sorgt in Kombination mit einem Armband aus goldfarbenem PVD f\u00fcr einen Hauch von Raffinesse im Alltag. Dieser in der Schweiz gefertigte Zeitmesser ist mit einem Saphirglas ausgestattet.Die Be Balmain ist eine raffinierte Damenuhr, die zarten Stil mit einem modernen, von der Pariser Haute Couture inspirierten Design verbindet. Ihr beiges Zifferblatt mit Mondphasenanzeige und den klassischen r\u00f6mischen Ziffern verleiht ihr einen Hauch von Sanftheit. Das 33 mm gro\u00dfe Geh\u00e4use aus goldfarbenem PVD mit einer eleganten H\u00f6he von 8,15 mm sorgt in Kombination mit einem Armband aus goldfarbenem PVD f\u00fcr einen Hauch von Raffinesse im Alltag. Dieser in der Schweiz gefertigte Zeitmesser ist mit einem Saphirglas ausgestattet.<\/p>\n","protected":false},"excerpt":{"rendered":"<p>Die Be Balmain ist eine raffinierte Damenuhr, die zarten Stil mit einem modernen, von der Pariser Haute Couture inspirierten Design verbindet. Ihr beiges Zifferblatt mit Mondphasenanzeige und den klassischen r\u00f6mischen Ziffern verleiht ihr einen Hauch von Sanftheit. Das 33 mm gro\u00dfe Geh\u00e4use aus goldfarbenem PVD mit einer eleganten H\u00f6he von 8,15 mm sorgt in Kombination &#8230; <a title=\"Balmain Be Balmain Moonphase 33 mm\" class=\"read-more\" href=\"https:\/\/lediamant.ch\/de\/uhren\/228245-balmain-be-balmain-33-mm-b45903332\/\" aria-label=\"Mehr Informationen \u00fcber Balmain Be Balmain Moonphase 33 mm\">Weiterlesen &#8230;<\/a><\/p>\n","protected":false},"featured_media":229293,"template":"","meta":{"_acf_changed":false,"_seopress_robots_primary_cat":"27173","_seopress_titles_title":"","_seopress_titles_desc":"","_seopress_robots_index":""},"brand":[27083],"product_brand":[],"product_cat":[27173,27405,27123],"product_tag":[],"class_list":{"0":"post-228245","1":"product","2":"type-product","3":"status-publish","4":"has-post-thumbnail","6":"brand-balmain-de","7":"product_cat-balmain-de","8":"product_cat-be-balmain-de","9":"product_cat-uhren","10":"pa_couleurduboitier-gelb-de","11":"pa_couleurdubracelet-gelb-de","12":"pa_couleurducadran-beige-de","13":"pa_dimensions-o-33-mm","14":"pa_etancheite-50m-de","15":"pa_forme-runden","16":"pa_garantie-24monate","17":"pa_genre-frau","18":"pa_matiere-gelbgoldpvd","19":"pa_matierebraceletmontre-edelstahl","20":"pa_mouvement-quarzbatterie-de","21":"pa_swissmade-ja-de","22":"pa_typedemontre-uhrenmitmondanzeige","23":"pa_verre-saphir-de","24":"sales-flash-overlay","25":"woocommerce-text-align-center","26":"woocommerce-image-align-center","27":"do-quantity-buttons","29":"first","30":"instock","31":"taxable","32":"shipping-taxable","33":"purchasable","34":"product-type-simple"},"acf":[],"_links":{"self":[{"href":"https:\/\/lediamant.ch\/de\/wp-json\/wp\/v2\/product\/228245","targetHints":{"allow":["GET"]}}],"collection":[{"href":"https:\/\/lediamant.ch\/de\/wp-json\/wp\/v2\/product"}],"about":[{"href":"https:\/\/lediamant.ch\/de\/wp-json\/wp\/v2\/types\/product"}],"wp:featuredmedia":[{"embeddable":true,"href":"https:\/\/lediamant.ch\/de\/wp-json\/wp\/v2\/media\/229293"}],"wp:attachment":[{"href":"https:\/\/lediamant.ch\/de\/wp-json\/wp\/v2\/media?parent=228245"}],"wp:term":[{"taxonomy":"brand","embeddable":true,"href":"https:\/\/lediamant.ch\/de\/wp-json\/wp\/v2\/brand?post=228245"},{"taxonomy":"product_brand","embeddable":true,"href":"https:\/\/lediamant.ch\/de\/wp-json\/wp\/v2\/product_brand?post=228245"},{"taxonomy":"product_cat","embeddable":true,"href":"https:\/\/lediamant.ch\/de\/wp-json\/wp\/v2\/product_cat?post=228245"},{"taxonomy":"product_tag","embeddable":true,"href":"https:\/\/lediamant.ch\/de\/wp-json\/wp\/v2\/product_tag?post=228245"}],"curies":[{"name":"wp","href":"https:\/\/api.w.org\/{rel}","templated":true}]}}