{"id":228256,"date":"2026-04-22T15:57:26","date_gmt":"2026-04-22T13:57:26","guid":{"rendered":"https:\/\/lediamant.ch\/produit\/unkategorisiert\/be-balmain-33-mm-5\/"},"modified":"2026-05-08T14:22:42","modified_gmt":"2026-05-08T12:22:42","slug":"be-balmain-33-mm-5","status":"publish","type":"product","link":"https:\/\/lediamant.ch\/de\/uhren\/228256-balmain-be-balmain-33-mm-b45983352\/","title":{"rendered":"Balmain Be Balmain 33mm"},"content":{"rendered":"<p>Die Be Balmain ist eine raffinierte Damenuhr, die einen zarten Stil mit einem modernen Design verbindet, das von der Pariser Haute Couture inspiriert ist. Das beigefarbene Zifferblatt mit Mondphasen und klassischen r\u00f6mischen Indizes verleiht der Uhr einen sanften Touch. Das 33 mm Geh\u00e4use aus zweifarbigem rosa PVD mit einem anmutigen 8,15 mm Profil und einem Armband aus zweifarbigem rosa PVD bietet t\u00e4gliche Raffinesse. Dieser Swiss Made Zeitmesser ist mit einem Saphirglas ausgestattet.<\/p>\n","protected":false},"excerpt":{"rendered":"<p>Die Be Balmain ist eine raffinierte Damenuhr, die einen zarten Stil mit einem modernen Design verbindet, das von der Pariser Haute Couture inspiriert ist. Das beigefarbene Zifferblatt mit Mondphasen und klassischen r\u00f6mischen Indizes verleiht der Uhr einen sanften Touch. Das 33 mm Geh\u00e4use aus zweifarbigem rosa PVD mit einem anmutigen 8,15 mm Profil und einem &#8230; <a title=\"Balmain Be Balmain 33mm\" class=\"read-more\" href=\"https:\/\/lediamant.ch\/de\/uhren\/228256-balmain-be-balmain-33-mm-b45983352\/\" aria-label=\"Mehr Informationen \u00fcber Balmain Be Balmain 33mm\">Weiterlesen &#8230;<\/a><\/p>\n","protected":false},"featured_media":228783,"template":"","meta":{"_acf_changed":false,"_seopress_robots_primary_cat":"27173","_seopress_titles_title":"","_seopress_titles_desc":"","_seopress_robots_index":""},"brand":[27083],"product_brand":[],"product_cat":[27173,27405,27123],"product_tag":[],"class_list":{"0":"post-228256","1":"product","2":"type-product","3":"status-publish","4":"has-post-thumbnail","6":"brand-balmain-de","7":"product_cat-balmain-de","8":"product_cat-be-balmain-de","9":"product_cat-uhren","10":"pa_couleurduboitier-zweifarbig-de","11":"pa_couleurdubracelet-bicolor","12":"pa_couleurducadran-braun","13":"pa_dimensions-o-33-mm","14":"pa_etancheite-50m-de","15":"pa_forme-runden","16":"pa_garantie-24monate","17":"pa_genre-frau","18":"pa_matiere-zweifarbig-stahl-pvd-rotgold-2","19":"pa_matierebraceletmontre-edelstahl","20":"pa_mouvement-quarzbatterie-de","21":"pa_swissmade-ja-de","22":"pa_typedemontre-uhrenmitmondanzeige","23":"pa_verre-saphir-de","24":"sales-flash-overlay","25":"woocommerce-text-align-center","26":"woocommerce-image-align-center","27":"do-quantity-buttons","29":"first","30":"instock","31":"taxable","32":"shipping-taxable","33":"purchasable","34":"product-type-simple"},"acf":[],"_links":{"self":[{"href":"https:\/\/lediamant.ch\/de\/wp-json\/wp\/v2\/product\/228256","targetHints":{"allow":["GET"]}}],"collection":[{"href":"https:\/\/lediamant.ch\/de\/wp-json\/wp\/v2\/product"}],"about":[{"href":"https:\/\/lediamant.ch\/de\/wp-json\/wp\/v2\/types\/product"}],"wp:featuredmedia":[{"embeddable":true,"href":"https:\/\/lediamant.ch\/de\/wp-json\/wp\/v2\/media\/228783"}],"wp:attachment":[{"href":"https:\/\/lediamant.ch\/de\/wp-json\/wp\/v2\/media?parent=228256"}],"wp:term":[{"taxonomy":"brand","embeddable":true,"href":"https:\/\/lediamant.ch\/de\/wp-json\/wp\/v2\/brand?post=228256"},{"taxonomy":"product_brand","embeddable":true,"href":"https:\/\/lediamant.ch\/de\/wp-json\/wp\/v2\/product_brand?post=228256"},{"taxonomy":"product_cat","embeddable":true,"href":"https:\/\/lediamant.ch\/de\/wp-json\/wp\/v2\/product_cat?post=228256"},{"taxonomy":"product_tag","embeddable":true,"href":"https:\/\/lediamant.ch\/de\/wp-json\/wp\/v2\/product_tag?post=228256"}],"curies":[{"name":"wp","href":"https:\/\/api.w.org\/{rel}","templated":true}]}}