{"id":228282,"date":"2025-04-22T16:01:25","date_gmt":"2025-04-22T14:01:25","guid":{"rendered":"https:\/\/lediamant.ch\/produit\/unkategorisiert\/mechanical-2\/"},"modified":"2026-05-06T17:30:09","modified_gmt":"2026-05-06T15:30:09","slug":"mechanical-2","status":"publish","type":"product","link":"https:\/\/lediamant.ch\/de\/uhren\/228282-hamilton-khaki-field-mechanical-38mm-h69439910\/","title":{"rendered":"Hamilton Khaki Field Mechanical 38mm"},"content":{"rendered":"<p>Die Khaki Field Mechanical ist eine kleine, aber leistungsstarke Uhr und der ideale Begleiter f\u00fcr jedes Abenteuer. Das mattwei\u00dfe Zifferblatt in einem 38 mm Edelstahlgeh\u00e4use ist mit wundersch\u00f6nen wei\u00dfen Indizes und einer Super-LumiNova\u00ae-Beschichtung f\u00fcr optimale Lesbarkeit versehen. Mit ihrem strapazierf\u00e4higen NATO-Armband ist die Khaki Field Mechanical eine getreue Reproduktion ihrer Vorfahrin aus den 60er Jahren und eine echte Hommage an das milit\u00e4rische Erbe von Hamilton.<\/p>\n","protected":false},"excerpt":{"rendered":"<p>Die Khaki Field Mechanical ist eine kleine, aber leistungsstarke Uhr und der ideale Begleiter f\u00fcr jedes Abenteuer. Das mattwei\u00dfe Zifferblatt in einem 38 mm Edelstahlgeh\u00e4use ist mit wundersch\u00f6nen wei\u00dfen Indizes und einer Super-LumiNova\u00ae-Beschichtung f\u00fcr optimale Lesbarkeit versehen. Mit ihrem strapazierf\u00e4higen NATO-Armband ist die Khaki Field Mechanical eine getreue Reproduktion ihrer Vorfahrin aus den 60er Jahren &#8230; <a title=\"Hamilton Khaki Field Mechanical 38mm\" class=\"read-more\" href=\"https:\/\/lediamant.ch\/de\/uhren\/228282-hamilton-khaki-field-mechanical-38mm-h69439910\/\" aria-label=\"Mehr Informationen \u00fcber Hamilton Khaki Field Mechanical 38mm\">Weiterlesen &#8230;<\/a><\/p>\n","protected":false},"featured_media":228301,"template":"","meta":{"_acf_changed":false,"_seopress_robots_primary_cat":"27181","_seopress_titles_title":"","_seopress_titles_desc":"","_seopress_robots_index":""},"brand":[27085],"product_brand":[],"product_cat":[27181,27291,27123],"product_tag":[],"class_list":{"0":"post-228282","1":"product","2":"type-product","3":"status-publish","4":"has-post-thumbnail","6":"brand-hamilton-de","7":"product_cat-hamilton-de","8":"product_cat-khaki-field-de","9":"product_cat-uhren","10":"pa_couleurduboitier-grau-de","11":"pa_couleurdubracelet-schwarz-de","12":"pa_couleurducadran-weiss","13":"pa_dimensions-o-38-mm","14":"pa_etancheite-50m-de","15":"pa_forme-runden","16":"pa_garantie-24monate","17":"pa_genre-mann","18":"pa_matiere-stahl","19":"pa_matierebraceletmontre-textil-de","20":"pa_modele-de-mouvement-h-50","21":"pa_mouvement-mechanik","22":"pa_swissmade-ja-de","23":"pa_typedemontre-militarische-uhren","24":"pa_typedemontre-uhrenmithandaufzug","25":"pa_verre-saphir-de","26":"sales-flash-overlay","27":"woocommerce-text-align-center","28":"woocommerce-image-align-center","29":"do-quantity-buttons","31":"first","32":"instock","33":"taxable","34":"shipping-taxable","35":"purchasable","36":"product-type-simple"},"acf":[],"_links":{"self":[{"href":"https:\/\/lediamant.ch\/de\/wp-json\/wp\/v2\/product\/228282","targetHints":{"allow":["GET"]}}],"collection":[{"href":"https:\/\/lediamant.ch\/de\/wp-json\/wp\/v2\/product"}],"about":[{"href":"https:\/\/lediamant.ch\/de\/wp-json\/wp\/v2\/types\/product"}],"wp:featuredmedia":[{"embeddable":true,"href":"https:\/\/lediamant.ch\/de\/wp-json\/wp\/v2\/media\/228301"}],"wp:attachment":[{"href":"https:\/\/lediamant.ch\/de\/wp-json\/wp\/v2\/media?parent=228282"}],"wp:term":[{"taxonomy":"brand","embeddable":true,"href":"https:\/\/lediamant.ch\/de\/wp-json\/wp\/v2\/brand?post=228282"},{"taxonomy":"product_brand","embeddable":true,"href":"https:\/\/lediamant.ch\/de\/wp-json\/wp\/v2\/product_brand?post=228282"},{"taxonomy":"product_cat","embeddable":true,"href":"https:\/\/lediamant.ch\/de\/wp-json\/wp\/v2\/product_cat?post=228282"},{"taxonomy":"product_tag","embeddable":true,"href":"https:\/\/lediamant.ch\/de\/wp-json\/wp\/v2\/product_tag?post=228282"}],"curies":[{"name":"wp","href":"https:\/\/api.w.org\/{rel}","templated":true}]}}