{"id":228591,"date":"2026-05-06T11:47:56","date_gmt":"2026-05-06T09:47:56","guid":{"rendered":"https:\/\/lediamant.ch\/?post_type=product&#038;p=228591"},"modified":"2026-05-06T11:55:04","modified_gmt":"2026-05-06T09:55:04","slug":"aerowatch-harmonie-butterfly-lady-quartz-2","status":"publish","type":"product","link":"https:\/\/lediamant.ch\/de\/uhren\/228591-aerowatch-harmonie-butterfly-lady-quartz-2-a-44107-ja02-m\/","title":{"rendered":"Aerowatch Harmonie Butterfly Lady Quartz"},"content":{"rendered":"<p>Aerowatch Harmonie Butterfly Lady Quartz zeichnet sich durch eine exklusive Funktion aus: ein Zifferblatt, das st\u00fcndlich die Farbe wechselt und durch ein elegantes Schmetterlingsdesign hervorgehoben wird. Das Geh\u00e4use mit einem Durchmesser von 35 mm ist aus poliertem Edelstahl mit PVD-Beschichtung in Gelbgold gefertigt und verleiht der Uhr eine dauerhafte Eleganz. Das Armband aus Edelstahl mit Gelbgold-PVD-Beschichtung und Faltschlie\u00dfe garantiert optimalen Komfort und eine raffinierte \u00c4sthetik. Das polierte und satinierte Geh\u00e4use mit gew\u00f6lbtem, entspiegeltem Saphirglas. Das versilberte Zifferblatt mit &#8222;Wellen&#8220;-Motiv ist mit einem Diamanten SI1 von 0,088 ct verziert, der in f\u00fcnf Schmetterlings\u00f6ffnungen eingesetzt ist, die jeweils von einem goldenen Rahmen eingefasst sind. Das Datum bei 6 Uhr verleiht der Uhr einen Hauch von Funktionalit\u00e4t. Die garantierte Wasserdichtigkeit bis zu 50 Metern gew\u00e4hrleistet eine einwandfreie Nutzung unter allen Umst\u00e4nden.<\/p>\n","protected":false},"excerpt":{"rendered":"<p>Aerowatch Harmonie Butterfly Lady Quartz zeichnet sich durch eine exklusive Funktion aus: ein Zifferblatt, das st\u00fcndlich die Farbe wechselt und durch ein elegantes Schmetterlingsdesign hervorgehoben wird. Das Geh\u00e4use mit einem Durchmesser von 35 mm ist aus poliertem Edelstahl mit PVD-Beschichtung in Gelbgold gefertigt und verleiht der Uhr eine dauerhafte Eleganz. Das Armband aus Edelstahl mit &#8230; <a title=\"Aerowatch Harmonie Butterfly Lady Quartz\" class=\"read-more\" href=\"https:\/\/lediamant.ch\/de\/uhren\/228591-aerowatch-harmonie-butterfly-lady-quartz-2-a-44107-ja02-m\/\" aria-label=\"Mehr Informationen \u00fcber Aerowatch Harmonie Butterfly Lady Quartz\">Weiterlesen &#8230;<\/a><\/p>\n","protected":false},"featured_media":228625,"template":"","meta":{"_acf_changed":false,"_seopress_robots_primary_cat":"27167","_seopress_titles_title":"","_seopress_titles_desc":"","_seopress_robots_index":""},"brand":[27081],"product_brand":[],"product_cat":[27167,42100,27123],"product_tag":[],"class_list":{"0":"post-228591","1":"product","2":"type-product","3":"status-publish","4":"has-post-thumbnail","6":"brand-aerowatch-de","7":"product_cat-aerowatch-de","8":"product_cat-harmonie-de","9":"product_cat-uhren","10":"pa_couleurduboitier-gelb-de","11":"pa_couleurdubracelet-gelb-de","12":"pa_couleurducadran-silber","13":"pa_dimensions-o-35-mm","14":"pa_etancheite-50m-de","15":"pa_forme-runden","16":"pa_garantie-24monate","17":"pa_genre-frau","18":"pa_matiere-gelbgoldpvd","19":"pa_matierebraceletmontre-edelstahl","20":"pa_mouvement-quarzbatterie-de","21":"pa_swissmade-ja-de","22":"pa_verre-saphir-de","23":"sales-flash-overlay","24":"woocommerce-text-align-center","25":"woocommerce-image-align-center","26":"do-quantity-buttons","28":"first","29":"instock","30":"taxable","31":"shipping-taxable","32":"purchasable","33":"product-type-simple"},"acf":[],"_links":{"self":[{"href":"https:\/\/lediamant.ch\/de\/wp-json\/wp\/v2\/product\/228591","targetHints":{"allow":["GET"]}}],"collection":[{"href":"https:\/\/lediamant.ch\/de\/wp-json\/wp\/v2\/product"}],"about":[{"href":"https:\/\/lediamant.ch\/de\/wp-json\/wp\/v2\/types\/product"}],"wp:featuredmedia":[{"embeddable":true,"href":"https:\/\/lediamant.ch\/de\/wp-json\/wp\/v2\/media\/228625"}],"wp:attachment":[{"href":"https:\/\/lediamant.ch\/de\/wp-json\/wp\/v2\/media?parent=228591"}],"wp:term":[{"taxonomy":"brand","embeddable":true,"href":"https:\/\/lediamant.ch\/de\/wp-json\/wp\/v2\/brand?post=228591"},{"taxonomy":"product_brand","embeddable":true,"href":"https:\/\/lediamant.ch\/de\/wp-json\/wp\/v2\/product_brand?post=228591"},{"taxonomy":"product_cat","embeddable":true,"href":"https:\/\/lediamant.ch\/de\/wp-json\/wp\/v2\/product_cat?post=228591"},{"taxonomy":"product_tag","embeddable":true,"href":"https:\/\/lediamant.ch\/de\/wp-json\/wp\/v2\/product_tag?post=228591"}],"curies":[{"name":"wp","href":"https:\/\/api.w.org\/{rel}","templated":true}]}}