{"id":228606,"date":"2026-05-06T13:38:40","date_gmt":"2026-05-06T11:38:40","guid":{"rendered":"https:\/\/lediamant.ch\/?post_type=product&#038;p=228606"},"modified":"2026-05-06T13:45:46","modified_gmt":"2026-05-06T11:45:46","slug":"aerowatch-harmonie-butterfly-diamonds-lady-2","status":"publish","type":"product","link":"https:\/\/lediamant.ch\/de\/uhren\/228606-aerowatch-harmonie-butterfly-diamonds-lady-2-a-44107-aa01-dia\/","title":{"rendered":"Aerowatch Harmonie Butterfly Diamonds Lady"},"content":{"rendered":"<p>Die Aerowatch Harmonie Butterfly Diamonds Lady Quartz zeichnet sich durch eine exklusive Funktionalit\u00e4t aus: ein Zifferblatt, das st\u00fcndlich die Farbe wechselt und durch ein elegantes Schmetterlingsdesign veredelt wird. Das Geh\u00e4use mit einem Durchmesser von 35 mm ist aus Edelstahl gefertigt und mit 60 Labordiamanten von 0,84 ct. besetzt. Das gew\u00f6lbte, entspiegelte Saphirglas verleiht dem Geh\u00e4use die Eleganz der Haute Horlogerie. Das wei\u00dfe Lederarmband mit Dornschlie\u00dfe garantiert einen optimalen Tragekomfort und eine raffinierte \u00c4sthetik. Das versilberte Zifferblatt mit Wellenmotiv ist mit einem Diamanten von 0,088 ct geschm\u00fcckt, der in f\u00fcnf Schmetterlings\u00f6ffnungen eingesetzt ist, die jeweils von einem versilberten Rahmen eingefasst sind. Das Datum befindet sich bei 6 Uhr und verleiht der Uhr einen Hauch von Funktionalit\u00e4t. Die garantierte Wasserdichtigkeit bis zu 50 Metern gew\u00e4hrleistet eine einwandfreie Nutzung unter allen Umst\u00e4nden.<\/p>\n","protected":false},"excerpt":{"rendered":"<p>Die Aerowatch Harmonie Butterfly Diamonds Lady Quartz zeichnet sich durch eine exklusive Funktionalit\u00e4t aus: ein Zifferblatt, das st\u00fcndlich die Farbe wechselt und durch ein elegantes Schmetterlingsdesign veredelt wird. Das Geh\u00e4use mit einem Durchmesser von 35 mm ist aus Edelstahl gefertigt und mit 60 Labordiamanten von 0,84 ct. besetzt. Das gew\u00f6lbte, entspiegelte Saphirglas verleiht dem Geh\u00e4use &#8230; <a title=\"Aerowatch Harmonie Butterfly Diamonds Lady\" class=\"read-more\" href=\"https:\/\/lediamant.ch\/de\/uhren\/228606-aerowatch-harmonie-butterfly-diamonds-lady-2-a-44107-aa01-dia\/\" aria-label=\"Mehr Informationen \u00fcber Aerowatch Harmonie Butterfly Diamonds Lady\">Weiterlesen &#8230;<\/a><\/p>\n","protected":false},"featured_media":228608,"template":"","meta":{"_acf_changed":false,"_seopress_robots_primary_cat":"27167","_seopress_titles_title":"","_seopress_titles_desc":"","_seopress_robots_index":""},"brand":[27081],"product_brand":[],"product_cat":[27167,42100,27123],"product_tag":[],"class_list":{"0":"post-228606","1":"product","2":"type-product","3":"status-publish","4":"has-post-thumbnail","6":"brand-aerowatch-de","7":"product_cat-aerowatch-de","8":"product_cat-harmonie-de","9":"product_cat-uhren","10":"pa_couleurduboitier-grau-de","11":"pa_couleurdubracelet-weiss-de","12":"pa_couleurducadran-silber","13":"pa_dimensions-o-35-mm","14":"pa_etancheite-50m-de","15":"pa_forme-runden","16":"pa_garantie-24monate","17":"pa_genre-frau","18":"pa_matiere-stahl","19":"pa_matierebraceletmontre-leder","20":"pa_mouvement-quarzbatterie-de","21":"pa_option-boitier-60-labordiamanten-084-ct","22":"pa_swissmade-ja-de","23":"pa_typedemontre-uhrenmitdiamanten","24":"pa_verre-saphir-de","25":"sales-flash-overlay","26":"woocommerce-text-align-center","27":"woocommerce-image-align-center","28":"do-quantity-buttons","30":"first","31":"instock","32":"taxable","33":"shipping-taxable","34":"purchasable","35":"product-type-simple"},"acf":[],"_links":{"self":[{"href":"https:\/\/lediamant.ch\/de\/wp-json\/wp\/v2\/product\/228606","targetHints":{"allow":["GET"]}}],"collection":[{"href":"https:\/\/lediamant.ch\/de\/wp-json\/wp\/v2\/product"}],"about":[{"href":"https:\/\/lediamant.ch\/de\/wp-json\/wp\/v2\/types\/product"}],"wp:featuredmedia":[{"embeddable":true,"href":"https:\/\/lediamant.ch\/de\/wp-json\/wp\/v2\/media\/228608"}],"wp:attachment":[{"href":"https:\/\/lediamant.ch\/de\/wp-json\/wp\/v2\/media?parent=228606"}],"wp:term":[{"taxonomy":"brand","embeddable":true,"href":"https:\/\/lediamant.ch\/de\/wp-json\/wp\/v2\/brand?post=228606"},{"taxonomy":"product_brand","embeddable":true,"href":"https:\/\/lediamant.ch\/de\/wp-json\/wp\/v2\/product_brand?post=228606"},{"taxonomy":"product_cat","embeddable":true,"href":"https:\/\/lediamant.ch\/de\/wp-json\/wp\/v2\/product_cat?post=228606"},{"taxonomy":"product_tag","embeddable":true,"href":"https:\/\/lediamant.ch\/de\/wp-json\/wp\/v2\/product_tag?post=228606"}],"curies":[{"name":"wp","href":"https:\/\/api.w.org\/{rel}","templated":true}]}}