{"id":228619,"date":"2026-05-06T14:03:45","date_gmt":"2026-05-06T12:03:45","guid":{"rendered":"https:\/\/lediamant.ch\/?post_type=product&#038;p=228619"},"modified":"2026-05-06T14:13:13","modified_gmt":"2026-05-06T12:13:13","slug":"aerowatch-harmonie-butterfly-lady-cuir","status":"publish","type":"product","link":"https:\/\/lediamant.ch\/de\/uhren\/228619-aerowatch-harmonie-butterfly-lady-cuir-a-44107-aa01\/","title":{"rendered":"Aerowatch Harmonie Butterfly Lady Leder"},"content":{"rendered":"<p>Die Aerowatch Harmonie Butterfly Lady Stahl Quarzuhr zeichnet sich durch eine exklusive Funktion aus: ein Zifferblatt, das jede Stunde die Farbe wechselt und durch ein elegantes Schmetterlingsdesign hervorgehoben wird. Das Geh\u00e4use mit einem Durchmesser von 35 mm ist aus Edelstahl gefertigt und mit einem gew\u00f6lbten, entspiegelten Saphirglas versehen, das f\u00fcr die Eleganz der Haute Horlogerie sorgt. Das wei\u00dfe Lederarmband mit Dornschlie\u00dfe garantiert einen optimalen Tragekomfort und eine raffinierte \u00c4sthetik. Das versilberte Zifferblatt mit Wellenmotiv ist mit einem Diamanten von 0,088 ct geschm\u00fcckt, der in f\u00fcnf Schmetterlings\u00f6ffnungen eingesetzt ist, die jeweils von einem versilberten Rahmen eingefasst sind. Das Datum befindet sich bei 6 Uhr und verleiht der Uhr einen Hauch von Funktionalit\u00e4t. Die garantierte Wasserdichtigkeit bis zu 50 Metern gew\u00e4hrleistet eine einwandfreie Nutzung unter allen Umst\u00e4nden.<\/p>\n","protected":false},"excerpt":{"rendered":"<p>Die Aerowatch Harmonie Butterfly Lady Stahl Quarzuhr zeichnet sich durch eine exklusive Funktion aus: ein Zifferblatt, das jede Stunde die Farbe wechselt und durch ein elegantes Schmetterlingsdesign hervorgehoben wird. Das Geh\u00e4use mit einem Durchmesser von 35 mm ist aus Edelstahl gefertigt und mit einem gew\u00f6lbten, entspiegelten Saphirglas versehen, das f\u00fcr die Eleganz der Haute Horlogerie &#8230; <a title=\"Aerowatch Harmonie Butterfly Lady Leder\" class=\"read-more\" href=\"https:\/\/lediamant.ch\/de\/uhren\/228619-aerowatch-harmonie-butterfly-lady-cuir-a-44107-aa01\/\" aria-label=\"Mehr Informationen \u00fcber Aerowatch Harmonie Butterfly Lady Leder\">Weiterlesen &#8230;<\/a><\/p>\n","protected":false},"featured_media":228621,"template":"","meta":{"_acf_changed":false,"_seopress_robots_primary_cat":"27167","_seopress_titles_title":"","_seopress_titles_desc":"","_seopress_robots_index":""},"brand":[27081],"product_brand":[],"product_cat":[27167,42100,27123],"product_tag":[],"class_list":{"0":"post-228619","1":"product","2":"type-product","3":"status-publish","4":"has-post-thumbnail","6":"brand-aerowatch-de","7":"product_cat-aerowatch-de","8":"product_cat-harmonie-de","9":"product_cat-uhren","10":"pa_couleurduboitier-grau-de","11":"pa_couleurdubracelet-weiss-de","12":"pa_couleurducadran-silber","13":"pa_dimensions-o-35-mm","14":"pa_etancheite-50m-de","15":"pa_forme-runden","16":"pa_garantie-24monate","17":"pa_genre-frau","18":"pa_matiere-stahl","19":"pa_matierebraceletmontre-leder","20":"pa_mouvement-quarzbatterie-de","21":"pa_swissmade-ja-de","22":"pa_verre-saphir-de","23":"sales-flash-overlay","24":"woocommerce-text-align-center","25":"woocommerce-image-align-center","26":"do-quantity-buttons","28":"first","29":"instock","30":"taxable","31":"shipping-taxable","32":"purchasable","33":"product-type-simple"},"acf":[],"_links":{"self":[{"href":"https:\/\/lediamant.ch\/de\/wp-json\/wp\/v2\/product\/228619","targetHints":{"allow":["GET"]}}],"collection":[{"href":"https:\/\/lediamant.ch\/de\/wp-json\/wp\/v2\/product"}],"about":[{"href":"https:\/\/lediamant.ch\/de\/wp-json\/wp\/v2\/types\/product"}],"wp:featuredmedia":[{"embeddable":true,"href":"https:\/\/lediamant.ch\/de\/wp-json\/wp\/v2\/media\/228621"}],"wp:attachment":[{"href":"https:\/\/lediamant.ch\/de\/wp-json\/wp\/v2\/media?parent=228619"}],"wp:term":[{"taxonomy":"brand","embeddable":true,"href":"https:\/\/lediamant.ch\/de\/wp-json\/wp\/v2\/brand?post=228619"},{"taxonomy":"product_brand","embeddable":true,"href":"https:\/\/lediamant.ch\/de\/wp-json\/wp\/v2\/product_brand?post=228619"},{"taxonomy":"product_cat","embeddable":true,"href":"https:\/\/lediamant.ch\/de\/wp-json\/wp\/v2\/product_cat?post=228619"},{"taxonomy":"product_tag","embeddable":true,"href":"https:\/\/lediamant.ch\/de\/wp-json\/wp\/v2\/product_tag?post=228619"}],"curies":[{"name":"wp","href":"https:\/\/api.w.org\/{rel}","templated":true}]}}