{"id":228790,"date":"2026-05-08T14:30:09","date_gmt":"2026-05-08T12:30:09","guid":{"rendered":"https:\/\/lediamant.ch\/?post_type=product&#038;p=228790"},"modified":"2026-05-08T14:34:51","modified_gmt":"2026-05-08T12:34:51","slug":"balmain-be-balmain-33mm","status":"publish","type":"product","link":"https:\/\/lediamant.ch\/de\/uhren\/228790-balmain-be-balmain-33mm-b45923932\/","title":{"rendered":"Balmain Be Balmain 33mm"},"content":{"rendered":"<p>Die Be Balmain von Balmain ist eine raffinierte Damenuhr, die einen zarten Stil mit einem modernen Design verbindet, das von der Pariser Haute Couture inspiriert ist. Das beigefarbene Zifferblatt mit Mondphasenanzeige und klassischen r\u00f6mischen Indizes verleiht der Uhr einen sanften Touch. Das 33 mm gro\u00dfe, zweifarbige Geh\u00e4use aus Stahl und Gelbgold PVD mit einem anmutigen 8,15 mm Profil und das zweifarbige Armband aus Stahl mit Gelbgold PVD verleihen dem Alltag einen Hauch von Raffinesse. Dieser in der Schweiz hergestellte Zeitmesser ist mit einem Saphirglas ausgestattet.<\/p>\n","protected":false},"excerpt":{"rendered":"<p>Die Be Balmain von Balmain ist eine raffinierte Damenuhr, die einen zarten Stil mit einem modernen Design verbindet, das von der Pariser Haute Couture inspiriert ist. Das beigefarbene Zifferblatt mit Mondphasenanzeige und klassischen r\u00f6mischen Indizes verleiht der Uhr einen sanften Touch. Das 33 mm gro\u00dfe, zweifarbige Geh\u00e4use aus Stahl und Gelbgold PVD mit einem anmutigen &#8230; <a title=\"Balmain Be Balmain 33mm\" class=\"read-more\" href=\"https:\/\/lediamant.ch\/de\/uhren\/228790-balmain-be-balmain-33mm-b45923932\/\" aria-label=\"Mehr Informationen \u00fcber Balmain Be Balmain 33mm\">Weiterlesen &#8230;<\/a><\/p>\n","protected":false},"featured_media":228841,"template":"","meta":{"_acf_changed":false,"_seopress_robots_primary_cat":"27173","_seopress_titles_title":"","_seopress_titles_desc":"","_seopress_robots_index":""},"brand":[27083],"product_brand":[],"product_cat":[27173,27405,27123],"product_tag":[],"class_list":{"0":"post-228790","1":"product","2":"type-product","3":"status-publish","4":"has-post-thumbnail","6":"brand-balmain-de","7":"product_cat-balmain-de","8":"product_cat-be-balmain-de","9":"product_cat-uhren","10":"pa_couleurduboitier-zweifarbig-de","11":"pa_couleurdubracelet-bicolor","12":"pa_couleurducadran-beige-de","13":"pa_dimensions-o-33-mm","14":"pa_etancheite-50m-de","15":"pa_forme-runden","16":"pa_garantie-24monate","17":"pa_genre-frau","18":"pa_matiere-zweifarbigstahlgelbgoldpvd","19":"pa_matierebraceletmontre-edelstahl","20":"pa_mouvement-quarzbatterie-de","21":"pa_swissmade-ja-de","22":"pa_typedemontre-uhrenmitmondanzeige","23":"pa_verre-saphir-de","24":"sales-flash-overlay","25":"woocommerce-text-align-center","26":"woocommerce-image-align-center","27":"do-quantity-buttons","29":"first","30":"instock","31":"taxable","32":"shipping-taxable","33":"purchasable","34":"product-type-simple"},"acf":[],"_links":{"self":[{"href":"https:\/\/lediamant.ch\/de\/wp-json\/wp\/v2\/product\/228790","targetHints":{"allow":["GET"]}}],"collection":[{"href":"https:\/\/lediamant.ch\/de\/wp-json\/wp\/v2\/product"}],"about":[{"href":"https:\/\/lediamant.ch\/de\/wp-json\/wp\/v2\/types\/product"}],"wp:featuredmedia":[{"embeddable":true,"href":"https:\/\/lediamant.ch\/de\/wp-json\/wp\/v2\/media\/228841"}],"wp:attachment":[{"href":"https:\/\/lediamant.ch\/de\/wp-json\/wp\/v2\/media?parent=228790"}],"wp:term":[{"taxonomy":"brand","embeddable":true,"href":"https:\/\/lediamant.ch\/de\/wp-json\/wp\/v2\/brand?post=228790"},{"taxonomy":"product_brand","embeddable":true,"href":"https:\/\/lediamant.ch\/de\/wp-json\/wp\/v2\/product_brand?post=228790"},{"taxonomy":"product_cat","embeddable":true,"href":"https:\/\/lediamant.ch\/de\/wp-json\/wp\/v2\/product_cat?post=228790"},{"taxonomy":"product_tag","embeddable":true,"href":"https:\/\/lediamant.ch\/de\/wp-json\/wp\/v2\/product_tag?post=228790"}],"curies":[{"name":"wp","href":"https:\/\/api.w.org\/{rel}","templated":true}]}}