{"id":228855,"date":"2025-11-08T14:03:29","date_gmt":"2025-11-08T13:03:29","guid":{"rendered":"https:\/\/lediamant.ch\/produit\/unkategorisiert\/aerowatch-1942-moon-phase-diamonds-quartz\/"},"modified":"2026-05-08T16:12:05","modified_gmt":"2026-05-08T14:12:05","slug":"aerowatch-1942-moon-phase-diamonds-quartz","status":"publish","type":"product","link":"https:\/\/lediamant.ch\/de\/uhren\/228855-aerowatch-1942-moon-phase-diamonds-quartz-a-43960-aa03-dia\/","title":{"rendered":"Aerowatch 1942 Moon Phase Diamonds Quartz"},"content":{"rendered":"<p>Die Aerowatch f\u00fcr Damen zeichnet sich durch ein Stahlgeh\u00e4use aus, das mit 58 Diamanten von 0,41 ct. besetzt ist, was diesem Zeitmesser eine au\u00dfergew\u00f6hnliche \u00c4sthetik und einen unsch\u00e4tzbaren Wert verleiht. Die Krone ist mit einem echten schwarzen Onyxstein verziert. Dieses Produkt zeichnet sich durch ein silbernes Zifferblatt mit guillochiertem Zentrum und zw\u00f6lf r\u00f6mischen Ziffern aus, die eine optimale Ablesbarkeit gew\u00e4hrleisten. Die Mondphasenanzeige bei 6 Uhr verleiht der Uhr einen Hauch von Eleganz und Funktionalit\u00e4t.<\/p>\n","protected":false},"excerpt":{"rendered":"<p>Die Aerowatch f\u00fcr Damen zeichnet sich durch ein Stahlgeh\u00e4use aus, das mit 58 Diamanten von 0,41 ct. besetzt ist, was diesem Zeitmesser eine au\u00dfergew\u00f6hnliche \u00c4sthetik und einen unsch\u00e4tzbaren Wert verleiht. Die Krone ist mit einem echten schwarzen Onyxstein verziert. Dieses Produkt zeichnet sich durch ein silbernes Zifferblatt mit guillochiertem Zentrum und zw\u00f6lf r\u00f6mischen Ziffern aus, &#8230; <a title=\"Aerowatch 1942 Moon Phase Diamonds Quartz\" class=\"read-more\" href=\"https:\/\/lediamant.ch\/de\/uhren\/228855-aerowatch-1942-moon-phase-diamonds-quartz-a-43960-aa03-dia\/\" aria-label=\"Mehr Informationen \u00fcber Aerowatch 1942 Moon Phase Diamonds Quartz\">Weiterlesen &#8230;<\/a><\/p>\n","protected":false},"featured_media":228856,"template":"","meta":{"_acf_changed":false,"_seopress_robots_primary_cat":"27167","_seopress_titles_title":"","_seopress_titles_desc":"","_seopress_robots_index":""},"brand":[27081],"product_brand":[],"product_cat":[27241,27167,27123],"product_tag":[],"class_list":{"0":"post-228855","1":"product","2":"type-product","3":"status-publish","4":"has-post-thumbnail","6":"brand-aerowatch-de","7":"product_cat-1942-de","8":"product_cat-aerowatch-de","9":"product_cat-uhren","10":"pa_couleurduboitier-grau-de","11":"pa_couleurdubracelet-blau-de","12":"pa_couleurducadran-silber","13":"pa_detail-de-s-pierres-s-58-diamanten-vs-041-ct-labor","14":"pa_dimensions-o-35-mm","15":"pa_etancheite-50m-de","16":"pa_forme-runden","17":"pa_garantie-24monate","18":"pa_genre-frau","19":"pa_matiere-stahl","20":"pa_matierebraceletmontre-leder","21":"pa_mouvement-quarzbatterie-de","22":"pa_swissmade-ja-de","23":"pa_typedemontre-uhrenmitdiamanten","24":"pa_typedemontre-uhrenmitmondanzeige","25":"pa_verre-saphir-de","26":"sales-flash-overlay","27":"woocommerce-text-align-center","28":"woocommerce-image-align-center","29":"do-quantity-buttons","31":"first","32":"instock","33":"taxable","34":"shipping-taxable","35":"purchasable","36":"product-type-simple"},"acf":[],"_links":{"self":[{"href":"https:\/\/lediamant.ch\/de\/wp-json\/wp\/v2\/product\/228855","targetHints":{"allow":["GET"]}}],"collection":[{"href":"https:\/\/lediamant.ch\/de\/wp-json\/wp\/v2\/product"}],"about":[{"href":"https:\/\/lediamant.ch\/de\/wp-json\/wp\/v2\/types\/product"}],"wp:featuredmedia":[{"embeddable":true,"href":"https:\/\/lediamant.ch\/de\/wp-json\/wp\/v2\/media\/228856"}],"wp:attachment":[{"href":"https:\/\/lediamant.ch\/de\/wp-json\/wp\/v2\/media?parent=228855"}],"wp:term":[{"taxonomy":"brand","embeddable":true,"href":"https:\/\/lediamant.ch\/de\/wp-json\/wp\/v2\/brand?post=228855"},{"taxonomy":"product_brand","embeddable":true,"href":"https:\/\/lediamant.ch\/de\/wp-json\/wp\/v2\/product_brand?post=228855"},{"taxonomy":"product_cat","embeddable":true,"href":"https:\/\/lediamant.ch\/de\/wp-json\/wp\/v2\/product_cat?post=228855"},{"taxonomy":"product_tag","embeddable":true,"href":"https:\/\/lediamant.ch\/de\/wp-json\/wp\/v2\/product_tag?post=228855"}],"curies":[{"name":"wp","href":"https:\/\/api.w.org\/{rel}","templated":true}]}}