{"id":229084,"date":"2026-05-13T11:22:03","date_gmt":"2026-05-13T09:22:03","guid":{"rendered":"https:\/\/lediamant.ch\/produit\/unkategorisiert\/balmain-haute-elegance-oval-26-x-31-70-mm-3\/"},"modified":"2026-05-13T13:04:17","modified_gmt":"2026-05-13T11:04:17","slug":"balmain-haute-elegance-oval-26-x-31-70-mm-3","status":"publish","type":"product","link":"https:\/\/lediamant.ch\/de\/uhren\/229084-balmain-haute-elegance-oval-26-x-31-70-mm-3-b81114282\/","title":{"rendered":"Balmain Haute Elegance Oval 26 x 31.70 mm"},"content":{"rendered":"<p>Die Haute \u00c9l\u00e9gance Ovale ist eine elegante Damenuhr, die einen leuchtenden Stil mit einem modernen Design verbindet, das von der Pariser Haute Couture inspiriert ist. Die ovale Form, das kleine Thekenzifferblatt und die klassischen r\u00f6mischen Indizes verleihen ihr eine ausdrucksvolle Note, w\u00e4hrend das 26 x 31,70 mm gro\u00dfe Geh\u00e4use mit einem kompromisslosen Profil von 6,45 mm f\u00fcr allt\u00e4gliche Raffinesse sorgt. Diese in der Schweiz hergestellte Uhr ist mit einem Saphirglas versehen.  <\/p>\n","protected":false},"excerpt":{"rendered":"<p>Die Haute \u00c9l\u00e9gance Ovale ist eine elegante Damenuhr, die einen leuchtenden Stil mit einem modernen Design verbindet, das von der Pariser Haute Couture inspiriert ist. Die ovale Form, das kleine Thekenzifferblatt und die klassischen r\u00f6mischen Indizes verleihen ihr eine ausdrucksvolle Note, w\u00e4hrend das 26 x 31,70 mm gro\u00dfe Geh\u00e4use mit einem kompromisslosen Profil von 6,45 &#8230; <a title=\"Balmain Haute Elegance Oval 26 x 31.70 mm\" class=\"read-more\" href=\"https:\/\/lediamant.ch\/de\/uhren\/229084-balmain-haute-elegance-oval-26-x-31-70-mm-3-b81114282\/\" aria-label=\"Mehr Informationen \u00fcber Balmain Haute Elegance Oval 26 x 31.70 mm\">Weiterlesen &#8230;<\/a><\/p>\n","protected":false},"featured_media":229093,"template":"","meta":{"_acf_changed":false,"_seopress_robots_primary_cat":"27172","_seopress_titles_title":"","_seopress_titles_desc":"","_seopress_robots_index":""},"brand":[27083],"product_brand":[],"product_cat":[27173,27467,27123],"product_tag":[],"class_list":{"0":"post-229084","1":"product","2":"type-product","3":"status-publish","4":"has-post-thumbnail","6":"brand-balmain-de","7":"product_cat-balmain-de","8":"product_cat-haute-elegance-de","9":"product_cat-uhren","10":"pa_couleurduboitier-grau-de","11":"pa_couleurdubracelet-rosa-de","12":"pa_couleurducadran-perlmutt","13":"pa_dimensions-26-x-31-70-mm","14":"pa_etancheite-50m-de","15":"pa_forme-oval-de","16":"pa_garantie-24monate","17":"pa_genre-frau","18":"pa_matiere-stahl","19":"pa_matierebraceletmontre-leder","20":"pa_modele-de-mouvement-eta-980-153","21":"pa_mouvement-quarzbatterie-de","22":"pa_swissmade-ja-de","23":"pa_verre-saphir-de","24":"sales-flash-overlay","25":"woocommerce-text-align-center","26":"woocommerce-image-align-center","27":"do-quantity-buttons","29":"first","30":"instock","31":"taxable","32":"shipping-taxable","33":"purchasable","34":"product-type-simple"},"acf":[],"_links":{"self":[{"href":"https:\/\/lediamant.ch\/de\/wp-json\/wp\/v2\/product\/229084","targetHints":{"allow":["GET"]}}],"collection":[{"href":"https:\/\/lediamant.ch\/de\/wp-json\/wp\/v2\/product"}],"about":[{"href":"https:\/\/lediamant.ch\/de\/wp-json\/wp\/v2\/types\/product"}],"wp:featuredmedia":[{"embeddable":true,"href":"https:\/\/lediamant.ch\/de\/wp-json\/wp\/v2\/media\/229093"}],"wp:attachment":[{"href":"https:\/\/lediamant.ch\/de\/wp-json\/wp\/v2\/media?parent=229084"}],"wp:term":[{"taxonomy":"brand","embeddable":true,"href":"https:\/\/lediamant.ch\/de\/wp-json\/wp\/v2\/brand?post=229084"},{"taxonomy":"product_brand","embeddable":true,"href":"https:\/\/lediamant.ch\/de\/wp-json\/wp\/v2\/product_brand?post=229084"},{"taxonomy":"product_cat","embeddable":true,"href":"https:\/\/lediamant.ch\/de\/wp-json\/wp\/v2\/product_cat?post=229084"},{"taxonomy":"product_tag","embeddable":true,"href":"https:\/\/lediamant.ch\/de\/wp-json\/wp\/v2\/product_tag?post=229084"}],"curies":[{"name":"wp","href":"https:\/\/api.w.org\/{rel}","templated":true}]}}