{"id":229128,"date":"2026-05-13T11:21:58","date_gmt":"2026-05-13T09:21:58","guid":{"rendered":"https:\/\/lediamant.ch\/produit\/unkategorisiert\/balmain-haute-elegance-vintage-30mm\/"},"modified":"2026-05-13T11:21:58","modified_gmt":"2026-05-13T09:21:58","slug":"balmain-haute-elegance-vintage-30mm","status":"publish","type":"product","link":"https:\/\/lediamant.ch\/de\/uhren\/229128-balmain-haute-elegance-vintage-30mm-b81367212\/","title":{"rendered":"Balmain Haute Elegance Vintage 30mm"},"content":{"rendered":"<p>Die Balmain Haute \u00c9l\u00e9gance Vintage ist eine anspruchsvolle Damenuhr, die zeitlose Eleganz mit einem modernen Design verbindet, das von der Pariser Haute Couture inspiriert ist. Die wei\u00dfen Arabesken, die Gravur &#8222;Pierre Balmain&#8220; auf der lilafarbenen L\u00fcnette und die klassischen r\u00f6mischen Ziffern verleihen ihr eine ausdrucksstarke Note. Das 30 mm gro\u00dfe Gelbgold-PVD-Geh\u00e4use mit einem anmutigen Profil von 4,82 mm und das fliederfarbene Lederarmband bieten Eleganz f\u00fcr den Alltag. Dieser Swiss Made Zeitmesser ist mit einem Saphirglas ausgestattet.   <\/p>\n","protected":false},"excerpt":{"rendered":"<p>Die Balmain Haute \u00c9l\u00e9gance Vintage ist eine anspruchsvolle Damenuhr, die zeitlose Eleganz mit einem modernen Design verbindet, das von der Pariser Haute Couture inspiriert ist. Die wei\u00dfen Arabesken, die Gravur &#8222;Pierre Balmain&#8220; auf der lilafarbenen L\u00fcnette und die klassischen r\u00f6mischen Ziffern verleihen ihr eine ausdrucksstarke Note. Das 30 mm gro\u00dfe Gelbgold-PVD-Geh\u00e4use mit einem anmutigen Profil &#8230; <a title=\"Balmain Haute Elegance Vintage 30mm\" class=\"read-more\" href=\"https:\/\/lediamant.ch\/de\/uhren\/229128-balmain-haute-elegance-vintage-30mm-b81367212\/\" aria-label=\"Mehr Informationen \u00fcber Balmain Haute Elegance Vintage 30mm\">Weiterlesen &#8230;<\/a><\/p>\n","protected":false},"featured_media":229135,"template":"","meta":{"_acf_changed":false,"_seopress_robots_primary_cat":"27172","_seopress_titles_title":"","_seopress_titles_desc":"","_seopress_robots_index":""},"brand":[27083],"product_brand":[],"product_cat":[27173,27467,27123],"product_tag":[],"class_list":{"0":"post-229128","1":"product","2":"type-product","3":"status-publish","4":"has-post-thumbnail","6":"brand-balmain-de","7":"product_cat-balmain-de","8":"product_cat-haute-elegance-de","9":"product_cat-uhren","10":"pa_couleurduboitier-zweifarbig-de","11":"pa_couleurdubracelet-lila-de","12":"pa_couleurducadran-weiss","13":"pa_dimensions-30-mm","14":"pa_etancheite-30m-de","15":"pa_forme-runden","16":"pa_garantie-24monate","17":"pa_genre-frau","18":"pa_matiere-stahl","19":"pa_matierebraceletmontre-leder","20":"pa_modele-de-mouvement-eta-282-002","21":"pa_mouvement-quarzbatterie-de","22":"pa_swissmade-ja-de","23":"pa_verre-saphir-de","24":"sales-flash-overlay","25":"woocommerce-text-align-center","26":"woocommerce-image-align-center","27":"do-quantity-buttons","29":"first","30":"instock","31":"taxable","32":"shipping-taxable","33":"purchasable","34":"product-type-simple"},"acf":[],"_links":{"self":[{"href":"https:\/\/lediamant.ch\/de\/wp-json\/wp\/v2\/product\/229128","targetHints":{"allow":["GET"]}}],"collection":[{"href":"https:\/\/lediamant.ch\/de\/wp-json\/wp\/v2\/product"}],"about":[{"href":"https:\/\/lediamant.ch\/de\/wp-json\/wp\/v2\/types\/product"}],"wp:featuredmedia":[{"embeddable":true,"href":"https:\/\/lediamant.ch\/de\/wp-json\/wp\/v2\/media\/229135"}],"wp:attachment":[{"href":"https:\/\/lediamant.ch\/de\/wp-json\/wp\/v2\/media?parent=229128"}],"wp:term":[{"taxonomy":"brand","embeddable":true,"href":"https:\/\/lediamant.ch\/de\/wp-json\/wp\/v2\/brand?post=229128"},{"taxonomy":"product_brand","embeddable":true,"href":"https:\/\/lediamant.ch\/de\/wp-json\/wp\/v2\/product_brand?post=229128"},{"taxonomy":"product_cat","embeddable":true,"href":"https:\/\/lediamant.ch\/de\/wp-json\/wp\/v2\/product_cat?post=229128"},{"taxonomy":"product_tag","embeddable":true,"href":"https:\/\/lediamant.ch\/de\/wp-json\/wp\/v2\/product_tag?post=229128"}],"curies":[{"name":"wp","href":"https:\/\/api.w.org\/{rel}","templated":true}]}}