{"id":229145,"date":"2026-05-13T11:16:05","date_gmt":"2026-05-13T09:16:05","guid":{"rendered":"https:\/\/lediamant.ch\/produit\/unkategorisiert\/hamilton-khaki-navy-scuba-auto-gmt-43-mm\/"},"modified":"2026-05-13T13:48:43","modified_gmt":"2026-05-13T11:48:43","slug":"hamilton-khaki-navy-scuba-auto-gmt-43-mm","status":"publish","type":"product","link":"https:\/\/lediamant.ch\/de\/produit\/uhren\/hamilton-de\/hamilton-khaki-navy-scuba-auto-gmt-43-mm\/","title":{"rendered":"Hamilton Khaki Navy Scuba Auto GMT 43 mm"},"content":{"rendered":"<p>Neue Farbkombinationen verleihen der Khaki Navy Scuba GMT 43 mm Dynamik. Sie verbindet ein robustes Edelstahlgeh\u00e4use und -armband mit einem schwarzen Zifferblatt und einer drehbaren Keramikl\u00fcnette mit 24-Stunden-Skala, die f\u00fcr Abenteuer \u00fcber und unter Wasser konzipiert ist. Das automatische GMT-Uhrwerk erm\u00f6glicht es, m\u00fchelos mehreren Zeitzonen zu folgen, w\u00e4hrend der rote GMT-Zeiger und die drehbare L\u00fcnette eine dritte Zeitzone bieten, um eine echte globale Vielseitigkeit zu gew\u00e4hrleisten. Mit einer Wasserdichtigkeit von 300 Metern, einer verschraubten Krone und einer intuitiven Bedienung, die f\u00fcr die Reise konzipiert wurde, vereint dieser vom Tauchen inspirierte Zeitmesser robuste Leistung und raffinierten Stil f\u00fcr Entdecker in Bewegung.<\/p>\n","protected":false},"excerpt":{"rendered":"<p>Neue Farbkombinationen verleihen der Khaki Navy Scuba GMT 43 mm Dynamik. Sie verbindet ein robustes Edelstahlgeh\u00e4use und -armband mit einem schwarzen Zifferblatt und einer drehbaren Keramikl\u00fcnette mit 24-Stunden-Skala, die f\u00fcr Abenteuer \u00fcber und unter Wasser konzipiert ist. Das automatische GMT-Uhrwerk erm\u00f6glicht es, m\u00fchelos mehreren Zeitzonen zu folgen, w\u00e4hrend der rote GMT-Zeiger und die drehbare L\u00fcnette &#8230; <a title=\"Hamilton Khaki Navy Scuba Auto GMT 43 mm\" class=\"read-more\" href=\"https:\/\/lediamant.ch\/de\/produit\/uhren\/hamilton-de\/hamilton-khaki-navy-scuba-auto-gmt-43-mm\/\" aria-label=\"Mehr Informationen \u00fcber Hamilton Khaki Navy Scuba Auto GMT 43 mm\">Weiterlesen &#8230;<\/a><\/p>\n","protected":false},"featured_media":229146,"template":"","meta":{"_acf_changed":false,"_seopress_robots_primary_cat":"27181","_seopress_titles_title":"","_seopress_titles_desc":"","_seopress_robots_index":""},"brand":[27085],"product_brand":[],"product_cat":[27123,27181,27305],"product_tag":[],"class_list":{"0":"post-229145","1":"product","2":"type-product","3":"status-publish","4":"has-post-thumbnail","6":"brand-hamilton-de","7":"product_cat-uhren","8":"product_cat-hamilton-de","9":"product_cat-khaki-navy-de","10":"pa_couleurduboitier-grau-de","11":"pa_couleurdubracelet-grau-de","12":"pa_couleurducadran-schwarz","13":"pa_dimensions-o-43-mm","14":"pa_etancheite-300m-de","15":"pa_forme-runden","16":"pa_garantie-24monate","17":"pa_genre-mann","18":"pa_matiere-stahl","19":"pa_matierebraceletmontre-edelstahl","20":"pa_modele-de-mouvement-h-14-de","21":"pa_mouvement-automatik-de","22":"pa_swissmade-ja-de","23":"pa_typedemontre-gmt-de","24":"pa_verre-saphir-de","25":"sales-flash-overlay","26":"woocommerce-text-align-center","27":"woocommerce-image-align-center","28":"do-quantity-buttons","30":"first","31":"instock","32":"taxable","33":"shipping-taxable","34":"purchasable","35":"product-type-simple"},"acf":[],"_links":{"self":[{"href":"https:\/\/lediamant.ch\/de\/wp-json\/wp\/v2\/product\/229145","targetHints":{"allow":["GET"]}}],"collection":[{"href":"https:\/\/lediamant.ch\/de\/wp-json\/wp\/v2\/product"}],"about":[{"href":"https:\/\/lediamant.ch\/de\/wp-json\/wp\/v2\/types\/product"}],"wp:featuredmedia":[{"embeddable":true,"href":"https:\/\/lediamant.ch\/de\/wp-json\/wp\/v2\/media\/229146"}],"wp:attachment":[{"href":"https:\/\/lediamant.ch\/de\/wp-json\/wp\/v2\/media?parent=229145"}],"wp:term":[{"taxonomy":"brand","embeddable":true,"href":"https:\/\/lediamant.ch\/de\/wp-json\/wp\/v2\/brand?post=229145"},{"taxonomy":"product_brand","embeddable":true,"href":"https:\/\/lediamant.ch\/de\/wp-json\/wp\/v2\/product_brand?post=229145"},{"taxonomy":"product_cat","embeddable":true,"href":"https:\/\/lediamant.ch\/de\/wp-json\/wp\/v2\/product_cat?post=229145"},{"taxonomy":"product_tag","embeddable":true,"href":"https:\/\/lediamant.ch\/de\/wp-json\/wp\/v2\/product_tag?post=229145"}],"curies":[{"name":"wp","href":"https:\/\/api.w.org\/{rel}","templated":true}]}}