{"id":229170,"date":"2026-05-13T13:51:16","date_gmt":"2026-05-13T11:51:16","guid":{"rendered":"https:\/\/lediamant.ch\/produit\/unkategorisiert\/hamilton-khaki-navy-scuba-auto-40-mm\/"},"modified":"2026-05-13T14:37:53","modified_gmt":"2026-05-13T12:37:53","slug":"hamilton-khaki-navy-scuba-auto-40-mm","status":"publish","type":"product","link":"https:\/\/lediamant.ch\/de\/uhren\/229170-hamilton-khaki-navy-scuba-auto-40-mm-h82415130\/","title":{"rendered":"Hamilton Khaki Navy Scuba Auto 40 mm"},"content":{"rendered":"<p>Die Khaki Navy Scuba Auto 40 mm verleiht der Kollektion eine neue, k\u00fchne Identit\u00e4t und kombiniert ein schwarz lackiertes Zifferblatt mit gepr\u00e4gter Wellenstruktur mit einer \u00fcberarbeiteten Typografie der L\u00fcnette f\u00fcr einen modernen und dynamischen Look, der vom Ozean inspiriert ist. Mit einer Wasserdichtigkeit von 100 Metern, einer verschraubten Krone und einer einseitig drehbaren L\u00fcnette mit 60-Minuten-Teilung verbindet sie die wesentlichen Merkmale einer vom Tauchen inspirierten Werkzeuguhr mit einer raffinierten Vielseitigkeit f\u00fcr den Alltag. Mit einem Edelstahlarmband und in f\u00fcnf verschiedenen Farben erh\u00e4ltlich, setzt diese neue Version Hamiltons Erbe der Pr\u00e4zision und Abenteuer fort, das durch die jahrzehntelange Tradition im Tauchsport gepr\u00e4gt wurde.  <\/p>\n","protected":false},"excerpt":{"rendered":"<p>Die Khaki Navy Scuba Auto 40 mm verleiht der Kollektion eine neue, k\u00fchne Identit\u00e4t und kombiniert ein schwarz lackiertes Zifferblatt mit gepr\u00e4gter Wellenstruktur mit einer \u00fcberarbeiteten Typografie der L\u00fcnette f\u00fcr einen modernen und dynamischen Look, der vom Ozean inspiriert ist. Mit einer Wasserdichtigkeit von 100 Metern, einer verschraubten Krone und einer einseitig drehbaren L\u00fcnette mit &#8230; <a title=\"Hamilton Khaki Navy Scuba Auto 40 mm\" class=\"read-more\" href=\"https:\/\/lediamant.ch\/de\/uhren\/229170-hamilton-khaki-navy-scuba-auto-40-mm-h82415130\/\" aria-label=\"Mehr Informationen \u00fcber Hamilton Khaki Navy Scuba Auto 40 mm\">Weiterlesen &#8230;<\/a><\/p>\n","protected":false},"featured_media":229171,"template":"","meta":{"_acf_changed":false,"_seopress_robots_primary_cat":"27180","_seopress_titles_title":"","_seopress_titles_desc":"","_seopress_robots_index":""},"brand":[27085],"product_brand":[],"product_cat":[27123,27181,27305],"product_tag":[],"class_list":{"0":"post-229170","1":"product","2":"type-product","3":"status-publish","4":"has-post-thumbnail","6":"brand-hamilton-de","7":"product_cat-uhren","8":"product_cat-hamilton-de","9":"product_cat-khaki-navy-de","10":"pa_couleurduboitier-grau-de","11":"pa_couleurdubracelet-grau-de","12":"pa_couleurducadran-schwarz","13":"pa_dimensions-40-mm","14":"pa_etancheite-100m-de","15":"pa_forme-runden","16":"pa_garantie-24monate","17":"pa_genre-mann","18":"pa_matiere-stahl","19":"pa_modele-de-mouvement-h-10-de","20":"pa_mouvement-automatik-de","21":"pa_swissmade-ja-de","22":"pa_typedemontre-taucheruhren","23":"pa_verre-saphir-de","24":"sales-flash-overlay","25":"woocommerce-text-align-center","26":"woocommerce-image-align-center","27":"do-quantity-buttons","29":"first","30":"instock","31":"taxable","32":"shipping-taxable","33":"purchasable","34":"product-type-simple"},"acf":[],"_links":{"self":[{"href":"https:\/\/lediamant.ch\/de\/wp-json\/wp\/v2\/product\/229170","targetHints":{"allow":["GET"]}}],"collection":[{"href":"https:\/\/lediamant.ch\/de\/wp-json\/wp\/v2\/product"}],"about":[{"href":"https:\/\/lediamant.ch\/de\/wp-json\/wp\/v2\/types\/product"}],"wp:featuredmedia":[{"embeddable":true,"href":"https:\/\/lediamant.ch\/de\/wp-json\/wp\/v2\/media\/229171"}],"wp:attachment":[{"href":"https:\/\/lediamant.ch\/de\/wp-json\/wp\/v2\/media?parent=229170"}],"wp:term":[{"taxonomy":"brand","embeddable":true,"href":"https:\/\/lediamant.ch\/de\/wp-json\/wp\/v2\/brand?post=229170"},{"taxonomy":"product_brand","embeddable":true,"href":"https:\/\/lediamant.ch\/de\/wp-json\/wp\/v2\/product_brand?post=229170"},{"taxonomy":"product_cat","embeddable":true,"href":"https:\/\/lediamant.ch\/de\/wp-json\/wp\/v2\/product_cat?post=229170"},{"taxonomy":"product_tag","embeddable":true,"href":"https:\/\/lediamant.ch\/de\/wp-json\/wp\/v2\/product_tag?post=229170"}],"curies":[{"name":"wp","href":"https:\/\/api.w.org\/{rel}","templated":true}]}}