{"id":229188,"date":"2026-05-13T13:51:29","date_gmt":"2026-05-13T11:51:29","guid":{"rendered":"https:\/\/lediamant.ch\/?post_type=product&#038;p=229188"},"modified":"2026-05-13T15:35:44","modified_gmt":"2026-05-13T13:35:44","slug":"hamilton-khaki-navy-auto-40mm","status":"publish","type":"product","link":"https:\/\/lediamant.ch\/de\/uhren\/229188-hamilton-khaki-navy-auto-40mm-h82415330\/","title":{"rendered":"Hamilton Khaki Navy Auto 40mm"},"content":{"rendered":"<p>Die Khaki Navy Scuba Auto 40 mm verleiht der Kollektion eine neue, k\u00fchne Identit\u00e4t und kombiniert ein schwarz lackiertes Zifferblatt mit gepr\u00e4gter Wellenstruktur mit einer \u00fcberarbeiteten Typografie der L\u00fcnette f\u00fcr einen modernen und dynamischen Look, der vom Ozean inspiriert ist. Mit einer Wasserdichtigkeit von 100 Metern, einer verschraubten Krone und einer einseitig drehbaren L\u00fcnette mit 60-Minuten-Teilung vereint sie die wesentlichen Merkmale einer vom Tauchen inspirierten Werkzeuguhr mit einer raffinierten Vielseitigkeit f\u00fcr den Alltag. Mit einem sportlichen Kautschukarmband und in f\u00fcnf verschiedenen Farben erh\u00e4ltlich, setzt diese neue Version Hamiltons Erbe der Pr\u00e4zision und des Abenteuers fort, das durch die jahrzehntelange Tradition im Bereich des Tauchens gepr\u00e4gt wurde.<\/p>\n","protected":false},"excerpt":{"rendered":"<p>Die Khaki Navy Scuba Auto 40 mm verleiht der Kollektion eine neue, k\u00fchne Identit\u00e4t und kombiniert ein schwarz lackiertes Zifferblatt mit gepr\u00e4gter Wellenstruktur mit einer \u00fcberarbeiteten Typografie der L\u00fcnette f\u00fcr einen modernen und dynamischen Look, der vom Ozean inspiriert ist. Mit einer Wasserdichtigkeit von 100 Metern, einer verschraubten Krone und einer einseitig drehbaren L\u00fcnette mit &#8230; <a title=\"Hamilton Khaki Navy Auto 40mm\" class=\"read-more\" href=\"https:\/\/lediamant.ch\/de\/uhren\/229188-hamilton-khaki-navy-auto-40mm-h82415330\/\" aria-label=\"Mehr Informationen \u00fcber Hamilton Khaki Navy Auto 40mm\">Weiterlesen &#8230;<\/a><\/p>\n","protected":false},"featured_media":229189,"template":"","meta":{"_acf_changed":false,"_seopress_robots_primary_cat":"27181","_seopress_titles_title":"","_seopress_titles_desc":"","_seopress_robots_index":""},"brand":[27085],"product_brand":[],"product_cat":[27123,27181,27305],"product_tag":[],"class_list":{"0":"post-229188","1":"product","2":"type-product","3":"status-publish","4":"has-post-thumbnail","6":"brand-hamilton-de","7":"product_cat-uhren","8":"product_cat-hamilton-de","9":"product_cat-khaki-navy-de","10":"pa_couleurduboitier-grau-de","11":"pa_couleurdubracelet-schwarz-de","12":"pa_couleurducadran-schwarz","13":"pa_dimensions-40-mm","14":"pa_etancheite-100m-de","15":"pa_forme-runden","16":"pa_garantie-24monate","17":"pa_genre-mann","18":"pa_matiere-stahl","19":"pa_matierebraceletmontre-kautschuk","20":"pa_modele-de-mouvement-h-10-de","21":"pa_mouvement-automatik-de","22":"pa_swissmade-ja-de","23":"pa_typedemontre-sportuhren","24":"pa_verre-saphir-de","25":"sales-flash-overlay","26":"woocommerce-text-align-center","27":"woocommerce-image-align-center","28":"do-quantity-buttons","30":"first","31":"instock","32":"taxable","33":"shipping-taxable","34":"purchasable","35":"product-type-simple"},"acf":[],"_links":{"self":[{"href":"https:\/\/lediamant.ch\/de\/wp-json\/wp\/v2\/product\/229188","targetHints":{"allow":["GET"]}}],"collection":[{"href":"https:\/\/lediamant.ch\/de\/wp-json\/wp\/v2\/product"}],"about":[{"href":"https:\/\/lediamant.ch\/de\/wp-json\/wp\/v2\/types\/product"}],"wp:featuredmedia":[{"embeddable":true,"href":"https:\/\/lediamant.ch\/de\/wp-json\/wp\/v2\/media\/229189"}],"wp:attachment":[{"href":"https:\/\/lediamant.ch\/de\/wp-json\/wp\/v2\/media?parent=229188"}],"wp:term":[{"taxonomy":"brand","embeddable":true,"href":"https:\/\/lediamant.ch\/de\/wp-json\/wp\/v2\/brand?post=229188"},{"taxonomy":"product_brand","embeddable":true,"href":"https:\/\/lediamant.ch\/de\/wp-json\/wp\/v2\/product_brand?post=229188"},{"taxonomy":"product_cat","embeddable":true,"href":"https:\/\/lediamant.ch\/de\/wp-json\/wp\/v2\/product_cat?post=229188"},{"taxonomy":"product_tag","embeddable":true,"href":"https:\/\/lediamant.ch\/de\/wp-json\/wp\/v2\/product_tag?post=229188"}],"curies":[{"name":"wp","href":"https:\/\/api.w.org\/{rel}","templated":true}]}}