{"id":229202,"date":"2026-05-13T13:51:45","date_gmt":"2026-05-13T11:51:45","guid":{"rendered":"https:\/\/lediamant.ch\/produit\/unkategorisiert\/hamilton-khaki-navy-scuba-auto-40-mm-2\/"},"modified":"2026-05-13T14:48:20","modified_gmt":"2026-05-13T12:48:20","slug":"hamilton-khaki-navy-scuba-auto-40-mm-2","status":"publish","type":"product","link":"https:\/\/lediamant.ch\/de\/uhren\/229202-hamilton-khaki-navy-scuba-auto-40-mm-2-h82425140\/","title":{"rendered":"Hamilton Khaki Navy Scuba Auto 40 mm"},"content":{"rendered":"<p>Die Khaki Navy Scuba Auto 40 mm, die der Kollektion eine neue, k\u00fchne Identit\u00e4t verleiht, kombiniert ein blau lackiertes Zifferblatt mit gepr\u00e4gter Wellenstruktur mit einer \u00fcberarbeiteten L\u00fcnetten-Typografie f\u00fcr einen modernen und dynamischen Look, der vom Ozean inspiriert ist. Mit einer Wasserdichtigkeit von 100 Metern, einer verschraubten Krone und einer einseitig drehbaren L\u00fcnette mit 60-Minuten-Teilung vereint sie die wesentlichen Merkmale einer Taucheruhr mit einer raffinierten Vielseitigkeit f\u00fcr den Alltag. Mit einem Edelstahlarmband und in f\u00fcnf verschiedenen Farben erh\u00e4ltlich, setzt diese neue Version Hamiltons Erbe der Pr\u00e4zision und Abenteuer fort, das durch die jahrzehntelange Tradition im Bereich des Tauchens gepr\u00e4gt wurde.  <\/p>\n","protected":false},"excerpt":{"rendered":"<p>Die Khaki Navy Scuba Auto 40 mm, die der Kollektion eine neue, k\u00fchne Identit\u00e4t verleiht, kombiniert ein blau lackiertes Zifferblatt mit gepr\u00e4gter Wellenstruktur mit einer \u00fcberarbeiteten L\u00fcnetten-Typografie f\u00fcr einen modernen und dynamischen Look, der vom Ozean inspiriert ist. Mit einer Wasserdichtigkeit von 100 Metern, einer verschraubten Krone und einer einseitig drehbaren L\u00fcnette mit 60-Minuten-Teilung vereint &#8230; <a title=\"Hamilton Khaki Navy Scuba Auto 40 mm\" class=\"read-more\" href=\"https:\/\/lediamant.ch\/de\/uhren\/229202-hamilton-khaki-navy-scuba-auto-40-mm-2-h82425140\/\" aria-label=\"Mehr Informationen \u00fcber Hamilton Khaki Navy Scuba Auto 40 mm\">Weiterlesen &#8230;<\/a><\/p>\n","protected":false},"featured_media":229203,"template":"","meta":{"_acf_changed":false,"_seopress_robots_primary_cat":"27180","_seopress_titles_title":"","_seopress_titles_desc":"","_seopress_robots_index":"","_seopress_analysis_target_kw":""},"brand":[27085],"product_brand":[],"product_cat":[27181,27305,27123],"product_tag":[],"class_list":{"0":"post-229202","1":"product","2":"type-product","3":"status-publish","4":"has-post-thumbnail","6":"brand-hamilton-de","7":"product_cat-hamilton-de","8":"product_cat-khaki-navy-de","9":"product_cat-uhren","10":"pa_couleurduboitier-grau-de","11":"pa_couleurdubracelet-grau-de","12":"pa_couleurducadran-blau","13":"pa_dimensions-40-mm","14":"pa_etancheite-100m-de","15":"pa_forme-runden","16":"pa_garantie-24monate","17":"pa_genre-mann","18":"pa_matiere-stahl","19":"pa_matierebraceletmontre-edelstahl","20":"pa_modele-de-mouvement-h-10-de","21":"pa_mouvement-automatik-de","22":"pa_swissmade-ja-de","23":"pa_typedemontre-taucheruhren","24":"pa_verre-saphir-de","25":"sales-flash-overlay","26":"woocommerce-text-align-center","27":"woocommerce-image-align-center","28":"do-quantity-buttons","30":"first","31":"instock","32":"taxable","33":"shipping-taxable","34":"purchasable","35":"product-type-simple"},"acf":[],"_links":{"self":[{"href":"https:\/\/lediamant.ch\/de\/wp-json\/wp\/v2\/product\/229202","targetHints":{"allow":["GET"]}}],"collection":[{"href":"https:\/\/lediamant.ch\/de\/wp-json\/wp\/v2\/product"}],"about":[{"href":"https:\/\/lediamant.ch\/de\/wp-json\/wp\/v2\/types\/product"}],"wp:featuredmedia":[{"embeddable":true,"href":"https:\/\/lediamant.ch\/de\/wp-json\/wp\/v2\/media\/229203"}],"wp:attachment":[{"href":"https:\/\/lediamant.ch\/de\/wp-json\/wp\/v2\/media?parent=229202"}],"wp:term":[{"taxonomy":"brand","embeddable":true,"href":"https:\/\/lediamant.ch\/de\/wp-json\/wp\/v2\/brand?post=229202"},{"taxonomy":"product_brand","embeddable":true,"href":"https:\/\/lediamant.ch\/de\/wp-json\/wp\/v2\/product_brand?post=229202"},{"taxonomy":"product_cat","embeddable":true,"href":"https:\/\/lediamant.ch\/de\/wp-json\/wp\/v2\/product_cat?post=229202"},{"taxonomy":"product_tag","embeddable":true,"href":"https:\/\/lediamant.ch\/de\/wp-json\/wp\/v2\/product_tag?post=229202"}],"curies":[{"name":"wp","href":"https:\/\/api.w.org\/{rel}","templated":true}]}}