{"id":229234,"date":"2026-05-13T13:52:04","date_gmt":"2026-05-13T11:52:04","guid":{"rendered":"https:\/\/lediamant.ch\/produit\/unkategorisiert\/hamilton-khaki-navy-scuba-auto-gmt-43-mm-2\/"},"modified":"2026-05-13T15:32:36","modified_gmt":"2026-05-13T13:32:36","slug":"hamilton-khaki-navy-scuba-auto-gmt-43-mm-2","status":"publish","type":"product","link":"https:\/\/lediamant.ch\/de\/uhren\/229234-hamilton-khaki-navy-scuba-auto-gmt-43-mm-h82535140\/","title":{"rendered":"Hamilton Khaki Navy Scuba Auto GMT 43 mm"},"content":{"rendered":"<p>Die Khaki Navy Scuba GMT 43 mm ist in neuen Farben erh\u00e4ltlich. Sie kombiniert ein robustes Edelstahlgeh\u00e4use mit einem blauen Zifferblatt, einer Keramikl\u00fcnette mit 24-Stunden-Skala und einem Edelstahlarmband, das f\u00fcr Abenteuer \u00fcber und unter Wasser konzipiert wurde. Das automatische GMT-Uhrwerk erm\u00f6glicht es, m\u00fchelos mehreren Zeitzonen zu folgen, w\u00e4hrend der rote GMT-Zeiger und die drehbare L\u00fcnette eine dritte Zeitzone f\u00fcr echte globale Vielseitigkeit bieten. Mit einer Wasserdichtigkeit von 300 Metern, einer verschraubten Krone und einer intuitiven, reisetauglichen Bedienung vereint dieser vom Tauchen inspirierte Zeitmesser robuste Leistung und raffinierten Stil f\u00fcr Entdecker, die immer in Bewegung sind.<\/p>\n","protected":false},"excerpt":{"rendered":"<p>Die Khaki Navy Scuba GMT 43 mm ist in neuen Farben erh\u00e4ltlich. Sie kombiniert ein robustes Edelstahlgeh\u00e4use mit einem blauen Zifferblatt, einer Keramikl\u00fcnette mit 24-Stunden-Skala und einem Edelstahlarmband, das f\u00fcr Abenteuer \u00fcber und unter Wasser konzipiert wurde. Das automatische GMT-Uhrwerk erm\u00f6glicht es, m\u00fchelos mehreren Zeitzonen zu folgen, w\u00e4hrend der rote GMT-Zeiger und die drehbare L\u00fcnette &#8230; <a title=\"Hamilton Khaki Navy Scuba Auto GMT 43 mm\" class=\"read-more\" href=\"https:\/\/lediamant.ch\/de\/uhren\/229234-hamilton-khaki-navy-scuba-auto-gmt-43-mm-h82535140\/\" aria-label=\"Mehr Informationen \u00fcber Hamilton Khaki Navy Scuba Auto GMT 43 mm\">Weiterlesen &#8230;<\/a><\/p>\n","protected":false},"featured_media":229235,"template":"","meta":{"_acf_changed":false,"_seopress_robots_primary_cat":"27181","_seopress_titles_title":"","_seopress_titles_desc":"","_seopress_robots_index":""},"brand":[27085],"product_brand":[],"product_cat":[27123,27181,27305],"product_tag":[],"class_list":{"0":"post-229234","1":"product","2":"type-product","3":"status-publish","4":"has-post-thumbnail","6":"brand-hamilton-de","7":"product_cat-uhren","8":"product_cat-hamilton-de","9":"product_cat-khaki-navy-de","10":"pa_couleurduboitier-grau-de","11":"pa_couleurdubracelet-grau-de","12":"pa_couleurducadran-blau","13":"pa_dimensions-o-43-mm","14":"pa_etancheite-300m-de","15":"pa_forme-runden","16":"pa_garantie-24monate","17":"pa_genre-mann","18":"pa_matiere-stahl","19":"pa_matierebraceletmontre-edelstahl","20":"pa_modele-de-mouvement-h-14-de","21":"pa_mouvement-automatik-de","22":"pa_swissmade-ja-de","23":"pa_typedemontre-gmt-de","24":"pa_typedemontre-taucheruhren","25":"pa_verre-saphir-de","26":"sales-flash-overlay","27":"woocommerce-text-align-center","28":"woocommerce-image-align-center","29":"do-quantity-buttons","31":"first","32":"instock","33":"taxable","34":"shipping-taxable","35":"purchasable","36":"product-type-simple"},"acf":[],"_links":{"self":[{"href":"https:\/\/lediamant.ch\/de\/wp-json\/wp\/v2\/product\/229234","targetHints":{"allow":["GET"]}}],"collection":[{"href":"https:\/\/lediamant.ch\/de\/wp-json\/wp\/v2\/product"}],"about":[{"href":"https:\/\/lediamant.ch\/de\/wp-json\/wp\/v2\/types\/product"}],"wp:featuredmedia":[{"embeddable":true,"href":"https:\/\/lediamant.ch\/de\/wp-json\/wp\/v2\/media\/229235"}],"wp:attachment":[{"href":"https:\/\/lediamant.ch\/de\/wp-json\/wp\/v2\/media?parent=229234"}],"wp:term":[{"taxonomy":"brand","embeddable":true,"href":"https:\/\/lediamant.ch\/de\/wp-json\/wp\/v2\/brand?post=229234"},{"taxonomy":"product_brand","embeddable":true,"href":"https:\/\/lediamant.ch\/de\/wp-json\/wp\/v2\/product_brand?post=229234"},{"taxonomy":"product_cat","embeddable":true,"href":"https:\/\/lediamant.ch\/de\/wp-json\/wp\/v2\/product_cat?post=229234"},{"taxonomy":"product_tag","embeddable":true,"href":"https:\/\/lediamant.ch\/de\/wp-json\/wp\/v2\/product_tag?post=229234"}],"curies":[{"name":"wp","href":"https:\/\/api.w.org\/{rel}","templated":true}]}}