{"id":229339,"date":"2026-05-15T12:57:28","date_gmt":"2026-05-15T10:57:28","guid":{"rendered":"https:\/\/lediamant.ch\/?post_type=product&#038;p=229339"},"modified":"2026-05-15T13:14:48","modified_gmt":"2026-05-15T11:14:48","slug":"tissot-pr-100-ice-hockey-2026-40-mm","status":"publish","type":"product","link":"https:\/\/lediamant.ch\/de\/produit\/uhren\/tissot-de\/tissot-pr-100-ice-hockey-2026-40-mm\/","title":{"rendered":"Tissot PR 100 Ice Hockey 2026 40 mm"},"content":{"rendered":"<div id=\"collapseOne\" class=\"collapse show\" role=\"region\" aria-labelledby=\"headingOne\" data-parent=\"#accordionContainer\">\n<div class=\"ti-fs-14 mt-10 mb-24 pr-lg-30 ti-pdp-details-content\">Diese neue PR100 ist eine 40 mm gro\u00dfe Sonderedition &#8222;Ice Hockey 2026&#8220;, die klassische Quarz-Chronographen mit einem eisblauen Zifferblatt bietet. Diese sportlichen und eleganten Uhren zeichnen sich durch eine polierte Mittelreihe auf dem Armband aus, die f\u00fcr ein gl\u00e4nzenderes Aussehen sorgt, sowie durch eine wei\u00dfe Scheibe im Datumsfenster und einen Standard-Sekundenzeiger. Das Quarzchronographenwerk G10.212 bietet Pr\u00e4zision und Robustheit, erg\u00e4nzt durch eine Wasserdichtigkeit bis 10 bar (100 Meter\/330 Fu\u00df), w\u00e4hrend die Sichtbarkeit bei schlechten Lichtverh\u00e4ltnissen durch die Super-LumiNova\u00ae-Beschichtung auf den nadelf\u00f6rmigen Zeigern gew\u00e4hrleistet wird.<\/div>\n<\/div>\n","protected":false},"excerpt":{"rendered":"<p>Diese neue PR100 ist eine 40 mm gro\u00dfe Sonderedition &#8222;Ice Hockey 2026&#8220;, die klassische Quarz-Chronographen mit einem eisblauen Zifferblatt bietet. Diese sportlichen und eleganten Uhren zeichnen sich durch eine polierte Mittelreihe auf dem Armband aus, die f\u00fcr ein gl\u00e4nzenderes Aussehen sorgt, sowie durch eine wei\u00dfe Scheibe im Datumsfenster und einen Standard-Sekundenzeiger. Das Quarzchronographenwerk G10.212 bietet &#8230; <a title=\"Tissot PR 100 Ice Hockey 2026 40 mm\" class=\"read-more\" href=\"https:\/\/lediamant.ch\/de\/produit\/uhren\/tissot-de\/tissot-pr-100-ice-hockey-2026-40-mm\/\" aria-label=\"Mehr Informationen \u00fcber Tissot PR 100 Ice Hockey 2026 40 mm\">Weiterlesen &#8230;<\/a><\/p>\n","protected":false},"featured_media":211098,"template":"","meta":{"_acf_changed":false,"_seopress_robots_primary_cat":"27159","_seopress_titles_title":"","_seopress_titles_desc":"Die neue PR100 ist eine 40 mm gro\u00dfe Sonderedition \"Ice Hockey 2026\" mit einem gletscherblauen Zifferblatt.","_seopress_robots_index":"","_seopress_analysis_target_kw":""},"brand":[27087],"product_brand":[],"product_cat":[27159,27513,27325,27123],"product_tag":[],"class_list":{"0":"post-229339","1":"product","2":"type-product","3":"status-publish","4":"has-post-thumbnail","6":"brand-tissot-de","7":"product_cat-tissot-de","8":"product_cat-tissot-pr100","9":"product_cat-tissot-spezialitaten","10":"product_cat-uhren","11":"pa_couleurduboitier-grau-de","12":"pa_couleurdubracelet-grau-de","13":"pa_couleurducadran-blau","14":"pa_dimensions-o-40-mm","15":"pa_etancheite-100m-de","16":"pa_forme-runden","17":"pa_garantie-24monate","18":"pa_genre-frau","19":"pa_genre-mann","20":"pa_matiere-stahl","21":"pa_matierebraceletmontre-edelstahl","22":"pa_mouvement-quarzbatterie-de","23":"pa_swissmade-ja-de","24":"pa_typedemontre-chronograph-de","25":"pa_verre-saphir-de","26":"sales-flash-overlay","27":"woocommerce-text-align-center","28":"woocommerce-image-align-center","29":"do-quantity-buttons","31":"first","32":"instock","33":"taxable","34":"shipping-taxable","35":"purchasable","36":"product-type-simple"},"acf":[],"_links":{"self":[{"href":"https:\/\/lediamant.ch\/de\/wp-json\/wp\/v2\/product\/229339","targetHints":{"allow":["GET"]}}],"collection":[{"href":"https:\/\/lediamant.ch\/de\/wp-json\/wp\/v2\/product"}],"about":[{"href":"https:\/\/lediamant.ch\/de\/wp-json\/wp\/v2\/types\/product"}],"wp:featuredmedia":[{"embeddable":true,"href":"https:\/\/lediamant.ch\/de\/wp-json\/wp\/v2\/media\/211098"}],"wp:attachment":[{"href":"https:\/\/lediamant.ch\/de\/wp-json\/wp\/v2\/media?parent=229339"}],"wp:term":[{"taxonomy":"brand","embeddable":true,"href":"https:\/\/lediamant.ch\/de\/wp-json\/wp\/v2\/brand?post=229339"},{"taxonomy":"product_brand","embeddable":true,"href":"https:\/\/lediamant.ch\/de\/wp-json\/wp\/v2\/product_brand?post=229339"},{"taxonomy":"product_cat","embeddable":true,"href":"https:\/\/lediamant.ch\/de\/wp-json\/wp\/v2\/product_cat?post=229339"},{"taxonomy":"product_tag","embeddable":true,"href":"https:\/\/lediamant.ch\/de\/wp-json\/wp\/v2\/product_tag?post=229339"}],"curies":[{"name":"wp","href":"https:\/\/api.w.org\/{rel}","templated":true}]}}