{"id":229442,"date":"2026-05-15T15:48:05","date_gmt":"2026-05-15T13:48:05","guid":{"rendered":"https:\/\/lediamant.ch\/produit\/unkategorisiert\/tissot-seastar-1000-40mm-5\/"},"modified":"2026-05-15T16:08:52","modified_gmt":"2026-05-15T14:08:52","slug":"tissot-seastar-1000-40mm-5","status":"publish","type":"product","link":"https:\/\/lediamant.ch\/de\/uhren\/229442-tissot-seastar-1000-40mm-t1204101109100\/","title":{"rendered":"Tissot Seastar 1000 40mm"},"content":{"rendered":"<p>Vom ersten Blick bis zum t\u00e4glichen Gebrauch verk\u00f6rpert die Seastar 1000 Quartz 40 mm das perfekte Gleichgewicht zwischen Stil, Leistung und Vielseitigkeit. Sie vereint zeitlose Eleganz und Schweizer Uhrmacherkunst und zeichnet sich durch ihr meisterhaftes Design und ihre f\u00fcr das Abenteuer konzipierten Funktionen aus. Diese Uhr verdankt ihren Namen ihrer beeindruckenden Wasserdichtigkeit von 30 ATM \/ 300 m, die ideal f\u00fcr alle Wassersportaktivit\u00e4ten ist. Die einseitig drehbare L\u00fcnette erm\u00f6glicht eine zuverl\u00e4ssige Zeitmessung bei Tauchg\u00e4ngen, w\u00e4hrend die mit Super-LumiNova\u00ae beschichteten Zeiger und Indizes auch bei schlechten Lichtverh\u00e4ltnissen eine hervorragende Ablesbarkeit gew\u00e4hrleisten. Dank des Tissot Armband-Schnellwechselsystems ist die Personalisierung Ihrer Uhr eine einfache und sofortige Geste. Eine gro\u00dfe Auswahl an kompatiblen Armb\u00e4ndern erm\u00f6glicht es Ihnen, Ihren Stil an jede Stimmung oder Gelegenheit anzupassen. Diese Version besticht durch ihr leuchtendes t\u00fcrkisfarbenes Zifferblatt, die L\u00fcnette aus Mineralglas und das Armband aus Edelstahl, die eine moderne und sportliche \u00c4sthetik bieten, die den k\u00fchnen Geist der Seastar-Kollektion voll und ganz widerspiegelt.<\/p>\n","protected":false},"excerpt":{"rendered":"<p>Vom ersten Blick bis zum t\u00e4glichen Gebrauch verk\u00f6rpert die Seastar 1000 Quartz 40 mm das perfekte Gleichgewicht zwischen Stil, Leistung und Vielseitigkeit. Sie vereint zeitlose Eleganz und Schweizer Uhrmacherkunst und zeichnet sich durch ihr meisterhaftes Design und ihre f\u00fcr das Abenteuer konzipierten Funktionen aus. Diese Uhr verdankt ihren Namen ihrer beeindruckenden Wasserdichtigkeit von 30 ATM &#8230; <a title=\"Tissot Seastar 1000 40mm\" class=\"read-more\" href=\"https:\/\/lediamant.ch\/de\/uhren\/229442-tissot-seastar-1000-40mm-t1204101109100\/\" aria-label=\"Mehr Informationen \u00fcber Tissot Seastar 1000 40mm\">Weiterlesen &#8230;<\/a><\/p>\n","protected":false},"featured_media":229436,"template":"","meta":{"_acf_changed":false,"_seopress_robots_primary_cat":"27159","_seopress_titles_title":"","_seopress_titles_desc":"","_seopress_robots_index":"","_seopress_analysis_target_kw":""},"brand":[27087],"product_brand":[],"product_cat":[27159,27441,27203,27123],"product_tag":[],"class_list":{"0":"post-229442","1":"product","2":"type-product","3":"status-publish","4":"has-post-thumbnail","6":"brand-tissot-de","7":"product_cat-tissot-de","8":"product_cat-tissot-seastar","9":"product_cat-tissot-sport","10":"product_cat-uhren","11":"pa_couleurduboitier-grau-de","12":"pa_couleurdubracelet-grau-de","13":"pa_couleurducadran-turkis","14":"pa_dimensions-40-mm","15":"pa_etancheite-300m-de","16":"pa_forme-runden","17":"pa_garantie-24monate","18":"pa_genre-frau","19":"pa_genre-mann","20":"pa_matiere-stahl","21":"pa_matierebraceletmontre-edelstahl","22":"pa_modele-de-mouvement-f06-412","23":"pa_mouvement-quarzbatterie-de","24":"pa_swissmade-ja-de","25":"pa_typedemontre-taucheruhren","26":"pa_verre-saphir-de","27":"sales-flash-overlay","28":"woocommerce-text-align-center","29":"woocommerce-image-align-center","30":"do-quantity-buttons","32":"first","33":"instock","34":"taxable","35":"shipping-taxable","36":"purchasable","37":"product-type-simple"},"acf":[],"_links":{"self":[{"href":"https:\/\/lediamant.ch\/de\/wp-json\/wp\/v2\/product\/229442","targetHints":{"allow":["GET"]}}],"collection":[{"href":"https:\/\/lediamant.ch\/de\/wp-json\/wp\/v2\/product"}],"about":[{"href":"https:\/\/lediamant.ch\/de\/wp-json\/wp\/v2\/types\/product"}],"wp:featuredmedia":[{"embeddable":true,"href":"https:\/\/lediamant.ch\/de\/wp-json\/wp\/v2\/media\/229436"}],"wp:attachment":[{"href":"https:\/\/lediamant.ch\/de\/wp-json\/wp\/v2\/media?parent=229442"}],"wp:term":[{"taxonomy":"brand","embeddable":true,"href":"https:\/\/lediamant.ch\/de\/wp-json\/wp\/v2\/brand?post=229442"},{"taxonomy":"product_brand","embeddable":true,"href":"https:\/\/lediamant.ch\/de\/wp-json\/wp\/v2\/product_brand?post=229442"},{"taxonomy":"product_cat","embeddable":true,"href":"https:\/\/lediamant.ch\/de\/wp-json\/wp\/v2\/product_cat?post=229442"},{"taxonomy":"product_tag","embeddable":true,"href":"https:\/\/lediamant.ch\/de\/wp-json\/wp\/v2\/product_tag?post=229442"}],"curies":[{"name":"wp","href":"https:\/\/api.w.org\/{rel}","templated":true}]}}