{"id":229479,"date":"2026-05-15T15:52:00","date_gmt":"2026-05-15T13:52:00","guid":{"rendered":"https:\/\/lediamant.ch\/produit\/unkategorisiert\/tissot-seastar-1000-36mm-6\/"},"modified":"2026-05-15T17:08:40","modified_gmt":"2026-05-15T15:08:40","slug":"tissot-seastar-1000-36mm-6","status":"publish","type":"product","link":"https:\/\/lediamant.ch\/de\/uhren\/229479-tissot-seastar-1000-36mm-t1202101109100\/","title":{"rendered":"Tissot Seastar 1000 36mm"},"content":{"rendered":"<p>Die Seastar 1000 Quartz 36 mm wurde entwickelt, um jeden Moment zu begleiten. Sie kombiniert einen starken Stil, Leistung und Vielseitigkeit. Als Ausdruck des Schweizer Uhrmacherhandwerks vereint sie zeitlose Eleganz mit abenteuerlichen Technologien. Die Uhr wurde f\u00fcr das Meer und die Stadt konzipiert und verdankt ihren Namen ihrer beeindruckenden Wasserdichtigkeit von 30 bar \/ 300 m. Die einseitig drehbare L\u00fcnette misst zuverl\u00e4ssig jeden Tauchgang, w\u00e4hrend die mit Super-LumiNova\u00ae beschichteten Zeiger und Indizes selbst unter den dunkelsten Bedingungen eine perfekte Ablesbarkeit garantieren. Mit dem Tissot Armband-Schnellwechselsystem wird die Anpassung des eigenen Stils zu einer einfachen Geste: eine gro\u00dfe Auswahl an kompatiblen Armb\u00e4ndern erm\u00f6glicht es, die Uhr an jeden Wunsch oder Anlass anzupassen. Diese Version zeichnet sich durch ein leuchtendes t\u00fcrkisfarbenes Zifferblatt, eine L\u00fcnette aus Mineralglas und ein Armband aus Edelstahl aus, f\u00fcr einen sportlichen, modernen und k\u00fchnen Look, der der DNA der Seastar-Kollektion treu bleibt.<\/p>\n","protected":false},"excerpt":{"rendered":"<p>Die Seastar 1000 Quartz 36 mm wurde entwickelt, um jeden Moment zu begleiten. Sie kombiniert einen starken Stil, Leistung und Vielseitigkeit. Als Ausdruck des Schweizer Uhrmacherhandwerks vereint sie zeitlose Eleganz mit abenteuerlichen Technologien. Die Uhr wurde f\u00fcr das Meer und die Stadt konzipiert und verdankt ihren Namen ihrer beeindruckenden Wasserdichtigkeit von 30 bar \/ 300 &#8230; <a title=\"Tissot Seastar 1000 36mm\" class=\"read-more\" href=\"https:\/\/lediamant.ch\/de\/uhren\/229479-tissot-seastar-1000-36mm-t1202101109100\/\" aria-label=\"Mehr Informationen \u00fcber Tissot Seastar 1000 36mm\">Weiterlesen &#8230;<\/a><\/p>\n","protected":false},"featured_media":229480,"template":"","meta":{"_acf_changed":false,"_seopress_robots_primary_cat":"27159","_seopress_titles_title":"","_seopress_titles_desc":"","_seopress_robots_index":"","_seopress_analysis_target_kw":""},"brand":[27087],"product_brand":[],"product_cat":[27159,27441,27203,27123],"product_tag":[],"class_list":{"0":"post-229479","1":"product","2":"type-product","3":"status-publish","4":"has-post-thumbnail","6":"brand-tissot-de","7":"product_cat-tissot-de","8":"product_cat-tissot-seastar","9":"product_cat-tissot-sport","10":"product_cat-uhren","11":"pa_couleurduboitier-grau-de","12":"pa_couleurdubracelet-grau-de","13":"pa_couleurducadran-turkis","14":"pa_dimensions-36-mm","15":"pa_etancheite-300m-de","16":"pa_forme-runden","17":"pa_garantie-24monate","18":"pa_genre-frau","19":"pa_matiere-stahl","20":"pa_matierebraceletmontre-edelstahl","21":"pa_modele-de-mouvement-f05-412","22":"pa_mouvement-quarzbatterie-de","23":"pa_option-boitier-lunette-aus-mineralglas-verschraubte-krone-und-gehauseboden-gegen-den-uhrzeigersinn-drehbare-lunette","24":"pa_swissmade-ja-de","25":"pa_typedemontre-sportuhren","26":"pa_verre-saphir-de","27":"sales-flash-overlay","28":"woocommerce-text-align-center","29":"woocommerce-image-align-center","30":"do-quantity-buttons","32":"first","33":"instock","34":"taxable","35":"shipping-taxable","36":"purchasable","37":"product-type-simple"},"acf":[],"_links":{"self":[{"href":"https:\/\/lediamant.ch\/de\/wp-json\/wp\/v2\/product\/229479","targetHints":{"allow":["GET"]}}],"collection":[{"href":"https:\/\/lediamant.ch\/de\/wp-json\/wp\/v2\/product"}],"about":[{"href":"https:\/\/lediamant.ch\/de\/wp-json\/wp\/v2\/types\/product"}],"wp:featuredmedia":[{"embeddable":true,"href":"https:\/\/lediamant.ch\/de\/wp-json\/wp\/v2\/media\/229480"}],"wp:attachment":[{"href":"https:\/\/lediamant.ch\/de\/wp-json\/wp\/v2\/media?parent=229479"}],"wp:term":[{"taxonomy":"brand","embeddable":true,"href":"https:\/\/lediamant.ch\/de\/wp-json\/wp\/v2\/brand?post=229479"},{"taxonomy":"product_brand","embeddable":true,"href":"https:\/\/lediamant.ch\/de\/wp-json\/wp\/v2\/product_brand?post=229479"},{"taxonomy":"product_cat","embeddable":true,"href":"https:\/\/lediamant.ch\/de\/wp-json\/wp\/v2\/product_cat?post=229479"},{"taxonomy":"product_tag","embeddable":true,"href":"https:\/\/lediamant.ch\/de\/wp-json\/wp\/v2\/product_tag?post=229479"}],"curies":[{"name":"wp","href":"https:\/\/api.w.org\/{rel}","templated":true}]}}