{"id":229483,"date":"2026-05-15T15:53:05","date_gmt":"2026-05-15T13:53:05","guid":{"rendered":"https:\/\/lediamant.ch\/produit\/unkategorisiert\/tissot-pr-100-36mm\/"},"modified":"2026-05-15T17:24:22","modified_gmt":"2026-05-15T15:24:22","slug":"tissot-pr-100-36mm","status":"publish","type":"product","link":"https:\/\/lediamant.ch\/de\/produit\/uhren\/tissot-de\/tissot-classic\/tissot-pr100\/tissot-pr-100-36mm\/","title":{"rendered":"Tissot PR 100 Chronograph 36mm"},"content":{"rendered":"<p>Die PR100 Kollektion umfasst klassische Quarz-Chronographen, die in einer Vielzahl von Farben angeboten werden, um zu jedem Stil zu passen. Die neue 36 mm Version des PR100 Chrono verbindet auf subtile Weise sportlichen Geist mit moderner Eleganz. Ausgestattet mit dem Quarzchronographenwerk G15.212 bietet sie eine zuverl\u00e4ssige Pr\u00e4zision und Robustheit f\u00fcr den t\u00e4glichen Gebrauch. Die Wasserdichtigkeit bis 10 bar (100 m \/ 330 Fu\u00df) macht ihn zum idealen Begleiter f\u00fcr einen aktiven Lebensstil, w\u00e4hrend die mit Super-LumiNova\u00ae beschichteten Zeiger auch bei schlechten Lichtverh\u00e4ltnissen eine hervorragende Ablesbarkeit gew\u00e4hrleisten. Mit dem Tissot Armband-Schnellwechselsystem wird die Personalisierung der Uhr zu einer einfachen und intuitiven Geste. Eine gro\u00dfe Auswahl an kompatiblen Armb\u00e4ndern erm\u00f6glicht es, den Look der Uhr je nach Anlass oder Stimmung anzupassen. Diese Version zeichnet sich durch ein Zifferblatt aus blauem Perlmutt mit subtiler Irisierung und ein Armband aus Edelstahl aus.      <\/p>\n","protected":false},"excerpt":{"rendered":"<p>Die PR100 Kollektion umfasst klassische Quarz-Chronographen, die in einer Vielzahl von Farben angeboten werden, um zu jedem Stil zu passen. Die neue 36 mm Version des PR100 Chrono verbindet auf subtile Weise sportlichen Geist mit moderner Eleganz. Ausgestattet mit dem Quarzchronographenwerk G15.212 bietet sie eine zuverl\u00e4ssige Pr\u00e4zision und Robustheit f\u00fcr den t\u00e4glichen Gebrauch. Die Wasserdichtigkeit &#8230; <a title=\"Tissot PR 100 Chronograph 36mm\" class=\"read-more\" href=\"https:\/\/lediamant.ch\/de\/produit\/uhren\/tissot-de\/tissot-classic\/tissot-pr100\/tissot-pr-100-36mm\/\" aria-label=\"Mehr Informationen \u00fcber Tissot PR 100 Chronograph 36mm\">Weiterlesen &#8230;<\/a><\/p>\n","protected":false},"featured_media":229484,"template":"","meta":{"_acf_changed":false,"_seopress_robots_primary_cat":"27158","_seopress_titles_title":"","_seopress_titles_desc":"","_seopress_robots_index":"","_seopress_analysis_target_kw":""},"brand":[27087],"product_brand":[],"product_cat":[27159,27245,27513,27123],"product_tag":[],"class_list":{"0":"post-229483","1":"product","2":"type-product","3":"status-publish","4":"has-post-thumbnail","6":"brand-tissot-de","7":"product_cat-tissot-de","8":"product_cat-tissot-classic","9":"product_cat-tissot-pr100","10":"product_cat-uhren","11":"pa_couleurduboitier-grau-de","12":"pa_couleurdubracelet-grau-de","13":"pa_couleurducadran-blau","14":"pa_couleurducadran-perlmutt","15":"pa_dimensions-36-mm","16":"pa_etancheite-100m-de","17":"pa_forme-runden","18":"pa_garantie-24monate","19":"pa_genre-frau","20":"pa_matiere-stahl","21":"pa_matierebraceletmontre-edelstahl","22":"pa_modele-de-mouvement-g15-212","23":"pa_mouvement-quarzbatterie-de","24":"pa_swissmade-ja-de","25":"pa_typedemontre-chronograph-de","26":"pa_verre-saphir-de","27":"sales-flash-overlay","28":"woocommerce-text-align-center","29":"woocommerce-image-align-center","30":"do-quantity-buttons","32":"first","33":"instock","34":"taxable","35":"shipping-taxable","36":"purchasable","37":"product-type-simple"},"acf":[],"_links":{"self":[{"href":"https:\/\/lediamant.ch\/de\/wp-json\/wp\/v2\/product\/229483","targetHints":{"allow":["GET"]}}],"collection":[{"href":"https:\/\/lediamant.ch\/de\/wp-json\/wp\/v2\/product"}],"about":[{"href":"https:\/\/lediamant.ch\/de\/wp-json\/wp\/v2\/types\/product"}],"wp:featuredmedia":[{"embeddable":true,"href":"https:\/\/lediamant.ch\/de\/wp-json\/wp\/v2\/media\/229484"}],"wp:attachment":[{"href":"https:\/\/lediamant.ch\/de\/wp-json\/wp\/v2\/media?parent=229483"}],"wp:term":[{"taxonomy":"brand","embeddable":true,"href":"https:\/\/lediamant.ch\/de\/wp-json\/wp\/v2\/brand?post=229483"},{"taxonomy":"product_brand","embeddable":true,"href":"https:\/\/lediamant.ch\/de\/wp-json\/wp\/v2\/product_brand?post=229483"},{"taxonomy":"product_cat","embeddable":true,"href":"https:\/\/lediamant.ch\/de\/wp-json\/wp\/v2\/product_cat?post=229483"},{"taxonomy":"product_tag","embeddable":true,"href":"https:\/\/lediamant.ch\/de\/wp-json\/wp\/v2\/product_tag?post=229483"}],"curies":[{"name":"wp","href":"https:\/\/api.w.org\/{rel}","templated":true}]}}