{"id":229491,"date":"2026-05-15T15:54:09","date_gmt":"2026-05-15T13:54:09","guid":{"rendered":"https:\/\/lediamant.ch\/produit\/unkategorisiert\/tissot-pr-100-40mm-7\/"},"modified":"2026-05-15T17:37:36","modified_gmt":"2026-05-15T15:37:36","slug":"tissot-pr-100-40mm-7","status":"publish","type":"product","link":"https:\/\/lediamant.ch\/de\/uhren\/229491-tissot-pr-100-40mm-t1504101703700\/","title":{"rendered":"Tissot PR 100 40mm"},"content":{"rendered":"<p>Die neue PR100 40 mm wurde f\u00fcr Radsportbegeisterte entworfen und ist eine Hommage an den Sportgeist durch eine Reihe gepflegter Details. Der Geh\u00e4useboden und die L\u00fcnette sind fein mit Motiven von Radfahrern graviert, was diesem Modell einen einzigartigen und authentischen Touch verleiht. Mit dem schlichten grauen Zifferblatt und dem zweifarbigen Textilarmband in Wei\u00df und Beige ist diese Uhr sowohl f\u00fcr den Alltag als auch f\u00fcr legere Anl\u00e4sse geeignet. Das Quarzwerk sorgt f\u00fcr eine zuverl\u00e4ssige Pr\u00e4zision und Robustheit. Die Uhr ist wasserdicht bis 10 bar (100 m) und somit ein idealer Begleiter bei allen Aktivit\u00e4ten, w\u00e4hrend die mit Super-LumiNova\u00ae beschichteten Zeiger auch bei schlechten Lichtverh\u00e4ltnissen eine optimale Ablesbarkeit gew\u00e4hrleisten. Dank des Tissot Armband-Schnellwechselsystems kann die Uhr im Handumdrehen personalisiert werden. Eine gro\u00dfe Auswahl an kompatiblen Armb\u00e4ndern macht es einfach, den Stil der Uhr je nach Stimmung oder Anlass anzupassen.<\/p>\n","protected":false},"excerpt":{"rendered":"<p>Die neue PR100 40 mm wurde f\u00fcr Radsportbegeisterte entworfen und ist eine Hommage an den Sportgeist durch eine Reihe gepflegter Details. Der Geh\u00e4useboden und die L\u00fcnette sind fein mit Motiven von Radfahrern graviert, was diesem Modell einen einzigartigen und authentischen Touch verleiht. Mit dem schlichten grauen Zifferblatt und dem zweifarbigen Textilarmband in Wei\u00df und Beige &#8230; <a title=\"Tissot PR 100 40mm\" class=\"read-more\" href=\"https:\/\/lediamant.ch\/de\/uhren\/229491-tissot-pr-100-40mm-t1504101703700\/\" aria-label=\"Mehr Informationen \u00fcber Tissot PR 100 40mm\">Weiterlesen &#8230;<\/a><\/p>\n","protected":false},"featured_media":229492,"template":"","meta":{"_acf_changed":false,"_seopress_robots_primary_cat":"27159","_seopress_titles_title":"","_seopress_titles_desc":"","_seopress_robots_index":"","_seopress_analysis_target_kw":""},"brand":[27087],"product_brand":[],"product_cat":[27159,27245,27513,27123],"product_tag":[],"class_list":{"0":"post-229491","1":"product","2":"type-product","3":"status-publish","4":"has-post-thumbnail","6":"brand-tissot-de","7":"product_cat-tissot-de","8":"product_cat-tissot-classic","9":"product_cat-tissot-pr100","10":"product_cat-uhren","11":"pa_couleurduboitier-grau-de","12":"pa_couleurdubracelet-grau-de","13":"pa_couleurducadran-grau","14":"pa_dimensions-40-mm","15":"pa_etancheite-100m-de","16":"pa_forme-runden","17":"pa_garantie-24monate","18":"pa_genre-mann","19":"pa_matiere-stahl","20":"pa_matierebraceletmontre-textil-de","21":"pa_modele-de-mouvement-eta-f06-615","22":"pa_mouvement-quarzbatterie-de","23":"pa_swissmade-ja-de","24":"pa_verre-saphir-de","25":"sales-flash-overlay","26":"woocommerce-text-align-center","27":"woocommerce-image-align-center","28":"do-quantity-buttons","30":"first","31":"instock","32":"taxable","33":"shipping-taxable","34":"purchasable","35":"product-type-simple"},"acf":[],"_links":{"self":[{"href":"https:\/\/lediamant.ch\/de\/wp-json\/wp\/v2\/product\/229491","targetHints":{"allow":["GET"]}}],"collection":[{"href":"https:\/\/lediamant.ch\/de\/wp-json\/wp\/v2\/product"}],"about":[{"href":"https:\/\/lediamant.ch\/de\/wp-json\/wp\/v2\/types\/product"}],"wp:featuredmedia":[{"embeddable":true,"href":"https:\/\/lediamant.ch\/de\/wp-json\/wp\/v2\/media\/229492"}],"wp:attachment":[{"href":"https:\/\/lediamant.ch\/de\/wp-json\/wp\/v2\/media?parent=229491"}],"wp:term":[{"taxonomy":"brand","embeddable":true,"href":"https:\/\/lediamant.ch\/de\/wp-json\/wp\/v2\/brand?post=229491"},{"taxonomy":"product_brand","embeddable":true,"href":"https:\/\/lediamant.ch\/de\/wp-json\/wp\/v2\/product_brand?post=229491"},{"taxonomy":"product_cat","embeddable":true,"href":"https:\/\/lediamant.ch\/de\/wp-json\/wp\/v2\/product_cat?post=229491"},{"taxonomy":"product_tag","embeddable":true,"href":"https:\/\/lediamant.ch\/de\/wp-json\/wp\/v2\/product_tag?post=229491"}],"curies":[{"name":"wp","href":"https:\/\/api.w.org\/{rel}","templated":true}]}}