{"id":229498,"date":"2026-05-15T15:54:49","date_gmt":"2026-05-15T13:54:49","guid":{"rendered":"https:\/\/lediamant.ch\/produit\/unkategorisiert\/tissot-seastar-1000-quartz-chronograph-38mm-6\/"},"modified":"2026-05-15T17:48:15","modified_gmt":"2026-05-15T15:48:15","slug":"tissot-seastar-1000-quartz-chronograph-38mm-6","status":"publish","type":"product","link":"https:\/\/lediamant.ch\/de\/uhren\/229498-tissot-seastar-1000-quartz-chronograph-38mm-t1202171101100\/","title":{"rendered":"Tissot Seastar 1000 Quartz Chronograph 38mm"},"content":{"rendered":"<p>Der neue 38 mm Quarz-Chronograph, der die Seastar-Linie erbt, interpretiert die emblematische Identit\u00e4t der Kollektion mit einem ausgepr\u00e4gten Stil neu. Er verbindet Pr\u00e4zision und Dynamik und verleiht einem vielseitigen Format, das an vielen Handgelenken getragen werden kann, eine einzigartige Pers\u00f6nlichkeit. Das 38 mm Edelstahlgeh\u00e4use bietet eine bemerkenswerte Wasserdichtigkeit bis 30 bar (300 m \/ 1000 Fu\u00df) und garantiert eine zuverl\u00e4ssige Leistung sowohl beim Untertauchen als auch im Alltag. Das Modell wird von einem Schweizer Quarzchronographenwerk angetrieben und ist mit einer Wassersportl\u00fcnette, einer verschraubten Krone und einem verschraubten Geh\u00e4useboden sowie Chronographenz\u00e4hlern ausgestattet, die eine pr\u00e4zise Zeitmessung gew\u00e4hrleisten. Die Leuchtzeiger und -indizes sorgen f\u00fcr eine hervorragende Ablesbarkeit auch bei schlechten Lichtverh\u00e4ltnissen. Diese Version zeichnet sich durch ein graues Zifferblatt mit Farbverlauf aus, das mit einer wei\u00dfen Minerall\u00fcnette kombiniert ist. Dazu gibt es ein Edelstahlarmband mit Schnelll\u00f6semechanismus, das ideal ist, um seinen Stil mit einer einzigen Geste zu personalisieren.<\/p>\n","protected":false},"excerpt":{"rendered":"<p>Der neue 38 mm Quarz-Chronograph, der die Seastar-Linie erbt, interpretiert die emblematische Identit\u00e4t der Kollektion mit einem ausgepr\u00e4gten Stil neu. Er verbindet Pr\u00e4zision und Dynamik und verleiht einem vielseitigen Format, das an vielen Handgelenken getragen werden kann, eine einzigartige Pers\u00f6nlichkeit. Das 38 mm Edelstahlgeh\u00e4use bietet eine bemerkenswerte Wasserdichtigkeit bis 30 bar (300 m \/ 1000 &#8230; <a title=\"Tissot Seastar 1000 Quartz Chronograph 38mm\" class=\"read-more\" href=\"https:\/\/lediamant.ch\/de\/uhren\/229498-tissot-seastar-1000-quartz-chronograph-38mm-t1202171101100\/\" aria-label=\"Mehr Informationen \u00fcber Tissot Seastar 1000 Quartz Chronograph 38mm\">Weiterlesen &#8230;<\/a><\/p>\n","protected":false},"featured_media":229499,"template":"","meta":{"_acf_changed":false,"_seopress_robots_primary_cat":"27159","_seopress_titles_title":"","_seopress_titles_desc":"","_seopress_robots_index":"","_seopress_analysis_target_kw":""},"brand":[27087],"product_brand":[],"product_cat":[27159,27441,27203,27123],"product_tag":[],"class_list":{"0":"post-229498","1":"product","2":"type-product","3":"status-publish","4":"has-post-thumbnail","6":"brand-tissot-de","7":"product_cat-tissot-de","8":"product_cat-tissot-seastar","9":"product_cat-tissot-sport","10":"product_cat-uhren","11":"pa_couleurduboitier-grau-de","12":"pa_couleurdubracelet-grau-de","13":"pa_couleurducadran-grau","14":"pa_dimensions-38-mm","15":"pa_etancheite-300m-de","16":"pa_forme-runden","17":"pa_garantie-24monate","18":"pa_genre-frau","19":"pa_matiere-stahl","20":"pa_matierebraceletmontre-edelstahl","21":"pa_modele-de-mouvement-g15-212","22":"pa_mouvement-quarzbatterie-de","23":"pa_option-boitier-lunette-aus-mineralglas-gegen-den-uhrzeigersinn-drehbare-lunette-verschraubte-krone-und-gehauseboden","24":"pa_swissmade-ja-de","25":"pa_typedemontre-chronograph-de","26":"pa_verre-saphir-de","27":"sales-flash-overlay","28":"woocommerce-text-align-center","29":"woocommerce-image-align-center","30":"do-quantity-buttons","32":"first","33":"instock","34":"taxable","35":"shipping-taxable","36":"purchasable","37":"product-type-simple"},"acf":[],"_links":{"self":[{"href":"https:\/\/lediamant.ch\/de\/wp-json\/wp\/v2\/product\/229498","targetHints":{"allow":["GET"]}}],"collection":[{"href":"https:\/\/lediamant.ch\/de\/wp-json\/wp\/v2\/product"}],"about":[{"href":"https:\/\/lediamant.ch\/de\/wp-json\/wp\/v2\/types\/product"}],"wp:featuredmedia":[{"embeddable":true,"href":"https:\/\/lediamant.ch\/de\/wp-json\/wp\/v2\/media\/229499"}],"wp:attachment":[{"href":"https:\/\/lediamant.ch\/de\/wp-json\/wp\/v2\/media?parent=229498"}],"wp:term":[{"taxonomy":"brand","embeddable":true,"href":"https:\/\/lediamant.ch\/de\/wp-json\/wp\/v2\/brand?post=229498"},{"taxonomy":"product_brand","embeddable":true,"href":"https:\/\/lediamant.ch\/de\/wp-json\/wp\/v2\/product_brand?post=229498"},{"taxonomy":"product_cat","embeddable":true,"href":"https:\/\/lediamant.ch\/de\/wp-json\/wp\/v2\/product_cat?post=229498"},{"taxonomy":"product_tag","embeddable":true,"href":"https:\/\/lediamant.ch\/de\/wp-json\/wp\/v2\/product_tag?post=229498"}],"curies":[{"name":"wp","href":"https:\/\/api.w.org\/{rel}","templated":true}]}}