{"id":229522,"date":"2026-05-15T15:55:16","date_gmt":"2026-05-15T13:55:16","guid":{"rendered":"https:\/\/lediamant.ch\/?post_type=product&#038;p=229522"},"modified":"2026-05-15T18:14:36","modified_gmt":"2026-05-15T16:14:36","slug":"tissot-pr-100-chronograph-36mm","status":"publish","type":"product","link":"https:\/\/lediamant.ch\/de\/uhren\/229522-tissot-pr-100-chronograph-36mm-t1502171111100\/","title":{"rendered":"Tissot PR 100 Chronograph 36mm"},"content":{"rendered":"<div id=\"collapseOne\" class=\"collapse show\" role=\"region\" aria-labelledby=\"headingOne\" data-parent=\"#accordionContainer\">\n<div class=\"ti-fs-14 mt-10 mb-24 pr-lg-30 ti-pdp-details-content\">Die PR100 Kollektion bietet klassische Quarz-Chronographen, die in einer breiten Farbpalette erh\u00e4ltlich sind, um zu jedem Stil zu passen. Diese 36 mm Version des PR100 Chrono kombiniert auf subtile Weise sportliche Ausstrahlung mit zeitgen\u00f6ssischer Eleganz. Ausgestattet mit dem Quarzchronographenwerk G15.212 bietet sie eine zuverl\u00e4ssige Pr\u00e4zision und Robustheit, die f\u00fcr den t\u00e4glichen Gebrauch ideal ist. Die Wasserdichtigkeit bis 10 bar (100 m \/ 330 Fu\u00df) macht sie zu einem vielseitigen Modell, w\u00e4hrend die mit Super-LumiNova\u00ae beschichteten Zeiger auch bei schlechten Lichtverh\u00e4ltnissen eine optimale Ablesbarkeit gew\u00e4hrleisten. Mit dem Tissot Armband-Schnellwechselsystem wird die Personalisierung der Uhr einfach und intuitiv. Eine gro\u00dfe Auswahl an kompatiblen Armb\u00e4ndern erm\u00f6glicht es Ihnen, Ihren Stil je nach Stimmung oder Anlass anzupassen. Diese Version zeichnet sich durch ein helles, zart schillerndes wei\u00dfes Perlmuttzifferblatt aus, das mit einem Edelstahlarmband f\u00fcr einen zeitlosen Look kombiniert wird, der Eleganz und Modernit\u00e4t vereint.<\/div>\n<\/div>\n","protected":false},"excerpt":{"rendered":"<p>Die PR100 Kollektion bietet klassische Quarz-Chronographen, die in einer breiten Farbpalette erh\u00e4ltlich sind, um zu jedem Stil zu passen. Diese 36 mm Version des PR100 Chrono kombiniert auf subtile Weise sportliche Ausstrahlung mit zeitgen\u00f6ssischer Eleganz. Ausgestattet mit dem Quarzchronographenwerk G15.212 bietet sie eine zuverl\u00e4ssige Pr\u00e4zision und Robustheit, die f\u00fcr den t\u00e4glichen Gebrauch ideal ist. Die &#8230; <a title=\"Tissot PR 100 Chronograph 36mm\" class=\"read-more\" href=\"https:\/\/lediamant.ch\/de\/uhren\/229522-tissot-pr-100-chronograph-36mm-t1502171111100\/\" aria-label=\"Mehr Informationen \u00fcber Tissot PR 100 Chronograph 36mm\">Weiterlesen &#8230;<\/a><\/p>\n","protected":false},"featured_media":229516,"template":"","meta":{"_acf_changed":false,"_seopress_robots_primary_cat":"27159","_seopress_titles_title":"","_seopress_titles_desc":"","_seopress_robots_index":"","_seopress_analysis_target_kw":""},"brand":[27087],"product_brand":[],"product_cat":[27159,27245,27513,27123],"product_tag":[],"class_list":{"0":"post-229522","1":"product","2":"type-product","3":"status-publish","4":"has-post-thumbnail","6":"brand-tissot-de","7":"product_cat-tissot-de","8":"product_cat-tissot-classic","9":"product_cat-tissot-pr100","10":"product_cat-uhren","11":"pa_couleurduboitier-grau-de","12":"pa_couleurdubracelet-grau-de","13":"pa_couleurducadran-perlmutt","14":"pa_dimensions-36-mm","15":"pa_etancheite-100m-de","16":"pa_forme-runden","17":"pa_garantie-24monate","18":"pa_genre-frau","19":"pa_matiere-stahl","20":"pa_matierebraceletmontre-edelstahl","21":"pa_modele-de-mouvement-g15-212","22":"pa_mouvement-quarzbatterie-de","23":"pa_swissmade-ja-de","24":"pa_typedemontre-chronograph-de","25":"pa_verre-saphir-de","26":"sales-flash-overlay","27":"woocommerce-text-align-center","28":"woocommerce-image-align-center","29":"do-quantity-buttons","31":"first","32":"instock","33":"taxable","34":"shipping-taxable","35":"purchasable","36":"product-type-simple"},"acf":[],"_links":{"self":[{"href":"https:\/\/lediamant.ch\/de\/wp-json\/wp\/v2\/product\/229522","targetHints":{"allow":["GET"]}}],"collection":[{"href":"https:\/\/lediamant.ch\/de\/wp-json\/wp\/v2\/product"}],"about":[{"href":"https:\/\/lediamant.ch\/de\/wp-json\/wp\/v2\/types\/product"}],"wp:featuredmedia":[{"embeddable":true,"href":"https:\/\/lediamant.ch\/de\/wp-json\/wp\/v2\/media\/229516"}],"wp:attachment":[{"href":"https:\/\/lediamant.ch\/de\/wp-json\/wp\/v2\/media?parent=229522"}],"wp:term":[{"taxonomy":"brand","embeddable":true,"href":"https:\/\/lediamant.ch\/de\/wp-json\/wp\/v2\/brand?post=229522"},{"taxonomy":"product_brand","embeddable":true,"href":"https:\/\/lediamant.ch\/de\/wp-json\/wp\/v2\/product_brand?post=229522"},{"taxonomy":"product_cat","embeddable":true,"href":"https:\/\/lediamant.ch\/de\/wp-json\/wp\/v2\/product_cat?post=229522"},{"taxonomy":"product_tag","embeddable":true,"href":"https:\/\/lediamant.ch\/de\/wp-json\/wp\/v2\/product_tag?post=229522"}],"curies":[{"name":"wp","href":"https:\/\/api.w.org\/{rel}","templated":true}]}}