{"id":229525,"date":"2026-05-15T15:57:31","date_gmt":"2026-05-15T13:57:31","guid":{"rendered":"https:\/\/lediamant.ch\/produit\/unkategorisiert\/tissot-pr-100-chronograph-36mm-2\/"},"modified":"2026-05-15T18:23:29","modified_gmt":"2026-05-15T16:23:29","slug":"tissot-pr-100-chronograph-36mm-2","status":"publish","type":"product","link":"https:\/\/lediamant.ch\/de\/uhren\/229525-tissot-pr-100-chronograph-36mm-t1502172211100\/","title":{"rendered":"Tissot PR 100 Chronograph 36mm"},"content":{"rendered":"<p>Die PR100-Kollektion umfasst klassische Quarz-Chronographen, die in einer Vielzahl von Farben erh\u00e4ltlich sind, um zu jedem Stil zu passen. Die neue 36 mm Version vereint sportlichen Geist und zeitgen\u00f6ssische Eleganz auf raffinierte Weise. Ausgestattet mit dem Quarzchronographenwerk G15.212 bietet sie eine zuverl\u00e4ssige Pr\u00e4zision und Robustheit f\u00fcr den Alltag. Die Wasserdichtigkeit bis 10 bar (100 m \/ 330 Fu\u00df) macht sie zum idealen Begleiter f\u00fcr einen dynamischen Lebensstil, w\u00e4hrend die mit Super-LumiNova\u00ae beschichteten Zeiger auch bei schlechten Lichtverh\u00e4ltnissen eine optimale Ablesbarkeit gew\u00e4hrleisten. Mit dem Tissot Armband-Schnellwechselsystem wird die Personalisierung der Uhr einfach und intuitiv. Eine gro\u00dfe Auswahl an kompatiblen Armb\u00e4ndern erm\u00f6glicht es Ihnen, Ihren Stil je nach Anlass oder Stimmung anzupassen. Diese Version zeichnet sich durch ein wei\u00dfes Perlmuttzifferblatt aus, das mit einem Edelstahlarmband kombiniert und durch eine ros\u00e9goldene PVD-Beschichtung auf dem Geh\u00e4use und dem Armband veredelt wird, um einen zarten, raffinierten und femininen Touch zu erhalten.<\/p>\n","protected":false},"excerpt":{"rendered":"<p>Die PR100-Kollektion umfasst klassische Quarz-Chronographen, die in einer Vielzahl von Farben erh\u00e4ltlich sind, um zu jedem Stil zu passen. Die neue 36 mm Version vereint sportlichen Geist und zeitgen\u00f6ssische Eleganz auf raffinierte Weise. Ausgestattet mit dem Quarzchronographenwerk G15.212 bietet sie eine zuverl\u00e4ssige Pr\u00e4zision und Robustheit f\u00fcr den Alltag. Die Wasserdichtigkeit bis 10 bar (100 m &#8230; <a title=\"Tissot PR 100 Chronograph 36mm\" class=\"read-more\" href=\"https:\/\/lediamant.ch\/de\/uhren\/229525-tissot-pr-100-chronograph-36mm-t1502172211100\/\" aria-label=\"Mehr Informationen \u00fcber Tissot PR 100 Chronograph 36mm\">Weiterlesen &#8230;<\/a><\/p>\n","protected":false},"featured_media":229526,"template":"","meta":{"_acf_changed":false,"_seopress_robots_primary_cat":"27159","_seopress_titles_title":"","_seopress_titles_desc":"","_seopress_robots_index":"","_seopress_analysis_target_kw":""},"brand":[27087],"product_brand":[],"product_cat":[27159,27245,27513,27123],"product_tag":[],"class_list":{"0":"post-229525","1":"product","2":"type-product","3":"status-publish","4":"has-post-thumbnail","6":"brand-tissot-de","7":"product_cat-tissot-de","8":"product_cat-tissot-classic","9":"product_cat-tissot-pr100","10":"product_cat-uhren","11":"pa_couleurduboitier-zweifarbig-de","12":"pa_couleurdubracelet-bicolor","13":"pa_couleurducadran-perlmutt","14":"pa_dimensions-36-mm","15":"pa_etancheite-100m-de","16":"pa_forme-runden","17":"pa_garantie-24monate","18":"pa_genre-frau","19":"pa_matiere-zweifarbig-stahl-pvd-rotgold-2","20":"pa_matierebraceletmontre-edelstahl","21":"pa_modele-de-mouvement-g15-212","22":"pa_mouvement-quarzbatterie-de","23":"pa_swissmade-ja-de","24":"pa_typedemontre-chronograph-de","25":"pa_verre-saphir-de","26":"sales-flash-overlay","27":"woocommerce-text-align-center","28":"woocommerce-image-align-center","29":"do-quantity-buttons","31":"first","32":"instock","33":"taxable","34":"shipping-taxable","35":"purchasable","36":"product-type-simple"},"acf":[],"_links":{"self":[{"href":"https:\/\/lediamant.ch\/de\/wp-json\/wp\/v2\/product\/229525","targetHints":{"allow":["GET"]}}],"collection":[{"href":"https:\/\/lediamant.ch\/de\/wp-json\/wp\/v2\/product"}],"about":[{"href":"https:\/\/lediamant.ch\/de\/wp-json\/wp\/v2\/types\/product"}],"wp:featuredmedia":[{"embeddable":true,"href":"https:\/\/lediamant.ch\/de\/wp-json\/wp\/v2\/media\/229526"}],"wp:attachment":[{"href":"https:\/\/lediamant.ch\/de\/wp-json\/wp\/v2\/media?parent=229525"}],"wp:term":[{"taxonomy":"brand","embeddable":true,"href":"https:\/\/lediamant.ch\/de\/wp-json\/wp\/v2\/brand?post=229525"},{"taxonomy":"product_brand","embeddable":true,"href":"https:\/\/lediamant.ch\/de\/wp-json\/wp\/v2\/product_brand?post=229525"},{"taxonomy":"product_cat","embeddable":true,"href":"https:\/\/lediamant.ch\/de\/wp-json\/wp\/v2\/product_cat?post=229525"},{"taxonomy":"product_tag","embeddable":true,"href":"https:\/\/lediamant.ch\/de\/wp-json\/wp\/v2\/product_tag?post=229525"}],"curies":[{"name":"wp","href":"https:\/\/api.w.org\/{rel}","templated":true}]}}