{"id":229537,"date":"2026-05-15T15:57:05","date_gmt":"2026-05-15T13:57:05","guid":{"rendered":"https:\/\/lediamant.ch\/produit\/unkategorisiert\/tissot-pr-100-34mm-10\/"},"modified":"2026-05-15T18:31:44","modified_gmt":"2026-05-15T16:31:44","slug":"tissot-pr-100-34mm-10","status":"publish","type":"product","link":"https:\/\/lediamant.ch\/de\/uhren\/229537-tissot-pr-100-34mm-t1502101703700\/","title":{"rendered":"Tissot PR 100 34mm"},"content":{"rendered":"<div id=\"collapseOne\" class=\"collapse show\" role=\"region\" aria-labelledby=\"headingOne\" data-parent=\"#accordionContainer\">\n<div class=\"ti-fs-14 mt-10 mb-24 pr-lg-30 ti-pdp-details-content\">Die neue PR100 34 mm wurde f\u00fcr Radsportfans entworfen und zeichnet sich durch ihre einzigartigen Details aus, die an die Welt der Zweir\u00e4der erinnern. Sowohl der Geh\u00e4useboden als auch die L\u00fcnette sind fein mit Motiven von Radfahrern graviert, was der Uhr eine starke und authentische visuelle Signatur verleiht. Das schlichte graue Zifferblatt, kombiniert mit einem zweifarbigen Textilarmband in Wei\u00df und Beige, verleiht der Uhr einen vielseitigen Stil, der sich zu jedem Anlass tragen l\u00e4sst. Das zuverl\u00e4ssige und robuste Quarzwerk garantiert eine tadellose Pr\u00e4zision im Alltag. Diese Uhr ist wasserdicht bis 10 bar (100 m) und begleitet Sie bei allen Aktivit\u00e4ten, w\u00e4hrend die mit Super-LumiNova\u00ae beschichteten Zeiger auch bei schlechten Lichtverh\u00e4ltnissen eine hervorragende Ablesbarkeit gew\u00e4hrleisten. Dank des Tissot Armband-Schnellwechselsystems ist es sehr einfach, die Uhr zu personalisieren. Eine gro\u00dfe Auswahl an kompatiblen Armb\u00e4ndern erm\u00f6glicht es, den Stil der Uhr je nach Stimmung oder Anlass anzupassen.<\/div>\n<\/div>\n","protected":false},"excerpt":{"rendered":"<p>Die neue PR100 34 mm wurde f\u00fcr Radsportfans entworfen und zeichnet sich durch ihre einzigartigen Details aus, die an die Welt der Zweir\u00e4der erinnern. Sowohl der Geh\u00e4useboden als auch die L\u00fcnette sind fein mit Motiven von Radfahrern graviert, was der Uhr eine starke und authentische visuelle Signatur verleiht. Das schlichte graue Zifferblatt, kombiniert mit einem &#8230; <a title=\"Tissot PR 100 34mm\" class=\"read-more\" href=\"https:\/\/lediamant.ch\/de\/uhren\/229537-tissot-pr-100-34mm-t1502101703700\/\" aria-label=\"Mehr Informationen \u00fcber Tissot PR 100 34mm\">Weiterlesen &#8230;<\/a><\/p>\n","protected":false},"featured_media":229530,"template":"","meta":{"_acf_changed":false,"_seopress_robots_primary_cat":"27159","_seopress_titles_title":"","_seopress_titles_desc":"","_seopress_robots_index":"","_seopress_analysis_target_kw":""},"brand":[27087],"product_brand":[],"product_cat":[27159,27245,27513,27123],"product_tag":[],"class_list":{"0":"post-229537","1":"product","2":"type-product","3":"status-publish","4":"has-post-thumbnail","6":"brand-tissot-de","7":"product_cat-tissot-de","8":"product_cat-tissot-classic","9":"product_cat-tissot-pr100","10":"product_cat-uhren","11":"pa_couleurduboitier-grau-de","12":"pa_couleurdubracelet-grau-de","13":"pa_couleurducadran-grau","14":"pa_dimensions-34-mm","15":"pa_etancheite-100m-de","16":"pa_forme-runden","17":"pa_garantie-24monate","18":"pa_genre-frau","19":"pa_matiere-stahl","20":"pa_matierebraceletmontre-textil-de","21":"pa_modele-de-mouvement-f05-115","22":"pa_mouvement-quarzbatterie-de","23":"pa_swissmade-ja-de","24":"pa_verre-saphir-de","25":"sales-flash-overlay","26":"woocommerce-text-align-center","27":"woocommerce-image-align-center","28":"do-quantity-buttons","30":"first","31":"instock","32":"taxable","33":"shipping-taxable","34":"purchasable","35":"product-type-simple"},"acf":[],"_links":{"self":[{"href":"https:\/\/lediamant.ch\/de\/wp-json\/wp\/v2\/product\/229537","targetHints":{"allow":["GET"]}}],"collection":[{"href":"https:\/\/lediamant.ch\/de\/wp-json\/wp\/v2\/product"}],"about":[{"href":"https:\/\/lediamant.ch\/de\/wp-json\/wp\/v2\/types\/product"}],"wp:featuredmedia":[{"embeddable":true,"href":"https:\/\/lediamant.ch\/de\/wp-json\/wp\/v2\/media\/229530"}],"wp:attachment":[{"href":"https:\/\/lediamant.ch\/de\/wp-json\/wp\/v2\/media?parent=229537"}],"wp:term":[{"taxonomy":"brand","embeddable":true,"href":"https:\/\/lediamant.ch\/de\/wp-json\/wp\/v2\/brand?post=229537"},{"taxonomy":"product_brand","embeddable":true,"href":"https:\/\/lediamant.ch\/de\/wp-json\/wp\/v2\/product_brand?post=229537"},{"taxonomy":"product_cat","embeddable":true,"href":"https:\/\/lediamant.ch\/de\/wp-json\/wp\/v2\/product_cat?post=229537"},{"taxonomy":"product_tag","embeddable":true,"href":"https:\/\/lediamant.ch\/de\/wp-json\/wp\/v2\/product_tag?post=229537"}],"curies":[{"name":"wp","href":"https:\/\/api.w.org\/{rel}","templated":true}]}}