{"id":229641,"date":"2026-03-16T10:30:19","date_gmt":"2026-03-16T09:30:19","guid":{"rendered":"https:\/\/lediamant.ch\/produit\/unkategorisiert\/hamilton-jazzmaster-open-heart-auto-42mm-5\/"},"modified":"2026-05-16T11:38:49","modified_gmt":"2026-05-16T09:38:49","slug":"hamilton-jazzmaster-open-heart-auto-42mm-5","status":"publish","type":"product","link":"https:\/\/lediamant.ch\/de\/uhren\/229641-hamilton-jazzmaster-open-heart-auto-42mm-h32705180\/","title":{"rendered":"Hamilton Jazzmaster Open Heart Auto 42mm"},"content":{"rendered":"<p>Die Jazzmaster Open Heart 42 mm in zeitlosem Silber verleiht Ihrem Handgelenk einen raffinierten Touch. Das sonnengeb\u00fcrstete Zifferblatt und die rauchfarbenen Details umrahmen das charakteristische offene Design, w\u00e4hrend ein geb\u00fcrstetes Edelstahlarmband den letzten Schliff verleiht. Eine klassische Abenduhr, die Charme mit moderner Pr\u00e4zision verbindet.<\/p>\n","protected":false},"excerpt":{"rendered":"<p>Die Jazzmaster Open Heart 42 mm in zeitlosem Silber verleiht Ihrem Handgelenk einen raffinierten Touch. Das sonnengeb\u00fcrstete Zifferblatt und die rauchfarbenen Details umrahmen das charakteristische offene Design, w\u00e4hrend ein geb\u00fcrstetes Edelstahlarmband den letzten Schliff verleiht. Eine klassische Abenduhr, die Charme mit moderner Pr\u00e4zision verbindet.<\/p>\n","protected":false},"featured_media":229642,"template":"","meta":{"_acf_changed":false,"_seopress_robots_primary_cat":"27181","_seopress_titles_title":"","_seopress_titles_desc":"","_seopress_robots_index":"","_seopress_analysis_target_kw":""},"brand":[27085],"product_brand":[],"product_cat":[27123,27181,27243],"product_tag":[],"class_list":{"0":"post-229641","1":"product","2":"type-product","3":"status-publish","4":"has-post-thumbnail","6":"brand-hamilton-de","7":"product_cat-uhren","8":"product_cat-hamilton-de","9":"product_cat-jazzmaster-de","10":"pa_couleurduboitier-grau-de","11":"pa_couleurdubracelet-grau-de","12":"pa_couleurducadran-silber","13":"pa_dimensions-42-cm","14":"pa_etancheite-50m-de","15":"pa_forme-runden","16":"pa_garantie-24monate","17":"pa_genre-mann","18":"pa_matiere-stahl","19":"pa_matierebraceletmontre-edelstahl","20":"pa_modele-de-mouvement-h-10-de","21":"pa_mouvement-automatik-de","22":"pa_option-boitier-transparenter-hintergrund","23":"pa_swissmade-ja-de","24":"pa_typedemontre-skelettuhren","25":"pa_verre-saphir-de","26":"sales-flash-overlay","27":"woocommerce-text-align-center","28":"woocommerce-image-align-center","29":"do-quantity-buttons","31":"first","32":"instock","33":"taxable","34":"shipping-taxable","35":"purchasable","36":"product-type-simple"},"acf":[],"_links":{"self":[{"href":"https:\/\/lediamant.ch\/de\/wp-json\/wp\/v2\/product\/229641","targetHints":{"allow":["GET"]}}],"collection":[{"href":"https:\/\/lediamant.ch\/de\/wp-json\/wp\/v2\/product"}],"about":[{"href":"https:\/\/lediamant.ch\/de\/wp-json\/wp\/v2\/types\/product"}],"wp:featuredmedia":[{"embeddable":true,"href":"https:\/\/lediamant.ch\/de\/wp-json\/wp\/v2\/media\/229642"}],"wp:attachment":[{"href":"https:\/\/lediamant.ch\/de\/wp-json\/wp\/v2\/media?parent=229641"}],"wp:term":[{"taxonomy":"brand","embeddable":true,"href":"https:\/\/lediamant.ch\/de\/wp-json\/wp\/v2\/brand?post=229641"},{"taxonomy":"product_brand","embeddable":true,"href":"https:\/\/lediamant.ch\/de\/wp-json\/wp\/v2\/product_brand?post=229641"},{"taxonomy":"product_cat","embeddable":true,"href":"https:\/\/lediamant.ch\/de\/wp-json\/wp\/v2\/product_cat?post=229641"},{"taxonomy":"product_tag","embeddable":true,"href":"https:\/\/lediamant.ch\/de\/wp-json\/wp\/v2\/product_tag?post=229641"}],"curies":[{"name":"wp","href":"https:\/\/api.w.org\/{rel}","templated":true}]}}