{"id":229661,"date":"2026-02-16T10:51:57","date_gmt":"2026-02-16T09:51:57","guid":{"rendered":"https:\/\/lediamant.ch\/produit\/unkategorisiert\/aerowatch-streamline-quartz-39mm\/"},"modified":"2026-05-16T12:21:34","modified_gmt":"2026-05-16T10:21:34","slug":"aerowatch-streamline-quartz-39mm","status":"publish","type":"product","link":"https:\/\/lediamant.ch\/de\/produit\/uhren\/aerowatch-de\/streamline-de\/aerowatch-streamline-quartz-39mm\/","title":{"rendered":"Aerowatch Streamline Quartz 39mm"},"content":{"rendered":"<p>Unterstreichen Sie Ihren Stil mit dieser Uhr, die Dynamik und Eleganz vereint. Diese Version der Aerowatch Streamline besticht durch ihre kraftvolle \u00c4sthetik und die unverwechselbare Tonneau-Form (39 x 37,50 mm), die am Handgelenk sofort auff\u00e4llt. Das tiefschwarze Zifferblatt, das von einer feinen, wellenf\u00f6rmigen Guillochierung durchzogen ist, ist der eigentliche Blickfang. Die gro\u00dfen, gew\u00f6lbten Ziffern in hellem Mintgr\u00fcn stechen perfekt hervor und sorgen f\u00fcr eine hervorragende Ablesbarkeit bei Tag und Nacht. Das schwarze Lederarmband nimmt die dunkle Eleganz des Zifferblatts auf und rundet das Gesamtbild ab. Ein Zeitmesser f\u00fcr Pers\u00f6nlichkeiten, die das Besondere sch\u00e4tzen und einen Begleiter suchen, der Sportlichkeit mit klassischem Chic verbindet.<\/p>\n","protected":false},"excerpt":{"rendered":"<p>Unterstreichen Sie Ihren Stil mit dieser Uhr, die Dynamik und Eleganz vereint. Diese Version der Aerowatch Streamline besticht durch ihre kraftvolle \u00c4sthetik und die unverwechselbare Tonneau-Form (39 x 37,50 mm), die am Handgelenk sofort auff\u00e4llt. Das tiefschwarze Zifferblatt, das von einer feinen, wellenf\u00f6rmigen Guillochierung durchzogen ist, ist der eigentliche Blickfang. Die gro\u00dfen, gew\u00f6lbten Ziffern in &#8230; <a title=\"Aerowatch Streamline Quartz 39mm\" class=\"read-more\" href=\"https:\/\/lediamant.ch\/de\/produit\/uhren\/aerowatch-de\/streamline-de\/aerowatch-streamline-quartz-39mm\/\" aria-label=\"Mehr Informationen \u00fcber Aerowatch Streamline Quartz 39mm\">Weiterlesen &#8230;<\/a><\/p>\n","protected":false},"featured_media":229664,"template":"","meta":{"_acf_changed":false,"_seopress_robots_primary_cat":"27167","_seopress_titles_title":"","_seopress_titles_desc":"","_seopress_robots_index":"","_seopress_analysis_target_kw":""},"brand":[27081],"product_brand":[],"product_cat":[27167,27303,27123],"product_tag":[],"class_list":{"0":"post-229661","1":"product","2":"type-product","3":"status-publish","4":"has-post-thumbnail","6":"brand-aerowatch-de","7":"product_cat-aerowatch-de","8":"product_cat-streamline-de","9":"product_cat-uhren","10":"pa_couleurduboitier-grau-de","11":"pa_couleurdubracelet-schwarz-de","12":"pa_couleurducadran-schwarz","13":"pa_dimensions-39-x-375-mm","14":"pa_etancheite-50m-de","15":"pa_forme-fass-de","16":"pa_garantie-24monate","17":"pa_genre-frau","18":"pa_genre-mann","19":"pa_matiere-stahl","20":"pa_matierebraceletmontre-leder","21":"pa_mouvement-quarzbatterie-de","22":"pa_swissmade-ja-de","23":"pa_verre-saphir-de","24":"sales-flash-overlay","25":"woocommerce-text-align-center","26":"woocommerce-image-align-center","27":"do-quantity-buttons","29":"first","30":"instock","31":"taxable","32":"shipping-taxable","33":"purchasable","34":"product-type-simple"},"acf":[],"_links":{"self":[{"href":"https:\/\/lediamant.ch\/de\/wp-json\/wp\/v2\/product\/229661","targetHints":{"allow":["GET"]}}],"collection":[{"href":"https:\/\/lediamant.ch\/de\/wp-json\/wp\/v2\/product"}],"about":[{"href":"https:\/\/lediamant.ch\/de\/wp-json\/wp\/v2\/types\/product"}],"wp:featuredmedia":[{"embeddable":true,"href":"https:\/\/lediamant.ch\/de\/wp-json\/wp\/v2\/media\/229664"}],"wp:attachment":[{"href":"https:\/\/lediamant.ch\/de\/wp-json\/wp\/v2\/media?parent=229661"}],"wp:term":[{"taxonomy":"brand","embeddable":true,"href":"https:\/\/lediamant.ch\/de\/wp-json\/wp\/v2\/brand?post=229661"},{"taxonomy":"product_brand","embeddable":true,"href":"https:\/\/lediamant.ch\/de\/wp-json\/wp\/v2\/product_brand?post=229661"},{"taxonomy":"product_cat","embeddable":true,"href":"https:\/\/lediamant.ch\/de\/wp-json\/wp\/v2\/product_cat?post=229661"},{"taxonomy":"product_tag","embeddable":true,"href":"https:\/\/lediamant.ch\/de\/wp-json\/wp\/v2\/product_tag?post=229661"}],"curies":[{"name":"wp","href":"https:\/\/api.w.org\/{rel}","templated":true}]}}