{"id":229676,"date":"2026-02-16T10:53:52","date_gmt":"2026-02-16T09:53:52","guid":{"rendered":"https:\/\/lediamant.ch\/produit\/unkategorisiert\/aerowatch-harmonie-lady-moon-phase-frosted-35mm\/"},"modified":"2026-05-16T13:58:58","modified_gmt":"2026-05-16T11:58:58","slug":"aerowatch-harmonie-lady-moon-phase-frosted-35mm","status":"publish","type":"product","link":"https:\/\/lediamant.ch\/de\/uhren\/229676-aerowatch-harmonie-lady-moon-phase-frosted-a-43107-aa02-fro-m\/","title":{"rendered":"Aerowatch Harmonie Lady Moon Phase Frosted 35mm"},"content":{"rendered":"<p>Stellen Sie sich vor, Sie tragen ein glitzerndes Fragment des Universums, eingefasst in feinstem Frost. Die Aerowatch Harmonie Frosted ist eine faszinierende Symbiose aus Textur und Tiefe.<br \/>\nDas Geh\u00e4use und das Gliederarmband (35 mm) bestechen durch das charakteristische &#8222;Frosted&#8220;-Finish. Diese mikroskopische Struktur l\u00e4sst den Edelstahl wie gefrorenen Diamantenstaub glitzern und verleiht der Uhr eine einzigartige Haptik. Dieser k\u00fchle Rahmen setzt das Zifferblatt perfekt in Szene: Der tiefblaue Aventurineffekt erscheint wie eine eigene kleine Galaxie, die mit funkelnden Punkten \u00fcbers\u00e4t ist. In Kombination mit der Mondphasenanzeige ergibt sich ein Zeitmesser von fast mystischer Sch\u00f6nheit - ein luxuri\u00f6ses Statement f\u00fcr Frauen, die das Geheimnisvolle lieben.<\/p>\n","protected":false},"excerpt":{"rendered":"<p>Stellen Sie sich vor, Sie tragen ein glitzerndes Fragment des Universums, eingefasst in feinstem Frost. Die Aerowatch Harmonie Frosted ist eine faszinierende Symbiose aus Textur und Tiefe. Das Geh\u00e4use und das Gliederarmband (35 mm) bestechen durch das charakteristische &#8222;Frosted&#8220;-Finish. Diese mikroskopische Struktur l\u00e4sst den Edelstahl wie gefrorenen Diamantenstaub glitzern und verleiht der Uhr eine einzigartige &#8230; <a title=\"Aerowatch Harmonie Lady Moon Phase Frosted 35mm\" class=\"read-more\" href=\"https:\/\/lediamant.ch\/de\/uhren\/229676-aerowatch-harmonie-lady-moon-phase-frosted-a-43107-aa02-fro-m\/\" aria-label=\"Mehr Informationen \u00fcber Aerowatch Harmonie Lady Moon Phase Frosted 35mm\">Weiterlesen &#8230;<\/a><\/p>\n","protected":false},"featured_media":229678,"template":"","meta":{"_acf_changed":false,"_seopress_robots_primary_cat":"27167","_seopress_titles_title":"","_seopress_titles_desc":"","_seopress_robots_index":"","_seopress_analysis_target_kw":""},"brand":[27081],"product_brand":[],"product_cat":[27167,42100,27123],"product_tag":[],"class_list":{"0":"post-229676","1":"product","2":"type-product","3":"status-publish","4":"has-post-thumbnail","6":"brand-aerowatch-de","7":"product_cat-aerowatch-de","8":"product_cat-harmonie-de","9":"product_cat-uhren","10":"pa_couleurduboitier-grau-de","11":"pa_couleurdubracelet-grau-de","12":"pa_couleurducadran-blau","13":"pa_dimensions-10-2-mm","14":"pa_etancheite-50m-de","15":"pa_forme-runden","16":"pa_garantie-24monate","17":"pa_genre-frau","18":"pa_matiere-stahl","19":"pa_matierebraceletmontre-edelstahl","20":"pa_mouvement-quarzbatterie-de","21":"pa_swissmade-ja-de","22":"pa_verre-saphir-de","23":"sales-flash-overlay","24":"woocommerce-text-align-center","25":"woocommerce-image-align-center","26":"do-quantity-buttons","28":"first","29":"instock","30":"taxable","31":"shipping-taxable","32":"purchasable","33":"product-type-simple"},"acf":[],"_links":{"self":[{"href":"https:\/\/lediamant.ch\/de\/wp-json\/wp\/v2\/product\/229676","targetHints":{"allow":["GET"]}}],"collection":[{"href":"https:\/\/lediamant.ch\/de\/wp-json\/wp\/v2\/product"}],"about":[{"href":"https:\/\/lediamant.ch\/de\/wp-json\/wp\/v2\/types\/product"}],"wp:featuredmedia":[{"embeddable":true,"href":"https:\/\/lediamant.ch\/de\/wp-json\/wp\/v2\/media\/229678"}],"wp:attachment":[{"href":"https:\/\/lediamant.ch\/de\/wp-json\/wp\/v2\/media?parent=229676"}],"wp:term":[{"taxonomy":"brand","embeddable":true,"href":"https:\/\/lediamant.ch\/de\/wp-json\/wp\/v2\/brand?post=229676"},{"taxonomy":"product_brand","embeddable":true,"href":"https:\/\/lediamant.ch\/de\/wp-json\/wp\/v2\/product_brand?post=229676"},{"taxonomy":"product_cat","embeddable":true,"href":"https:\/\/lediamant.ch\/de\/wp-json\/wp\/v2\/product_cat?post=229676"},{"taxonomy":"product_tag","embeddable":true,"href":"https:\/\/lediamant.ch\/de\/wp-json\/wp\/v2\/product_tag?post=229676"}],"curies":[{"name":"wp","href":"https:\/\/api.w.org\/{rel}","templated":true}]}}