{"id":229680,"date":"2026-03-02T14:01:06","date_gmt":"2026-03-02T13:01:06","guid":{"rendered":"https:\/\/lediamant.ch\/?post_type=product&#038;p=229680"},"modified":"2026-05-16T14:08:28","modified_gmt":"2026-05-16T12:08:28","slug":"aerowatch-harmonie-lady-moon-phase-frosted-35mm-2","status":"publish","type":"product","link":"https:\/\/lediamant.ch\/de\/produit\/montres\/aerowatch\/aerowatch-harmonie-lady-moon-phase-frosted-35mm-2\/","title":{"rendered":"Aerowatch Harmonie Lady Moon Phase Frosted 35mm"},"content":{"rendered":"<p>Erleben Sie die Magie einer ganz besonderen Textur. Die Aerowatch Harmonie Frosted zieht mit ihrer au\u00dfergew\u00f6hnlichen Verarbeitung alle Blicke auf sich: Das Geh\u00e4use und das Gliederarmband sind mit einer feinen Struktur versehen, die an glitzernden Frost oder Diamantenstaub erinnert. Dieser kalte und mystische Glanz verleiht dem Edelstahl eine unglaubliche Tiefe und Haptik. Er bildet den perfekten Rahmen f\u00fcr das weiche Perlmuttzifferblatt, auf dem die romantische Mondphasenanzeige und 8 funkelnde Labordiamanten um die Wette strahlen.   <\/p>\n","protected":false},"excerpt":{"rendered":"<p>Erleben Sie die Magie einer ganz besonderen Textur. Die Aerowatch Harmonie Frosted zieht mit ihrer au\u00dfergew\u00f6hnlichen Verarbeitung alle Blicke auf sich: Das Geh\u00e4use und das Gliederarmband sind mit einer feinen Struktur versehen, die an glitzernden Frost oder Diamantenstaub erinnert. Dieser kalte und mystische Glanz verleiht dem Edelstahl eine unglaubliche Tiefe und Haptik. Er bildet den &#8230; <a title=\"Aerowatch Harmonie Lady Moon Phase Frosted 35mm\" class=\"read-more\" href=\"https:\/\/lediamant.ch\/de\/produit\/montres\/aerowatch\/aerowatch-harmonie-lady-moon-phase-frosted-35mm-2\/\" aria-label=\"Mehr Informationen \u00fcber Aerowatch Harmonie Lady Moon Phase Frosted 35mm\">Weiterlesen &#8230;<\/a><\/p>\n","protected":false},"featured_media":229682,"template":"","meta":{"_acf_changed":false,"_seopress_robots_primary_cat":"27166","_seopress_titles_title":"","_seopress_titles_desc":"","_seopress_robots_index":"","_seopress_analysis_target_kw":""},"brand":[27081],"product_brand":[],"product_cat":[27167,42100,27123],"product_tag":[],"class_list":{"0":"post-229680","1":"product","2":"type-product","3":"status-publish","4":"has-post-thumbnail","6":"brand-aerowatch-de","7":"product_cat-aerowatch-de","8":"product_cat-harmonie-de","9":"product_cat-uhren","10":"pa_couleurduboitier-grau-de","11":"pa_couleurdubracelet-grau-de","12":"pa_couleurducadran-perlmutt","13":"pa_detail-de-s-pierres-s-8-diamanten-0064-ct-labor","14":"pa_dimensions-10-2-mm","15":"pa_etancheite-50m-de","16":"pa_forme-runden","17":"pa_garantie-24monate","18":"pa_genre-frau","19":"pa_matiere-stahl","20":"pa_matierebraceletmontre-edelstahl","21":"pa_mouvement-quarzbatterie-de","22":"pa_swissmade-ja-de","23":"pa_verre-saphir-de","24":"sales-flash-overlay","25":"woocommerce-text-align-center","26":"woocommerce-image-align-center","27":"do-quantity-buttons","29":"first","30":"instock","31":"taxable","32":"shipping-taxable","33":"purchasable","34":"product-type-simple"},"acf":[],"_links":{"self":[{"href":"https:\/\/lediamant.ch\/de\/wp-json\/wp\/v2\/product\/229680","targetHints":{"allow":["GET"]}}],"collection":[{"href":"https:\/\/lediamant.ch\/de\/wp-json\/wp\/v2\/product"}],"about":[{"href":"https:\/\/lediamant.ch\/de\/wp-json\/wp\/v2\/types\/product"}],"wp:featuredmedia":[{"embeddable":true,"href":"https:\/\/lediamant.ch\/de\/wp-json\/wp\/v2\/media\/229682"}],"wp:attachment":[{"href":"https:\/\/lediamant.ch\/de\/wp-json\/wp\/v2\/media?parent=229680"}],"wp:term":[{"taxonomy":"brand","embeddable":true,"href":"https:\/\/lediamant.ch\/de\/wp-json\/wp\/v2\/brand?post=229680"},{"taxonomy":"product_brand","embeddable":true,"href":"https:\/\/lediamant.ch\/de\/wp-json\/wp\/v2\/product_brand?post=229680"},{"taxonomy":"product_cat","embeddable":true,"href":"https:\/\/lediamant.ch\/de\/wp-json\/wp\/v2\/product_cat?post=229680"},{"taxonomy":"product_tag","embeddable":true,"href":"https:\/\/lediamant.ch\/de\/wp-json\/wp\/v2\/product_tag?post=229680"}],"curies":[{"name":"wp","href":"https:\/\/api.w.org\/{rel}","templated":true}]}}