{"id":229686,"date":"2024-09-16T10:54:45","date_gmt":"2024-09-16T08:54:45","guid":{"rendered":"https:\/\/lediamant.ch\/produit\/unkategorisiert\/aerowatch-streamline-lady-moon-phase-quartz\/"},"modified":"2026-05-16T14:36:06","modified_gmt":"2026-05-16T12:36:06","slug":"aerowatch-streamline-lady-moon-phase-quartz","status":"publish","type":"product","link":"https:\/\/lediamant.ch\/de\/uhren\/229686-aerowatch-streamline-lady-moon-phase-quartz-a-43958-aa11\/","title":{"rendered":"Aerowatch Streamline Lady Moon Phase Quartz"},"content":{"rendered":"<p>Die Aerowatch Streamline beweist eindrucksvoll, dass Schwarz und Wei\u00df die fesselndste Farbkombination ist. Das dynamisch geschwungene Tonneau-Geh\u00e4use (35 x 37 mm) umrahmt ein Zifferblatt, dessen wellenf\u00f6rmiges Guilloche-Muster eine fast hypnotische Tiefe verleiht.<\/p>\n<p>Die gro\u00dfen, tiefschwarzen, gew\u00f6lbten Ziffern verleihen dem Ganzen eine klare, moderne \u00c4sthetik und eine ausgezeichnete Ablesbarkeit. Die wahre Magie findet jedoch bei 6 Uhr statt: eine filigrane Mondphasenanzeige durchbricht die grafische Strenge und verleiht einen Hauch klassischer Romantik.<\/p>\n","protected":false},"excerpt":{"rendered":"<p>Die Aerowatch Streamline beweist eindrucksvoll, dass Schwarz und Wei\u00df die fesselndste Farbkombination ist. Das dynamisch geschwungene Tonneau-Geh\u00e4use (35 x 37 mm) umrahmt ein Zifferblatt, dessen wellenf\u00f6rmiges Guilloche-Muster eine fast hypnotische Tiefe verleiht. Die gro\u00dfen, tiefschwarzen, gew\u00f6lbten Ziffern verleihen dem Ganzen eine klare, moderne \u00c4sthetik und eine ausgezeichnete Ablesbarkeit. Die wahre Magie findet jedoch bei 6 &#8230; <a title=\"Aerowatch Streamline Lady Moon Phase Quartz\" class=\"read-more\" href=\"https:\/\/lediamant.ch\/de\/uhren\/229686-aerowatch-streamline-lady-moon-phase-quartz-a-43958-aa11\/\" aria-label=\"Mehr Informationen \u00fcber Aerowatch Streamline Lady Moon Phase Quartz\">Weiterlesen &#8230;<\/a><\/p>\n","protected":false},"featured_media":229690,"template":"","meta":{"_acf_changed":false,"_seopress_robots_primary_cat":"27167","_seopress_titles_title":"","_seopress_titles_desc":"","_seopress_robots_index":"","_seopress_analysis_target_kw":""},"brand":[27081],"product_brand":[],"product_cat":[27167,27303,27123],"product_tag":[],"class_list":{"0":"post-229686","1":"product","2":"type-product","3":"status-publish","4":"has-post-thumbnail","6":"brand-aerowatch-de","7":"product_cat-aerowatch-de","8":"product_cat-streamline-de","9":"product_cat-uhren","10":"pa_couleurduboitier-grau-de","11":"pa_couleurdubracelet-schwarz-de","12":"pa_couleurducadran-silber","13":"pa_dimensions-35-x-37-mm","14":"pa_etancheite-50m-de","15":"pa_forme-fass-de","16":"pa_garantie-24monate","17":"pa_genre-frau","18":"pa_matiere-stahl","19":"pa_matierebraceletmontre-leder","20":"pa_mouvement-quarzbatterie-de","21":"pa_swissmade-ja-de","22":"pa_typedemontre-uhrenmitmondanzeige","23":"pa_verre-saphir-de","24":"sales-flash-overlay","25":"woocommerce-text-align-center","26":"woocommerce-image-align-center","27":"do-quantity-buttons","29":"first","30":"instock","31":"taxable","32":"shipping-taxable","33":"purchasable","34":"product-type-simple"},"acf":[],"_links":{"self":[{"href":"https:\/\/lediamant.ch\/de\/wp-json\/wp\/v2\/product\/229686","targetHints":{"allow":["GET"]}}],"collection":[{"href":"https:\/\/lediamant.ch\/de\/wp-json\/wp\/v2\/product"}],"about":[{"href":"https:\/\/lediamant.ch\/de\/wp-json\/wp\/v2\/types\/product"}],"wp:featuredmedia":[{"embeddable":true,"href":"https:\/\/lediamant.ch\/de\/wp-json\/wp\/v2\/media\/229690"}],"wp:attachment":[{"href":"https:\/\/lediamant.ch\/de\/wp-json\/wp\/v2\/media?parent=229686"}],"wp:term":[{"taxonomy":"brand","embeddable":true,"href":"https:\/\/lediamant.ch\/de\/wp-json\/wp\/v2\/brand?post=229686"},{"taxonomy":"product_brand","embeddable":true,"href":"https:\/\/lediamant.ch\/de\/wp-json\/wp\/v2\/product_brand?post=229686"},{"taxonomy":"product_cat","embeddable":true,"href":"https:\/\/lediamant.ch\/de\/wp-json\/wp\/v2\/product_cat?post=229686"},{"taxonomy":"product_tag","embeddable":true,"href":"https:\/\/lediamant.ch\/de\/wp-json\/wp\/v2\/product_tag?post=229686"}],"curies":[{"name":"wp","href":"https:\/\/api.w.org\/{rel}","templated":true}]}}