{"id":229693,"date":"2026-02-03T14:38:59","date_gmt":"2026-02-03T13:38:59","guid":{"rendered":"https:\/\/lediamant.ch\/?post_type=product&#038;p=229693"},"modified":"2026-05-16T14:45:02","modified_gmt":"2026-05-16T12:45:02","slug":"aerowatch-streamline-lady-moon-phase-quartz-2","status":"publish","type":"product","link":"https:\/\/lediamant.ch\/de\/uhren\/229693-aerowatch-streamline-lady-moon-phase-quartz-2-a-43958-ro11\/","title":{"rendered":"Aerowatch Streamline Lady Moon Phase Quartz"},"content":{"rendered":"<p>Frische und luxuri\u00f6se W\u00e4rme, eine perfekte Balance. Diese Aerowatch Streamline Uhr ist sehr sch\u00f6n mit ihren Pastellfarben. Das Geh\u00e4use (35 x 37 mm) ist aus Ros\u00e9gold und das Lederarmband ist wei\u00df. Die gro\u00dfen, tiefschwarzen, gew\u00f6lbten Ziffern verleihen dem Ganzen eine klare und moderne \u00c4sthetik und eine ausgezeichnete Ablesbarkeit. Die wahre Magie findet jedoch bei 6 Uhr statt: eine filigrane Mondphasenanzeige durchbricht die strenge Grafik und verleiht einen Hauch von klassischer Romantik.    <\/p>\n","protected":false},"excerpt":{"rendered":"<p>Frische und luxuri\u00f6se W\u00e4rme, eine perfekte Balance. Diese Aerowatch Streamline Uhr ist sehr sch\u00f6n mit ihren Pastellfarben. Das Geh\u00e4use (35 x 37 mm) ist aus Ros\u00e9gold und das Lederarmband ist wei\u00df. Die gro\u00dfen, tiefschwarzen, gew\u00f6lbten Ziffern verleihen dem Ganzen eine klare und moderne \u00c4sthetik und eine ausgezeichnete Ablesbarkeit. Die wahre Magie findet jedoch bei 6 &#8230; <a title=\"Aerowatch Streamline Lady Moon Phase Quartz\" class=\"read-more\" href=\"https:\/\/lediamant.ch\/de\/uhren\/229693-aerowatch-streamline-lady-moon-phase-quartz-2-a-43958-ro11\/\" aria-label=\"Mehr Informationen \u00fcber Aerowatch Streamline Lady Moon Phase Quartz\">Weiterlesen &#8230;<\/a><\/p>\n","protected":false},"featured_media":229695,"template":"","meta":{"_acf_changed":false,"_seopress_robots_primary_cat":"27166","_seopress_titles_title":"","_seopress_titles_desc":"","_seopress_robots_index":"","_seopress_analysis_target_kw":""},"brand":[27081],"product_brand":[],"product_cat":[27167,27303,27123],"product_tag":[],"class_list":{"0":"post-229693","1":"product","2":"type-product","3":"status-publish","4":"has-post-thumbnail","6":"brand-aerowatch-de","7":"product_cat-aerowatch-de","8":"product_cat-streamline-de","9":"product_cat-uhren","10":"pa_couleurduboitier-pinkrosa-de","11":"pa_couleurdubracelet-weiss-de","12":"pa_couleurducadran-silber","13":"pa_dimensions-35-x-37-mm","14":"pa_etancheite-50m-de","15":"pa_forme-fass-de","16":"pa_garantie-24monate","17":"pa_genre-frau","18":"pa_matiere-rosegoldpvd","19":"pa_matierebraceletmontre-leder","20":"pa_mouvement-quarzbatterie-de","21":"pa_swissmade-ja-de","22":"pa_typedemontre-uhrenmitmondanzeige","23":"pa_verre-saphir-de","24":"sales-flash-overlay","25":"woocommerce-text-align-center","26":"woocommerce-image-align-center","27":"do-quantity-buttons","29":"first","30":"instock","31":"taxable","32":"shipping-taxable","33":"purchasable","34":"product-type-simple"},"acf":[],"_links":{"self":[{"href":"https:\/\/lediamant.ch\/de\/wp-json\/wp\/v2\/product\/229693","targetHints":{"allow":["GET"]}}],"collection":[{"href":"https:\/\/lediamant.ch\/de\/wp-json\/wp\/v2\/product"}],"about":[{"href":"https:\/\/lediamant.ch\/de\/wp-json\/wp\/v2\/types\/product"}],"wp:featuredmedia":[{"embeddable":true,"href":"https:\/\/lediamant.ch\/de\/wp-json\/wp\/v2\/media\/229695"}],"wp:attachment":[{"href":"https:\/\/lediamant.ch\/de\/wp-json\/wp\/v2\/media?parent=229693"}],"wp:term":[{"taxonomy":"brand","embeddable":true,"href":"https:\/\/lediamant.ch\/de\/wp-json\/wp\/v2\/brand?post=229693"},{"taxonomy":"product_brand","embeddable":true,"href":"https:\/\/lediamant.ch\/de\/wp-json\/wp\/v2\/product_brand?post=229693"},{"taxonomy":"product_cat","embeddable":true,"href":"https:\/\/lediamant.ch\/de\/wp-json\/wp\/v2\/product_cat?post=229693"},{"taxonomy":"product_tag","embeddable":true,"href":"https:\/\/lediamant.ch\/de\/wp-json\/wp\/v2\/product_tag?post=229693"}],"curies":[{"name":"wp","href":"https:\/\/api.w.org\/{rel}","templated":true}]}}