{"id":229698,"date":"2026-05-16T10:56:11","date_gmt":"2026-05-16T08:56:11","guid":{"rendered":"https:\/\/lediamant.ch\/produit\/unkategorisiert\/aerowatch-streamline-automatic-noir\/"},"modified":"2026-05-16T14:57:49","modified_gmt":"2026-05-16T12:57:49","slug":"aerowatch-streamline-automatic-noir","status":"publish","type":"product","link":"https:\/\/lediamant.ch\/de\/uhren\/229698-aerowatch-streamline-automatic-noir-a-60959-aa10\/","title":{"rendered":"Aerowatch Streamline Automatic Schwarz"},"content":{"rendered":"<p>Diese Aerowatch &#8222;Streamline&#8220; ist mehr als nur ein Design-Statement - sie ist ein Konzentrat aus mechanischer Kraft f\u00fcr Ihr Handgelenk. Das markante, geschwungene Tonneau-Geh\u00e4use (39 x 37,50 mm) beherbergt das ber\u00fchmte Schweizer Automatikkaliber Sellita SW200-1. Es nutzt die Energie Ihrer Bewegungen und bietet eine Gangreserve von 38 Stunden.  <\/p>\n<p>Optisch weist die Uhr eine energische und reine \u00c4sthetik auf, die sich durch ein tiefschwarzes Zifferblatt mit einer wellenf\u00f6rmigen Guillochierung auszeichnet, die einen starken Kontrast zu den gro\u00dfen mintgr\u00fcnen Leuchtziffern bildet. Diese Produkte bieten ein sportliches und unverwechselbares Design und gew\u00e4hrleisten auch bei schlechten Lichtverh\u00e4ltnissen eine optimale Sichtbarkeit. Dieser Luxus-Zeitmesser mit einem eleganten schwarzen Lederarmband verbindet technische Raffinesse und zeitgen\u00f6ssische \u00c4sthetik auf brillante Weise.  <\/p>\n","protected":false},"excerpt":{"rendered":"<p>Diese Aerowatch &#8222;Streamline&#8220; ist mehr als nur ein Design-Statement - sie ist ein Konzentrat aus mechanischer Kraft f\u00fcr Ihr Handgelenk. Das markante, geschwungene Tonneau-Geh\u00e4use (39 x 37,50 mm) beherbergt das ber\u00fchmte Schweizer Automatikkaliber Sellita SW200-1. Es nutzt die Energie Ihrer Bewegungen und bietet eine Gangreserve von 38 Stunden. Optisch weist die Uhr eine energische und &#8230; <a title=\"Aerowatch Streamline Automatic Schwarz\" class=\"read-more\" href=\"https:\/\/lediamant.ch\/de\/uhren\/229698-aerowatch-streamline-automatic-noir-a-60959-aa10\/\" aria-label=\"Mehr Informationen \u00fcber Aerowatch Streamline Automatic Schwarz\">Weiterlesen &#8230;<\/a><\/p>\n","protected":false},"featured_media":229701,"template":"","meta":{"_acf_changed":false,"_seopress_robots_primary_cat":"27166","_seopress_titles_title":"","_seopress_titles_desc":"","_seopress_robots_index":"","_seopress_analysis_target_kw":""},"brand":[27081],"product_brand":[],"product_cat":[27167,27303,27123],"product_tag":[],"class_list":{"0":"post-229698","1":"product","2":"type-product","3":"status-publish","4":"has-post-thumbnail","6":"brand-aerowatch-de","7":"product_cat-aerowatch-de","8":"product_cat-streamline-de","9":"product_cat-uhren","10":"pa_couleurduboitier-grau-de","11":"pa_couleurdubracelet-schwarz-de","12":"pa_couleurducadran-schwarz","13":"pa_dimensions-39-mm-x-37-5-mm","14":"pa_etancheite-50m-de","15":"pa_forme-fass-de","16":"pa_garantie-24monate","17":"pa_genre-mann","18":"pa_matiere-stahl","19":"pa_matierebraceletmontre-leder","20":"pa_modele-de-mouvement-sellita-sw200-de","21":"pa_mouvement-automatik-de","22":"pa_swissmade-ja-de","23":"pa_verre-saphir-de","24":"sales-flash-overlay","25":"woocommerce-text-align-center","26":"woocommerce-image-align-center","27":"do-quantity-buttons","29":"first","30":"instock","31":"taxable","32":"shipping-taxable","33":"purchasable","34":"product-type-simple"},"acf":[],"_links":{"self":[{"href":"https:\/\/lediamant.ch\/de\/wp-json\/wp\/v2\/product\/229698","targetHints":{"allow":["GET"]}}],"collection":[{"href":"https:\/\/lediamant.ch\/de\/wp-json\/wp\/v2\/product"}],"about":[{"href":"https:\/\/lediamant.ch\/de\/wp-json\/wp\/v2\/types\/product"}],"wp:featuredmedia":[{"embeddable":true,"href":"https:\/\/lediamant.ch\/de\/wp-json\/wp\/v2\/media\/229701"}],"wp:attachment":[{"href":"https:\/\/lediamant.ch\/de\/wp-json\/wp\/v2\/media?parent=229698"}],"wp:term":[{"taxonomy":"brand","embeddable":true,"href":"https:\/\/lediamant.ch\/de\/wp-json\/wp\/v2\/brand?post=229698"},{"taxonomy":"product_brand","embeddable":true,"href":"https:\/\/lediamant.ch\/de\/wp-json\/wp\/v2\/product_brand?post=229698"},{"taxonomy":"product_cat","embeddable":true,"href":"https:\/\/lediamant.ch\/de\/wp-json\/wp\/v2\/product_cat?post=229698"},{"taxonomy":"product_tag","embeddable":true,"href":"https:\/\/lediamant.ch\/de\/wp-json\/wp\/v2\/product_tag?post=229698"}],"curies":[{"name":"wp","href":"https:\/\/api.w.org\/{rel}","templated":true}]}}