{"id":229749,"date":"2026-05-16T11:00:11","date_gmt":"2026-05-16T09:00:11","guid":{"rendered":"https:\/\/lediamant.ch\/produit\/unkategorisiert\/aerowatch-renaissance-skeleton-lady-diamonds-bleu\/"},"modified":"2026-05-16T16:30:26","modified_gmt":"2026-05-16T14:30:26","slug":"aerowatch-renaissance-skeleton-lady-diamonds-bleu","status":"publish","type":"product","link":"https:\/\/lediamant.ch\/de\/uhren\/229749-aerowatch-renaissance-skeleton-lady-diamonds-bleu-a-57981-aa26-dia\/","title":{"rendered":"Aerowatch Renaissance Skeleton Lady Diamonds Blau"},"content":{"rendered":"<p>Es ist eine Erfahrung, die dazu einl\u00e4dt, die faszinierende Leichtigkeit technischer Perfektion zu genie\u00dfen. Diese Version der Aerowatch Renaissance zeichnet sich durch eine sommerliche \u00c4sthetik und eine ausgekl\u00fcgelte Mechanik aus.<\/p>\n<p>Die Armbanduhr, um die es hier geht, hat eine L\u00fcnette, die mit 68 funkelnden Labordiamanten verziert ist. Diese Diamanten heben das Zifferblatt hervor und lenken den Blick auf das Herz der Uhr, das vollst\u00e4ndig skelettierte Handaufzugskaliber Unitas 6498-1. Der faszinierende Blick auf das R\u00e4derwerk und die Federn wird hier mit einer spielerischen Leichtigkeit umrahmt. Zarte hellblaue Akzente auf dem Stundenring und dem perfekt passenden Lederarmband tragen dazu bei, das markante 43 mm Geh\u00e4use optisch zu erleichtern.<\/p>\n<p>Klassisch gebl\u00e4ute Zeiger vervollst\u00e4ndigen das harmonische Bild. Dies ist ein Zeitmesser f\u00fcr ein erleuchtetes Publikum von Liebhabern, die traditionelle Uhrmacherkunst sch\u00e4tzen, diese aber mit einem Hauch von luxuri\u00f6ser Unbeschwertheit tragen m\u00f6chten.<\/p>\n","protected":false},"excerpt":{"rendered":"<p>Es ist eine Erfahrung, die dazu einl\u00e4dt, die faszinierende Leichtigkeit technischer Perfektion zu genie\u00dfen. Diese Version der Aerowatch Renaissance zeichnet sich durch eine sommerliche \u00c4sthetik und eine ausgekl\u00fcgelte Mechanik aus. Die Armbanduhr, um die es hier geht, hat eine L\u00fcnette, die mit 68 funkelnden Labordiamanten verziert ist. Diese Diamanten heben das Zifferblatt hervor und lenken &#8230; <a title=\"Aerowatch Renaissance Skeleton Lady Diamonds Blau\" class=\"read-more\" href=\"https:\/\/lediamant.ch\/de\/uhren\/229749-aerowatch-renaissance-skeleton-lady-diamonds-bleu-a-57981-aa26-dia\/\" aria-label=\"Mehr Informationen \u00fcber Aerowatch Renaissance Skeleton Lady Diamonds Blau\">Weiterlesen &#8230;<\/a><\/p>\n","protected":false},"featured_media":229754,"template":"","meta":{"_acf_changed":false,"_seopress_robots_primary_cat":"27167","_seopress_titles_title":"","_seopress_titles_desc":"","_seopress_robots_index":"","_seopress_analysis_target_kw":""},"brand":[27081],"product_brand":[],"product_cat":[27167,27321,27123],"product_tag":[],"class_list":{"0":"post-229749","1":"product","2":"type-product","3":"status-publish","4":"has-post-thumbnail","6":"brand-aerowatch-de","7":"product_cat-aerowatch-de","8":"product_cat-renaissance-de","9":"product_cat-uhren","10":"pa_couleurduboitier-grau-de","11":"pa_couleurdubracelet-blau-de","12":"pa_couleurducadran-blau","13":"pa_detail-de-s-pierres-s-68-diamanten-098-ct-labor","14":"pa_dimensions-o-43-00mm","15":"pa_etancheite-50m-de","16":"pa_forme-runden","17":"pa_garantie-24monate","18":"pa_genre-frau","19":"pa_matiere-stahl","20":"pa_matierebraceletmontre-leder","21":"pa_modele-de-mouvement-eta-unitas-6498-1-de","22":"pa_mouvement-mechanik","23":"pa_option-boitier-transparenter-hintergrund","24":"pa_swissmade-ja-de","25":"pa_typedemontre-skelettuhren","26":"pa_verre-saphir-de","27":"sales-flash-overlay","28":"woocommerce-text-align-center","29":"woocommerce-image-align-center","30":"do-quantity-buttons","32":"first","33":"instock","34":"taxable","35":"shipping-taxable","36":"purchasable","37":"product-type-simple"},"acf":[],"_links":{"self":[{"href":"https:\/\/lediamant.ch\/de\/wp-json\/wp\/v2\/product\/229749","targetHints":{"allow":["GET"]}}],"collection":[{"href":"https:\/\/lediamant.ch\/de\/wp-json\/wp\/v2\/product"}],"about":[{"href":"https:\/\/lediamant.ch\/de\/wp-json\/wp\/v2\/types\/product"}],"wp:featuredmedia":[{"embeddable":true,"href":"https:\/\/lediamant.ch\/de\/wp-json\/wp\/v2\/media\/229754"}],"wp:attachment":[{"href":"https:\/\/lediamant.ch\/de\/wp-json\/wp\/v2\/media?parent=229749"}],"wp:term":[{"taxonomy":"brand","embeddable":true,"href":"https:\/\/lediamant.ch\/de\/wp-json\/wp\/v2\/brand?post=229749"},{"taxonomy":"product_brand","embeddable":true,"href":"https:\/\/lediamant.ch\/de\/wp-json\/wp\/v2\/product_brand?post=229749"},{"taxonomy":"product_cat","embeddable":true,"href":"https:\/\/lediamant.ch\/de\/wp-json\/wp\/v2\/product_cat?post=229749"},{"taxonomy":"product_tag","embeddable":true,"href":"https:\/\/lediamant.ch\/de\/wp-json\/wp\/v2\/product_tag?post=229749"}],"curies":[{"name":"wp","href":"https:\/\/api.w.org\/{rel}","templated":true}]}}